{"id":117592,"date":"2021-10-07T00:00:00","date_gmt":"2021-10-07T05:00:00","guid":{"rendered":"https:\/\/gpl-love.com\/es\/?post_type=product&#038;p=117592"},"modified":"2026-03-09T07:47:52","modified_gmt":"2026-03-09T12:47:52","slug":"mainwp-broken-links-checker","status":"publish","type":"product","link":"https:\/\/gpl-love.com\/es\/producto\/mainwp-broken-links-checker\/","title":{"rendered":"MainWP Broken Links Checker 4.0"},"content":{"rendered":"<h3>MainWP Broken Links Checker Caracteristicas<\/h3>\n<p>Mainwp Broken Links Checker es una herramienta incre\u00edblemente robusta que ha sido dise\u00f1ada espec\u00edficamente para ayudar a los propietarios de sitios web a identificar y rectificar los enlaces rotos que pueden existir en sus sitios de WordPress. A trav\u00e9s de la utilizaci\u00f3n de este complemento sobresaliente, los usuarios pueden llevar a cabo escaneos exhaustivos de sus sitios web de manera efectiva y eficiente para localizar cualquier enlace que conduzca a p\u00e1ginas o recursos que ya no existan. Al finalizar el escaneo, los usuarios reciben informes detallados que describen los enlaces rotos espec\u00edficos que se identificaron. La belleza de este complemento se encuentra dentro de su interfaz f\u00e1cil de usar, lo que garantiza que las personas de todos los antecedentes t\u00e9cnicos puedan navegar y utilizar f\u00e1cilmente la herramienta con su m\u00e1ximo potencial. Adem\u00e1s, el comprobante de enlaces rotos de MainWP va m\u00e1s all\u00e1 al ofrecer una caracter\u00edstica automatizada que es capaz de arreglar autom\u00e1ticamente los enlaces rotos redirigi\u00e9ndolos a sus contrapartes apropiadas y funcionales. Esta notable capacidad indudablemente ahorra a los propietarios del sitio web una inmensa cantidad de tiempo y esfuerzo que de otro modo se gastar\u00eda en arreglar manualmente cada enlace roto. Para mejorar a\u00fan m\u00e1s las cosas, este complemento se integra sin problemas con WordPress, solidificando as\u00ed su estado como una herramienta indispensable para las personas que se dedican a mantener un sitio web que es vibrante y completamente funcional.<\/p>\n<ul>\n<li>Escanea todo su sitio web para enlaces rotos y proporciona un informe detallado de cada enlace roto encontrado<\/li>\n<li>Le permite arreglar f\u00e1cilmente los enlaces rotos directamente desde el informe, ahorr\u00e1ndole tiempo y esfuerzo<\/li>\n<li>Puede detectar enlaces rotos en publicaciones, p\u00e1ginas, comentarios, campos personalizados y m\u00e1s<\/li>\n<li>Proporciona opciones para excluir p\u00e1ginas o dominios espec\u00edficos del escaneo<\/li>\n<li>Programe autom\u00e1ticamente escaneos regulares para garantizar que su sitio web permanezca libre de enlaces rotos<\/li>\n<li>Lo alerta de manera proactiva por correo electr\u00f3nico o holgura cada vez que se detecta un nuevo enlace roto, por lo que puede tomar medidas r\u00e1pidamente<\/li>\n<li>Se puede integrar sin problemas con su tablero de MainWP, brind\u00e1ndole una vista unificada de la salud de su sitio web<\/li>\n<li>Dise\u00f1ado para ser liviano y r\u00e1pido, por lo que no ralentizar\u00e1 el rendimiento de su sitio web<\/li>\n<li>F\u00e1cil de usar y f\u00e1cil de configurar y usar, incluso para principiantes<\/li>\n<li>Ofrece una excelente atenci\u00f3n al cliente y actualizaciones peri\u00f3dicas para garantizar que su sitio web siempre est\u00e9 protegido contra enlaces rotos.<\/li>\n<\/ul>\n","protected":false},"excerpt":{"rendered":"<p>Mainwp Broken Links Checker es una herramienta incre\u00edblemente robusta y altamente eficiente que ha sido meticulosamente elaborada espec\u00edficamente para los propietarios de sitios web de WordPress con el \u00fanico prop\u00f3sito de ayudarlos a identificar de inmediato y sin esfuerzo cualquier enlace roto que pueda existir a lo largo de toda su variedad de sitios. Esta herramienta fenomenal realiza un escaneo extenso y exhaustivo de todos sus sitios web, analizando diligentemente cada enlace, y posteriormente genera un informe incre\u00edblemente completo y detallado que destaca e ilumina meticulosamente los enlaces exactos que necesitan una gran necesidad de atenci\u00f3n y fijaci\u00f3n. Al utilizar esta herramienta excepcional, no solo ahorrar\u00e1 sustancialmente una gran cantidad de tiempo valioso, sino que tambi\u00e9n mejorar\u00e1 y elevar\u00e1 significativamente la optimizaci\u00f3n general del motor de b\u00fasqueda (SEO) de su estimado sitio web, lo que le otorg\u00f3 ventajas y beneficios inconmensurables. Adem\u00e1s de eso, la funcionalidad impecable y la interfaz intuitivamente f\u00e1cil de navegar del Checker de enlaces roto MainWP consolidan su estado como un activo indispensable y fundamental para cualquier propietario de un sitio web exigente.<\/p>\n","protected":false},"featured_media":166658,"comment_status":"open","ping_status":"open","template":"","meta":[],"product_brand":[2491],"product_cat":[1212,1206,1211],"product_tag":[1324],"class_list":{"0":"post-117592","1":"product","2":"type-product","3":"status-publish","4":"has-post-thumbnail","6":"product_brand-main-wp","7":"product_cat-administracion-wordpress-plugins","8":"product_cat-plugins","9":"product_cat-wordpress-plugins","10":"product_tag-main-wp","11":"member-discount","12":"discount-restricted","14":"first","15":"instock","16":"sale","17":"downloadable","18":"virtual","19":"sold-individually","20":"purchasable","21":"product-type-simple"},"_links":{"self":[{"href":"https:\/\/gpl-love.com\/es\/wp-json\/wp\/v2\/product\/117592","targetHints":{"allow":["GET"]}}],"collection":[{"href":"https:\/\/gpl-love.com\/es\/wp-json\/wp\/v2\/product"}],"about":[{"href":"https:\/\/gpl-love.com\/es\/wp-json\/wp\/v2\/types\/product"}],"replies":[{"embeddable":true,"href":"https:\/\/gpl-love.com\/es\/wp-json\/wp\/v2\/comments?post=117592"}],"wp:featuredmedia":[{"embeddable":true,"href":"https:\/\/gpl-love.com\/es\/wp-json\/wp\/v2\/media\/166658"}],"wp:attachment":[{"href":"https:\/\/gpl-love.com\/es\/wp-json\/wp\/v2\/media?parent=117592"}],"wp:term":[{"taxonomy":"product_brand","embeddable":true,"href":"https:\/\/gpl-love.com\/es\/wp-json\/wp\/v2\/product_brand?post=117592"},{"taxonomy":"product_cat","embeddable":true,"href":"https:\/\/gpl-love.com\/es\/wp-json\/wp\/v2\/product_cat?post=117592"},{"taxonomy":"product_tag","embeddable":true,"href":"https:\/\/gpl-love.com\/es\/wp-json\/wp\/v2\/product_tag?post=117592"}],"curies":[{"name":"wp","href":"https:\/\/api.w.org\/{rel}","templated":true}]}}