{"id":117590,"date":"2026-03-06T00:00:00","date_gmt":"2026-03-06T05:00:00","guid":{"rendered":"https:\/\/gpl-love.com\/es\/?post_type=product&#038;p=117590"},"modified":"2026-03-09T07:47:51","modified_gmt":"2026-03-09T12:47:51","slug":"mainwp-branding","status":"publish","type":"product","link":"https:\/\/gpl-love.com\/es\/producto\/mainwp-branding\/","title":{"rendered":"MainWP Branding 5.0.3"},"content":{"rendered":"<h3>MainWP Branding Caracteristicas<\/h3>\n<p>MainWP Branding, una herramienta robusta dise\u00f1ada espec\u00edficamente para ayudar a los propietarios de sitios web a personalizar y establecer su identidad de marca distinta dentro de la plataforma de gesti\u00f3n de WordPress, es un recurso invaluable. A trav\u00e9s de la utilizaci\u00f3n de la marca MainWP, los usuarios obtienen la capacidad de adaptar sin esfuerzo la apariencia y el ambiente de su tablero de MainWP y los informes de clientes para alinearse sin problemas con su identidad de marca \u00fanica. Esta herramienta excepcional es particularmente adecuada para las agencias digitales, los desarrolladores web y las personas que buscan presentar una imagen pulida y unificada a su clientela. Con una amplia gama de opciones de personalizaci\u00f3n, incluida la incorporaci\u00f3n de logotipos personalizados, colores, fuentes y m\u00e1s, la marca MainWP proporciona una flexibilidad incomparable. Adem\u00e1s, su interfaz intuitiva lo hace accesible sin esfuerzo, lo que permite a las personas de dominio de dominio t\u00e9cnico variable establecer r\u00e1pidamente una plataforma de gesti\u00f3n de WordPress indeleble y de marca con un esfuerzo m\u00ednimo. En \u00faltima instancia, MainWP Branding es un activo indispensable para aquellos que buscan trascender el status quo y elevar sus esfuerzos de gesti\u00f3n de WordPress a alturas sin precedentes.<\/p>\n<ul>\n<li>Branding personalizado para su tablero MainWP, lo que le permite mostrar su propia marca y estilo<\/li>\n<li>Opciones de etiqueta blanca que eliminan todas las marcas y logotipos de MainWP<\/li>\n<li>Interfaz f\u00e1cil de usar que le permite configurar r\u00e1pidamente sus preferencias de marca<\/li>\n<li>Opciones de marca m\u00faltiples para diferentes cuentas de clientes, con la capacidad de crear una marca \u00fanica para cada una<\/li>\n<li>Integraci\u00f3n perfecta con MainWP, asegurando que su marca siempre est\u00e9 actualizada y consistente<\/li>\n<li>Capacidad para obtener una vista previa de sus cambios de marca en tiempo real antes de aplicarlos<\/li>\n<li>Opciones de personalizaci\u00f3n de marca adicionales, incluida la selecci\u00f3n de fuentes y las opciones de color, para una experiencia verdaderamente personalizada<\/li>\n<li>Opciones de precios flexibles para adaptarse a cualquier presupuesto o tama\u00f1o comercial<\/li>\n<\/ul>\n","protected":false},"excerpt":{"rendered":"<p>El complemento de marca MainWP es una herramienta excepcionalmente robusta que le otorga la capacidad de personalizar la marca de su tablero de gesti\u00f3n de WordPress de acuerdo con sus propias preferencias \u00fanicas, que abarca no solo la integraci\u00f3n del logotipo y el nombre de su empresa, sino tambi\u00e9n varios otros elementos de dise\u00f1o. Al hacerlo, facilita una experiencia perfecta y armoniosa para sus clientes, asegurando que su marca permanezca constantemente mostrada en todos sus sitios web interconectados. A trav\u00e9s de la utilizaci\u00f3n de la marca MainWP, posee la capacidad de establecer una imagen extremadamente profesional y refinada para su negocio, fomentando un sentido de familiaridad y confiabilidad entre sus valiosos clientes.<\/p>\n","protected":false},"featured_media":166657,"comment_status":"open","ping_status":"open","template":"","meta":[],"product_brand":[2491],"product_cat":[1212,1206,1211],"product_tag":[1324],"class_list":{"0":"post-117590","1":"product","2":"type-product","3":"status-publish","4":"has-post-thumbnail","6":"product_brand-main-wp","7":"product_cat-administracion-wordpress-plugins","8":"product_cat-plugins","9":"product_cat-wordpress-plugins","10":"product_tag-main-wp","11":"member-discount","12":"discount-restricted","14":"first","15":"instock","16":"sale","17":"downloadable","18":"virtual","19":"sold-individually","20":"purchasable","21":"product-type-simple"},"_links":{"self":[{"href":"https:\/\/gpl-love.com\/es\/wp-json\/wp\/v2\/product\/117590","targetHints":{"allow":["GET"]}}],"collection":[{"href":"https:\/\/gpl-love.com\/es\/wp-json\/wp\/v2\/product"}],"about":[{"href":"https:\/\/gpl-love.com\/es\/wp-json\/wp\/v2\/types\/product"}],"replies":[{"embeddable":true,"href":"https:\/\/gpl-love.com\/es\/wp-json\/wp\/v2\/comments?post=117590"}],"wp:featuredmedia":[{"embeddable":true,"href":"https:\/\/gpl-love.com\/es\/wp-json\/wp\/v2\/media\/166657"}],"wp:attachment":[{"href":"https:\/\/gpl-love.com\/es\/wp-json\/wp\/v2\/media?parent=117590"}],"wp:term":[{"taxonomy":"product_brand","embeddable":true,"href":"https:\/\/gpl-love.com\/es\/wp-json\/wp\/v2\/product_brand?post=117590"},{"taxonomy":"product_cat","embeddable":true,"href":"https:\/\/gpl-love.com\/es\/wp-json\/wp\/v2\/product_cat?post=117590"},{"taxonomy":"product_tag","embeddable":true,"href":"https:\/\/gpl-love.com\/es\/wp-json\/wp\/v2\/product_tag?post=117590"}],"curies":[{"name":"wp","href":"https:\/\/api.w.org\/{rel}","templated":true}]}}