{"id":117588,"date":"2025-05-01T00:00:00","date_gmt":"2025-05-01T05:00:00","guid":{"rendered":"https:\/\/gpl-love.com\/es\/?post_type=product&#038;p=117588"},"modified":"2026-03-09T07:47:50","modified_gmt":"2026-03-09T12:47:50","slug":"mainwp-boilerplate","status":"publish","type":"product","link":"https:\/\/gpl-love.com\/es\/producto\/mainwp-boilerplate\/","title":{"rendered":"MainWP Boilerplate 5.0.3"},"content":{"rendered":"<h3>MainWP Boilerplate Caracteristicas<\/h3>\n<p>Mainwp Boilerplate es una herramienta incre\u00edblemente robusta y valiosa que simplifica en gran medida la tarea de otro modo de dise\u00f1ar y crear sitios web de WordPress a medida para los desarrolladores. Esta herramienta excepcional optimiza efectivamente todo el proceso de desarrollo al ofrecer un marco predise\u00f1ado que abarca todos los elementos indispensables como temas, complementos y widgets hechos a medida. Una verdadera ventaja que cambia el juego de utilizar la calderera de MainWP es que libera a los desarrolladores de la codificaci\u00f3n tediosamente repetitiva y les otorga la libertad de concentrarse \u00fanicamente en elaborar dise\u00f1os de sitios web \u00fanicos y muy efectivos. En consecuencia, el resultado es un proceso de desarrollo fenomenalmente acelerado y notablemente eficiente que produce constantemente sitios web de WordPress totalmente personalizados y de primer nivel. Independientemente de si posee una amplia experiencia como desarrollador experimentado o si se est\u00e1 embarcando en su viaje de codificaci\u00f3n, la naturaleza incre\u00edblemente f\u00e1cil e intuitiva de MainWP Boilerplate lo convierte en una soluci\u00f3n invaluable, ahorrable y de consumo de recursos.<\/p>\n<ul>\n<li>MainWP Boilerplate es un complemento de WordPress que optimiza el proceso de crear nuevos sitios web.<\/li>\n<li>Incluye plantillas personalizables para p\u00e1ginas, publicaciones y otras secciones importantes de un sitio web.<\/li>\n<li>Los usuarios pueden definir f\u00e1cilmente la configuraci\u00f3n para la optimizaci\u00f3n de motores de b\u00fasqueda, la integraci\u00f3n de las redes sociales y m\u00e1s, ahorrando horas de tiempo de configuraci\u00f3n manual.<\/li>\n<li>El complemento tambi\u00e9n incluye opciones para instalar autom\u00e1ticamente complementos y temas esenciales, as\u00ed como configurar configuraciones comunes de WordPress.<\/li>\n<li>Con MainWP Boilerplate, los desarrolladores y gerentes de sitios pueden crear r\u00e1pida y f\u00e1cilmente nuevos sitios web que est\u00e9n completamente optimizados y listos para el contenido.<\/li>\n<\/ul>\n","protected":false},"excerpt":{"rendered":"<p>Introducir la planta BoilerWP MainWP altamente innovadora y notablemente eficiente, una soluci\u00f3n verdaderamente excepcional que tiene como objetivo racionalizar y mejorar todos los esfuerzos de gesti\u00f3n de sitios web de WordPress. Construida meticulosamente con la intenci\u00f3n espec\u00edfica de atender las necesidades y requisitos de los desarrolladores, esta herramienta inmensamente potente les otorga una base inigualable y resistente sobre la cual pueden construir meticulosamente sus propios complementos y temas de WordPress a medida. Abrazando una base de c\u00f3digo exquisita e impecablemente organizada, Mainwp Boorwp se esfuerza de todo coraz\u00f3n para reducir notablemente los procedimientos de configuraci\u00f3n arduos y agotadores, liberando as\u00ed una abundancia de tiempo valioso que ahora se puede asignar f\u00e1cilmente hacia el TAR de elaborar meticulosamente las sitios de palabras potentes y comprensivas que pueden realmente las sitios de palabras que pueden realmente una presi\u00f3n de palabras potente que puede ser verdaderamente puede Deja una impresi\u00f3n duradera. Independientemente de si es un desarrollador de WordPress experimentado y experimentado con una gran experiencia o un novato ansioso que se embarca en este emocionante y satisfactorio viaje, Mainwp Boilerplate indudablemente sirve como el punto de partida por excelencia para sus pr\u00f3ximos esfuerzos y est\u00e1 impecablemente equipado para propulsar para propulsar Su pr\u00f3ximo proyecto a alturas de \u00e9xito sin precedentes.<\/p>\n","protected":false},"featured_media":166656,"comment_status":"open","ping_status":"open","template":"","meta":[],"product_brand":[2491],"product_cat":[1212,1206,1211],"product_tag":[1324],"class_list":{"0":"post-117588","1":"product","2":"type-product","3":"status-publish","4":"has-post-thumbnail","6":"product_brand-main-wp","7":"product_cat-administracion-wordpress-plugins","8":"product_cat-plugins","9":"product_cat-wordpress-plugins","10":"product_tag-main-wp","11":"member-discount","12":"discount-restricted","14":"first","15":"instock","16":"sale","17":"downloadable","18":"virtual","19":"sold-individually","20":"purchasable","21":"product-type-simple"},"_links":{"self":[{"href":"https:\/\/gpl-love.com\/es\/wp-json\/wp\/v2\/product\/117588","targetHints":{"allow":["GET"]}}],"collection":[{"href":"https:\/\/gpl-love.com\/es\/wp-json\/wp\/v2\/product"}],"about":[{"href":"https:\/\/gpl-love.com\/es\/wp-json\/wp\/v2\/types\/product"}],"replies":[{"embeddable":true,"href":"https:\/\/gpl-love.com\/es\/wp-json\/wp\/v2\/comments?post=117588"}],"wp:featuredmedia":[{"embeddable":true,"href":"https:\/\/gpl-love.com\/es\/wp-json\/wp\/v2\/media\/166656"}],"wp:attachment":[{"href":"https:\/\/gpl-love.com\/es\/wp-json\/wp\/v2\/media?parent=117588"}],"wp:term":[{"taxonomy":"product_brand","embeddable":true,"href":"https:\/\/gpl-love.com\/es\/wp-json\/wp\/v2\/product_brand?post=117588"},{"taxonomy":"product_cat","embeddable":true,"href":"https:\/\/gpl-love.com\/es\/wp-json\/wp\/v2\/product_cat?post=117588"},{"taxonomy":"product_tag","embeddable":true,"href":"https:\/\/gpl-love.com\/es\/wp-json\/wp\/v2\/product_tag?post=117588"}],"curies":[{"name":"wp","href":"https:\/\/api.w.org\/{rel}","templated":true}]}}