{"id":117586,"date":"2025-05-01T00:00:00","date_gmt":"2025-05-01T05:00:00","guid":{"rendered":"https:\/\/gpl-love.com\/es\/?post_type=product&#038;p=117586"},"modified":"2026-03-09T07:47:48","modified_gmt":"2026-03-09T12:47:48","slug":"mainwp-article-uploader","status":"publish","type":"product","link":"https:\/\/gpl-love.com\/es\/producto\/mainwp-article-uploader\/","title":{"rendered":"MainWP Article Uploader 5.0.5"},"content":{"rendered":"<h3>MainWP Article Uploader Caracteristicas<\/h3>\n<p>El porte de art\u00edculos de MainWP es una herramienta inmensamente poderosa que ofrece asistencia perfecta para cargar y publicar art\u00edculos r\u00e1pidos y sin esfuerzo en sus sitios de WordPress. Con una interfaz intuitiva y caracter\u00edsticas f\u00e1ciles de usar, esta notable herramienta le proporciona la mayor comodidad para administrar y publicar su valioso contenido sin encontrar complicaciones innecesarias. El proceso de publicaci\u00f3n de contenido est\u00e1 a la perfecci\u00f3n por este cargador de art\u00edculos, ya que le otorga la capacidad excepcional para cargar m\u00faltiples art\u00edculos de manera simult\u00e1nea y eficiente para programarlos para futuras publicaciones. Atr\u00e1s quedaron los d\u00edas en que tuvo que invertir cantidades significativas de tiempo laboriosamente y programando meticulosamente su contenido, para el cargador de art\u00edculos de Mainwp asume con gracia la responsabilidad de manejar estas tareas en su nombre. Adoptar esta invaluable herramienta le brinda el precioso lujo de ahorrar tiempo, aumentar su productividad y dirigir su atenci\u00f3n indivisa para elaborar un contenido excelente que sin duda cautivar\u00e1 y resonar\u00e1 con su estimada audiencia.<\/p>\n<ul>\n<li>Sube sin esfuerzo art\u00edculos a m\u00faltiples sitios de WordPress a la vez con el cargador de art\u00edculos de Mainwp<\/li>\n<li>Interfaz simple y f\u00e1cil de usar a la que se puede acceder desde su tablero Mainwp<\/li>\n<li>Ahorre tiempo y aumente la productividad eliminando la necesidad de publicar individualmente los art\u00edculos en cada sitio de WordPress<\/li>\n<li>Admite una amplia variedad de tipos de archivos que incluyen documentos HTML, PDF y Microsoft Word<\/li>\n<li>La funci\u00f3n de carga masiva le permite cargar m\u00faltiples art\u00edculos de una vez<\/li>\n<li>Se integra perfectamente con la extensi\u00f3n de contenido de MainWP para administrar el contenido en todos los sitios de WordPress conectados<\/li>\n<li>Programe las subidas de art\u00edculo a su conveniencia, por lo que su contenido siempre se publica a tiempo<\/li>\n<li>La configuraci\u00f3n altamente personalizable le brinda un mayor control sobre el formato de la publicaci\u00f3n, la selecci\u00f3n de im\u00e1genes destacadas y m\u00e1s<\/li>\n<li>Soporte incorporado para m\u00faltiples cuentas de autor, por lo que puede asignar f\u00e1cilmente la autor\u00eda para cada art\u00edculo<\/li>\n<li>Actualizaciones regulares, correcciones de errores y soporte receptivo del equipo de MainWP para garantizar que el complemento funcione sin problemas y eficientemente.<\/li>\n<\/ul>\n","protected":false},"excerpt":{"rendered":"<p>El cargador de art\u00edculos de MainWP, una herramienta extremadamente potente, ha sido dise\u00f1ado por la intenci\u00f3n de optimizar la ardua tarea de cargar art\u00edculos a su estimado sitio de WordPress. Con una variedad de atributos f\u00e1ciles de usar y capacidades de vanguardia, este complemento innovador facilita sin esfuerzo la transferencia perfecta de contenido directamente desde su computadora personal o cualquier recurso virtual. Independientemente de si se identifica como un blogger dedicado o un vendedor digital experimentado, es innegable que el cargador de art\u00edculos de Mainwp reine supremo como la soluci\u00f3n final para administrar y difundir contenido de manera efectiva a trav\u00e9s de su expansiva red de WordPress. Prep\u00e1rese para la oportunidad incomparable de impulsar su sitio web hacia alturas de \u00e9xito sin precedentes, toda cortes\u00eda del notable cargador de art\u00edculos de MainWP.<\/p>\n","protected":false},"featured_media":166655,"comment_status":"open","ping_status":"open","template":"","meta":[],"product_brand":[2491],"product_cat":[1212,1206,1211],"product_tag":[1324],"class_list":{"0":"post-117586","1":"product","2":"type-product","3":"status-publish","4":"has-post-thumbnail","6":"product_brand-main-wp","7":"product_cat-administracion-wordpress-plugins","8":"product_cat-plugins","9":"product_cat-wordpress-plugins","10":"product_tag-main-wp","11":"member-discount","12":"discount-restricted","14":"first","15":"instock","16":"sale","17":"downloadable","18":"virtual","19":"sold-individually","20":"purchasable","21":"product-type-simple"},"_links":{"self":[{"href":"https:\/\/gpl-love.com\/es\/wp-json\/wp\/v2\/product\/117586","targetHints":{"allow":["GET"]}}],"collection":[{"href":"https:\/\/gpl-love.com\/es\/wp-json\/wp\/v2\/product"}],"about":[{"href":"https:\/\/gpl-love.com\/es\/wp-json\/wp\/v2\/types\/product"}],"replies":[{"embeddable":true,"href":"https:\/\/gpl-love.com\/es\/wp-json\/wp\/v2\/comments?post=117586"}],"wp:featuredmedia":[{"embeddable":true,"href":"https:\/\/gpl-love.com\/es\/wp-json\/wp\/v2\/media\/166655"}],"wp:attachment":[{"href":"https:\/\/gpl-love.com\/es\/wp-json\/wp\/v2\/media?parent=117586"}],"wp:term":[{"taxonomy":"product_brand","embeddable":true,"href":"https:\/\/gpl-love.com\/es\/wp-json\/wp\/v2\/product_brand?post=117586"},{"taxonomy":"product_cat","embeddable":true,"href":"https:\/\/gpl-love.com\/es\/wp-json\/wp\/v2\/product_cat?post=117586"},{"taxonomy":"product_tag","embeddable":true,"href":"https:\/\/gpl-love.com\/es\/wp-json\/wp\/v2\/product_tag?post=117586"}],"curies":[{"name":"wp","href":"https:\/\/api.w.org\/{rel}","templated":true}]}}