{"id":117559,"date":"2021-10-06T00:00:00","date_gmt":"2021-10-06T05:00:00","guid":{"rendered":"https:\/\/gpl-love.com\/es\/?post_type=product&#038;p=117559"},"modified":"2026-03-09T07:47:21","modified_gmt":"2026-03-09T12:47:21","slug":"lottier-lottie-animated-images-para-wordpress-editor","status":"publish","type":"product","link":"https:\/\/gpl-love.com\/es\/producto\/lottier-lottie-animated-images-para-wordpress-editor\/","title":{"rendered":"Lottier Lottie Animated Images para WordPress Editor 1.0.4"},"content":{"rendered":"<h3>Lottier Lottie Animated Images para WordPress Editor Caracteristicas<\/h3>\n<p>Las im\u00e1genes animadas Lottier Lottie para WordPress Editor son un instrumento incre\u00edblemente potente que faculta a los usuarios crear animaciones de primer nivel directamente en sus sitios web de WordPress. Esta herramienta notable cuenta con una interfaz intuitiva junto con una extensa colecci\u00f3n de im\u00e1genes animadas previas a la construcci\u00f3n, lo que hace que el proceso de incorporar los efectos visuales cautivadores en su sitio web sea una brisa absoluta, independientemente de su competencia en el dise\u00f1o o la codificaci\u00f3n. Independientemente de si busca dar vida a su logotipo, banner o cualquier otro elemento visual, m\u00e1s lejana supera las expectativas al proporcionar una variedad completa de opciones de personalizaci\u00f3n como velocidad, direcci\u00f3n y color, lo que le brinda la capacidad de las animaciones impresionantes que Armonizar sin problemas con el estilo y el tono distintos de su sitio web. Adem\u00e1s, la naturaleza liviana y la optimizaci\u00f3n de rendimiento de Lottier aseguran que su sitio web permanezca sin obst\u00e1culos por tiempos de carga o retraso. Apelando a los dise\u00f1adores, desarrolladores y propietarios de sitios web por igual, m\u00e1s, m\u00e1s, a quienes anhelan elevar la experiencia del usuario y distinguir su sitio web de las masas.<\/p>\n<ul>\n<li>Las im\u00e1genes animadas de Lottier Lottie son un complemento de WordPress poderoso y vers\u00e1til que le permite agregar f\u00e1cilmente animaciones impresionantes y llamativas a su sitio web.<\/li>\n<li>Con im\u00e1genes animadas m\u00e1s loti m\u00e1s lotianas, puede crear experiencias visuales \u00fanicas y atractivas para sus visitantes, ya sea que desee exhibir su cartera, promocionar sus productos o simplemente entretener y deleitar a su audiencia.<\/li>\n<li>Las im\u00e1genes animadas de Lottier Lottie presentan una interfaz f\u00e1cil e intuitiva que facilita la creaci\u00f3n y personalizaci\u00f3n de las animaciones sin ning\u00fan conocimiento de codificaci\u00f3n o habilidades t\u00e9cnicas requeridas.<\/li>\n<li>El complemento viene con una amplia gama de presets de animaci\u00f3n prefabricados, as\u00ed como un poderoso editor que le permite crear sus propias animaciones personalizadas utilizando el popular formato de animaci\u00f3n Lottie.<\/li>\n<li>Ya sea que est\u00e9 buscando agregar efectos de movimiento sutiles y elegantes o animaciones audaces y din\u00e1micas que llamen la atenci\u00f3n de su audiencia, las im\u00e1genes animadas lottie m\u00e1s locas te tienen cubierto.<\/li>\n<li>El complemento es totalmente receptivo y optimizado para el rendimiento, asegurando que sus animaciones se vean muy bien en cualquier dispositivo y no ralentice su sitio web.<\/li>\n<li>Las im\u00e1genes animadas de Lottier Lottie tambi\u00e9n son totalmente compatibles con los populares constructores y editores de WordPress Page, incluidos Gutenberg, Elementor y Visual Composer, que le brindan la m\u00e1xima flexibilidad y control sobre el dise\u00f1o de su sitio web.<\/li>\n<li>Con su amplia gama de caracter\u00edsticas y capacidades, Lottier Lottie Animated Images es una herramienta imprescindible para cualquier propietario o dise\u00f1ador del sitio web que busque llevar sus im\u00e1genes al siguiente nivel.<\/li>\n<\/ul>\n","protected":false},"excerpt":{"rendered":"<p>Las im\u00e1genes animadas de Lottier Lottie para WordPress Editor es una herramienta indispensable que es absolutamente esencial para las personas que desean personalizar y modificar su sitio de WordPress con animaciones impresionantes e impresionantes. En virtud de su interfaz incre\u00edblemente f\u00e1cil de usar e intuitiva, se puede generar sin esfuerzo im\u00e1genes animadas visualmente cautivadoras y llamativas de atenci\u00f3n que emplean la tecnolog\u00eda de vanguardia de las animaciones de lottie. Se despiden de las im\u00e1genes mundanas y estancadas, y en su lugar adopta el contenido din\u00e1mico y cautivador que cautiva y cautive a sus valiosos visitantes. No importa si eres un desarrollador web consumado o un blogger entusiasta, ya que las im\u00e1genes animadas lottie m\u00e1s lentas sin duda constituyen la adici\u00f3n por excelencia e indispensable a tu arsenal integral de los recursos de WordPress.<\/p>\n","protected":false},"featured_media":166634,"comment_status":"open","ping_status":"open","template":"","meta":[],"product_brand":[2339],"product_cat":[1214,1206,1211],"product_tag":[1256],"class_list":{"0":"post-117559","1":"product","2":"type-product","3":"status-publish","4":"has-post-thumbnail","6":"product_brand-codecanyon","7":"product_cat-personalizacion","8":"product_cat-plugins","9":"product_cat-wordpress-plugins","10":"product_tag-codecanyon","11":"member-discount","12":"discount-restricted","14":"first","15":"instock","16":"sale","17":"downloadable","18":"virtual","19":"sold-individually","20":"purchasable","21":"product-type-simple"},"_links":{"self":[{"href":"https:\/\/gpl-love.com\/es\/wp-json\/wp\/v2\/product\/117559","targetHints":{"allow":["GET"]}}],"collection":[{"href":"https:\/\/gpl-love.com\/es\/wp-json\/wp\/v2\/product"}],"about":[{"href":"https:\/\/gpl-love.com\/es\/wp-json\/wp\/v2\/types\/product"}],"replies":[{"embeddable":true,"href":"https:\/\/gpl-love.com\/es\/wp-json\/wp\/v2\/comments?post=117559"}],"wp:featuredmedia":[{"embeddable":true,"href":"https:\/\/gpl-love.com\/es\/wp-json\/wp\/v2\/media\/166634"}],"wp:attachment":[{"href":"https:\/\/gpl-love.com\/es\/wp-json\/wp\/v2\/media?parent=117559"}],"wp:term":[{"taxonomy":"product_brand","embeddable":true,"href":"https:\/\/gpl-love.com\/es\/wp-json\/wp\/v2\/product_brand?post=117559"},{"taxonomy":"product_cat","embeddable":true,"href":"https:\/\/gpl-love.com\/es\/wp-json\/wp\/v2\/product_cat?post=117559"},{"taxonomy":"product_tag","embeddable":true,"href":"https:\/\/gpl-love.com\/es\/wp-json\/wp\/v2\/product_tag?post=117559"}],"curies":[{"name":"wp","href":"https:\/\/api.w.org\/{rel}","templated":true}]}}