{"id":117557,"date":"2021-10-06T00:00:00","date_gmt":"2021-10-06T05:00:00","guid":{"rendered":"https:\/\/gpl-love.com\/es\/?post_type=product&#038;p=117557"},"modified":"2026-03-09T08:27:02","modified_gmt":"2026-03-09T13:27:02","slug":"woot-woocommerce-products-tables-professional","status":"publish","type":"product","link":"https:\/\/gpl-love.com\/es\/producto\/woot-woocommerce-products-tables-professional\/","title":{"rendered":"WOOT WooCommerce Products Tables Professional 2.0.4"},"content":{"rendered":"<h3>WOOT WooCommerce Products Tables Professional Caracteristicas<\/h3>\n<p>Woot WooCommerce Products Tablas Professional, una herramienta robusta adaptada para propietarios de tiendas en l\u00ednea que aspiran a presentar efectivamente su mercanc\u00eda de manera ordenada y centrada en el usuario, demuestra ser un activo instrumental. Este innovador complemento faculta a los usuarios con la capacidad de generar tablas a medida que exhiben sin esfuerzo las complejidades de productos intr\u00ednsecos, que abarcan detalles vitales como descripciones l\u00facidas, precios razonables y actualizaciones de disponibilidad en tiempo real. La notable versatilidad de estas tablas les permite incorporarse perfectamente en cualquier p\u00e1gina web o publicaci\u00f3n deseada, lo que facilita un esfuerzo de perfil de producto sin esfuerzo para una posible clientela. Adem\u00e1s, este complemento ofrece funcionalidades sofisticadas que incluyen, entre otros, mecanismos de clasificaci\u00f3n integrales, opciones de filtrado pragm\u00e1tico y herramientas de paginaci\u00f3n convenientes. Estas caracter\u00edsticas avanzadas operan sin\u00e9rgicamente para optimizar el proceso de compra general, aumentar la satisfacci\u00f3n del usuario y simplificar la ruta de compra. Con la utilizaci\u00f3n de las tablas de Tablas de productos Woot WooCommerce, los propietarios de tiendas en l\u00ednea pueden cultivar efectivamente un aura de profesionalismo y sofisticaci\u00f3n, reforzando as\u00ed el atractivo est\u00e9tico general de su representaci\u00f3n digital, al tiempo que eleva simult\u00e1neamente la experiencia de compra de su apreciada base de clientes.<\/p>\n<ul>\n<li>Crear tablas de productos personalizables para su tienda WooCommerce<\/li>\n<li>Mostrar informaci\u00f3n del producto de una manera organizada y f\u00e1cil de usar<\/li>\n<li>Agregar y eliminar columnas f\u00e1cilmente de sus tablas<\/li>\n<li>Elija entre m\u00faltiples opciones de dise\u00f1o para que coincida con el tema de su sitio web<\/li>\n<li>Permitir a los clientes comparar productos lado a lado<\/li>\n<li>Habilitar opciones de clasificaci\u00f3n y filtrado para sus tablas<\/li>\n<li>Aumente la tasa de conversi\u00f3n de su tienda proporcionando una visi\u00f3n general clara de sus productos<\/li>\n<li>Disfrute del dise\u00f1o receptivo para dispositivos m\u00f3viles y de tabletas<\/li>\n<li>Reciba actualizaciones gratuitas y atenci\u00f3n al cliente por un a\u00f1o despu\u00e9s de la compra<\/li>\n<li>Ideal para tiendas con grandes cat\u00e1logos de productos o informaci\u00f3n compleja de productos.<\/li>\n<\/ul>\n","protected":false},"excerpt":{"rendered":"<p>El complemento Woot WooCommerce Products Tablas Professional es una herramienta extremadamente potente que le permite fabricar tablas de productos a medida dise\u00f1adas espec\u00edficamente para su estimada tienda de WooCommerce. Con una extensi\u00f3n de una amplia variedad de posibilidades de personalizaci\u00f3n, puede tener en cuenta las mesas de productos sin esfuerzo que armonizan perfectamente con el estilo y la marca distintos de su estimado establecimiento. Adem\u00e1s, este complemento excepcional est\u00e1 equipado con funcionalidades de filtrado y clasificaci\u00f3n de vanguardia, lo que hace que el proceso de localizaci\u00f3n de productos deseados sea una brisa absoluta para su apreciada clientela. Al emplear las capacidades incomparables que ofrece el profesional de las tablas de productos WooT WooCommerce, tiene la capacidad de mejorar la experiencia de compra general en su dominio digital, aumentando as\u00ed significativamente a trav\u00e9s de la presentaci\u00f3n de su apreciaci\u00f3n de una manera impecablemente profesional y sistem\u00e1tica.<\/p>\n","protected":false},"featured_media":168333,"comment_status":"open","ping_status":"open","template":"","meta":[],"product_brand":[2339],"product_cat":[1207,1248,1206],"product_tag":[1256],"class_list":{"0":"post-117557","1":"product","2":"type-product","3":"status-publish","4":"has-post-thumbnail","6":"product_brand-codecanyon","7":"product_cat-comercio-electronico-plugins","8":"product_cat-personalizacion-comercio-electronico-plugins","9":"product_cat-plugins","10":"product_tag-codecanyon","11":"member-discount","12":"discount-restricted","14":"first","15":"instock","16":"sale","17":"downloadable","18":"virtual","19":"sold-individually","20":"purchasable","21":"product-type-simple"},"_links":{"self":[{"href":"https:\/\/gpl-love.com\/es\/wp-json\/wp\/v2\/product\/117557","targetHints":{"allow":["GET"]}}],"collection":[{"href":"https:\/\/gpl-love.com\/es\/wp-json\/wp\/v2\/product"}],"about":[{"href":"https:\/\/gpl-love.com\/es\/wp-json\/wp\/v2\/types\/product"}],"replies":[{"embeddable":true,"href":"https:\/\/gpl-love.com\/es\/wp-json\/wp\/v2\/comments?post=117557"}],"wp:featuredmedia":[{"embeddable":true,"href":"https:\/\/gpl-love.com\/es\/wp-json\/wp\/v2\/media\/168333"}],"wp:attachment":[{"href":"https:\/\/gpl-love.com\/es\/wp-json\/wp\/v2\/media?parent=117557"}],"wp:term":[{"taxonomy":"product_brand","embeddable":true,"href":"https:\/\/gpl-love.com\/es\/wp-json\/wp\/v2\/product_brand?post=117557"},{"taxonomy":"product_cat","embeddable":true,"href":"https:\/\/gpl-love.com\/es\/wp-json\/wp\/v2\/product_cat?post=117557"},{"taxonomy":"product_tag","embeddable":true,"href":"https:\/\/gpl-love.com\/es\/wp-json\/wp\/v2\/product_tag?post=117557"}],"curies":[{"name":"wp","href":"https:\/\/api.w.org\/{rel}","templated":true}]}}