{"id":117555,"date":"2021-10-06T00:00:00","date_gmt":"2021-10-06T05:00:00","guid":{"rendered":"https:\/\/gpl-love.com\/es\/?post_type=product&#038;p=117555"},"modified":"2026-03-09T08:26:24","modified_gmt":"2026-03-09T13:26:24","slug":"woocommerce-variations-table","status":"publish","type":"product","link":"https:\/\/gpl-love.com\/es\/producto\/woocommerce-variations-table\/","title":{"rendered":"WooCommerce Variations Table 1.3.9"},"content":{"rendered":"<h3>WooCommerce Variations Table Caracteristicas<\/h3>\n<p>La tabla de variaciones de WooCommerce, una herramienta notablemente \u00fatil, es \u00fatil para mostrar las variaciones de su producto en un formato de tabla ordenado y organizado. Este complemento extraordinario le permite personalizar sin esfuerzo la presentaci\u00f3n de las variaciones de su producto en su tienda WooCommerce. Se le concede la libertad de seleccionar las columnas que desea exhibir, determinar su orden de apariencia e incluso inyectar estilos CSS a medida para aumentar a\u00fan m\u00e1s el atractivo visual de su tabla de variaciones. Adem\u00e1s de todas estas caracter\u00edsticas fant\u00e1sticas, el complemento est\u00e1 ingeniosamente dise\u00f1ado para ser completamente receptivo, asegurando una visualizaci\u00f3n perfecta de las variaciones de su producto en todos los dispositivos para sus estimados clientes. Independientemente de si se dedica a vender ropa, calzado o cualquier otro tipo de producto que cuenta con m\u00faltiples variaciones, la tabla de variaciones de WooCommerce indudablemente demuestra ser una herramienta indispensable para cualquier propietario de la tienda de WooCommerce que busque elevar su experiencia de usuario y ventas de catapultos a impedimentos a impedimentados. alturas.<\/p>\n<ul>\n<li>Muestra variaciones de productos en un formato de tabla<\/li>\n<li>Permite a los clientes comparar m\u00faltiples variaciones a la vez<\/li>\n<li>Proporciona opciones de navegaci\u00f3n y filtrado f\u00e1ciles<\/li>\n<li>Actualiza autom\u00e1ticamente los precios y la disponibilidad basada en variaciones seleccionadas<\/li>\n<li>Admite complementos de terceros y complementos<\/li>\n<li>Compatible con todos los navegadores y dispositivos modernos<\/li>\n<li>Interfaz simple y f\u00e1cil de usar para los clientes<\/li>\n<li>Ahorra tiempo para los clientes y mejora su experiencia de compra<\/li>\n<li>Ayuda a reducir las tasas de abandono del carrito de compras al proporcionar una interfaz f\u00e1cil de usar<\/li>\n<\/ul>\n","protected":false},"excerpt":{"rendered":"<p>La tabla de variaciones de WooCommerce es un complemento excepcionalmente robusto que le otorga la capacidad de exhibir las variaciones de su producto en un formato de tabla inmensamente f\u00e1cil de usar. Este notable complemento optimiza el proceso para sus estimados clientes para leer, yuxtaponer sin esfuerzo y, en \u00faltima instancia, hacer sus selecciones deseables de productos con solo un pu\u00f1ado de clics del mouse. Bendecido con una autoridad integral en el \u00e1mbito de personalizar su mesa, usted posee la libertad de curar una expedici\u00f3n de compras completamente distintiva que est\u00e1 en sinton\u00eda precisamente con la esencia impecable de su tienda inmaculada. Sorprendentemente, este complemento no solo aumenta la aptitud funcional de su tienda, sino que tambi\u00e9n sirve como un mecanismo notable de ahorro de tiempo para sus estimados clientes, lo que inevitablemente conduce a una mejora sustancial en su experiencia general de compra.<\/p>\n","protected":false},"featured_media":168303,"comment_status":"open","ping_status":"open","template":"","meta":[],"product_brand":[2339],"product_cat":[1207,1248,1206],"product_tag":[1256],"class_list":{"0":"post-117555","1":"product","2":"type-product","3":"status-publish","4":"has-post-thumbnail","6":"product_brand-codecanyon","7":"product_cat-comercio-electronico-plugins","8":"product_cat-personalizacion-comercio-electronico-plugins","9":"product_cat-plugins","10":"product_tag-codecanyon","11":"member-discount","12":"discount-restricted","14":"first","15":"instock","16":"sale","17":"downloadable","18":"virtual","19":"sold-individually","20":"purchasable","21":"product-type-simple"},"_links":{"self":[{"href":"https:\/\/gpl-love.com\/es\/wp-json\/wp\/v2\/product\/117555","targetHints":{"allow":["GET"]}}],"collection":[{"href":"https:\/\/gpl-love.com\/es\/wp-json\/wp\/v2\/product"}],"about":[{"href":"https:\/\/gpl-love.com\/es\/wp-json\/wp\/v2\/types\/product"}],"replies":[{"embeddable":true,"href":"https:\/\/gpl-love.com\/es\/wp-json\/wp\/v2\/comments?post=117555"}],"wp:featuredmedia":[{"embeddable":true,"href":"https:\/\/gpl-love.com\/es\/wp-json\/wp\/v2\/media\/168303"}],"wp:attachment":[{"href":"https:\/\/gpl-love.com\/es\/wp-json\/wp\/v2\/media?parent=117555"}],"wp:term":[{"taxonomy":"product_brand","embeddable":true,"href":"https:\/\/gpl-love.com\/es\/wp-json\/wp\/v2\/product_brand?post=117555"},{"taxonomy":"product_cat","embeddable":true,"href":"https:\/\/gpl-love.com\/es\/wp-json\/wp\/v2\/product_cat?post=117555"},{"taxonomy":"product_tag","embeddable":true,"href":"https:\/\/gpl-love.com\/es\/wp-json\/wp\/v2\/product_tag?post=117555"}],"curies":[{"name":"wp","href":"https:\/\/api.w.org\/{rel}","templated":true}]}}