{"id":117553,"date":"2026-03-06T00:00:00","date_gmt":"2026-03-06T05:00:00","guid":{"rendered":"https:\/\/gpl-love.com\/es\/?post_type=product&#038;p=117553"},"modified":"2026-03-30T11:15:24","modified_gmt":"2026-03-30T16:15:24","slug":"enhancer-para-woocommerce-subscriptions","status":"publish","type":"product","link":"https:\/\/gpl-love.com\/es\/producto\/enhancer-para-woocommerce-subscriptions\/","title":{"rendered":"Enhancer para WooCommerce Subscriptions 8.6.0"},"content":{"rendered":"<h3>Enhancer para WooCommerce Subscriptions Caracteristicas<\/h3>\n<p>El potenciador de las suscripciones de WooCommerce, una herramienta incre\u00edblemente potente, ofrece a los usuarios una experiencia de gesti\u00f3n de suscripci\u00f3n incre\u00edblemente avanzada e integral. Al aprovechar este invaluable complemento, los usuarios tienen acceso a una gran cantidad de funciones de vanguardia, incluidos, entre otros, recordatorios de renovaci\u00f3n, correos electr\u00f3nicos de suscripci\u00f3n personalizables y opciones de reintento de pago. Gracias a la implementaci\u00f3n de esta herramienta, los usuarios pueden manejar de manera perfecta y eficiente sus productos de suscripci\u00f3n, monitorear sin esfuerzo sus pagos recurrentes y configurar correos electr\u00f3nicos automatizados sin esfuerzo dise\u00f1ados para mantener a sus valiosos suscriptores bien informados con respecto a las renovaciones inminentes. No hace falta decir que el potenciador de las suscripciones de WooCommerce representa un recurso extraordinario para las empresas que buscan optimizar y acelerar sus procesos de gesti\u00f3n de suscripci\u00f3n, as\u00ed como mejorar sus tasas de retenci\u00f3n y lealtad del cliente.<\/p>\n<ul>\n<li>Gesti\u00f3n de suscripci\u00f3n mejorada para tiendas de WooCommerce<\/li>\n<li>Mayor visibilidad y control sobre las suscripciones de los clientes<\/li>\n<li>Proceso de creaci\u00f3n y gesti\u00f3n de suscripci\u00f3n simplificada<\/li>\n<li>Opciones y precios de suscripci\u00f3n personalizables<\/li>\n<li>Actualizaciones y notificaciones de estado de suscripci\u00f3n en tiempo real<\/li>\n<li>Soporte para varias pasarelas de pago y opciones de facturaci\u00f3n recurrentes<\/li>\n<li>Integraci\u00f3n con herramientas populares de marketing por correo electr\u00f3nico y sistemas CRM<\/li>\n<li>Informes avanzados y an\u00e1lisis para el seguimiento de rendimiento de suscripci\u00f3n<\/li>\n<li>Compatibilidad perfecta con WooCommerce y otros complementos de WordPress<\/li>\n<li>Atenci\u00f3n al cliente dedicada y actualizaciones regulares para mejorar la funcionalidad y el rendimiento.<\/li>\n<\/ul>\n","protected":false},"excerpt":{"rendered":"<p>El potenciador de las suscripciones de WooCommerce es una herramienta altamente efectiva y robusta que mejora en gran medida tanto la funcionalidad como el rendimiento de su sistema de suscripci\u00f3n de WooCommerce. Al incorporar caracter\u00edsticas avanzadas, como la generaci\u00f3n de facturas automatizada, los recordatorios de pago autom\u00e1ticos y el an\u00e1lisis de suscripci\u00f3n integral, este potenciador mejora significativamente su capacidad para administrar y optimizar eficientemente sus procesos de suscripci\u00f3n. Adem\u00e1s, le ofrece la invaluable ventaja de los informes en tiempo real sobre aspectos cruciales de su negocio de suscripci\u00f3n, incluidas las cifras de ventas, las tasas de renovaci\u00f3n y las tasas de retenci\u00f3n de clientes. Estos informes le permiten monitorear de cerca el rendimiento y el \u00e9xito de su programa de suscripci\u00f3n, proporcion\u00e1ndole valiosos conocimientos que pueden informar sus estrategias de crecimiento futuras. Ya sea que sea propietario de una peque\u00f1a empresa o una empresa de alto crecimiento, el potenciador de las suscripciones de WooCommerce es una herramienta indispensable para optimizar y maximizar el potencial de su negocio de suscripci\u00f3n.<\/p>\n","protected":false},"featured_media":165986,"comment_status":"open","ping_status":"open","template":"","meta":[],"product_brand":[2344],"product_cat":[1207,1248,1206],"product_tag":[1423],"class_list":{"0":"post-117553","1":"product","2":"type-product","3":"status-publish","4":"has-post-thumbnail","6":"product_brand-woocommerce","7":"product_cat-comercio-electronico-plugins","8":"product_cat-personalizacion-comercio-electronico-plugins","9":"product_cat-plugins","10":"product_tag-woocommerce","11":"member-discount","12":"discount-restricted","14":"first","15":"instock","16":"sale","17":"downloadable","18":"virtual","19":"sold-individually","20":"purchasable","21":"product-type-simple"},"_links":{"self":[{"href":"https:\/\/gpl-love.com\/es\/wp-json\/wp\/v2\/product\/117553","targetHints":{"allow":["GET"]}}],"collection":[{"href":"https:\/\/gpl-love.com\/es\/wp-json\/wp\/v2\/product"}],"about":[{"href":"https:\/\/gpl-love.com\/es\/wp-json\/wp\/v2\/types\/product"}],"replies":[{"embeddable":true,"href":"https:\/\/gpl-love.com\/es\/wp-json\/wp\/v2\/comments?post=117553"}],"wp:featuredmedia":[{"embeddable":true,"href":"https:\/\/gpl-love.com\/es\/wp-json\/wp\/v2\/media\/165986"}],"wp:attachment":[{"href":"https:\/\/gpl-love.com\/es\/wp-json\/wp\/v2\/media?parent=117553"}],"wp:term":[{"taxonomy":"product_brand","embeddable":true,"href":"https:\/\/gpl-love.com\/es\/wp-json\/wp\/v2\/product_brand?post=117553"},{"taxonomy":"product_cat","embeddable":true,"href":"https:\/\/gpl-love.com\/es\/wp-json\/wp\/v2\/product_cat?post=117553"},{"taxonomy":"product_tag","embeddable":true,"href":"https:\/\/gpl-love.com\/es\/wp-json\/wp\/v2\/product_tag?post=117553"}],"curies":[{"name":"wp","href":"https:\/\/api.w.org\/{rel}","templated":true}]}}