{"id":117551,"date":"2025-10-14T00:00:00","date_gmt":"2025-10-14T05:00:00","guid":{"rendered":"https:\/\/gpl-love.com\/es\/?post_type=product&#038;p=117551"},"modified":"2026-03-09T08:04:42","modified_gmt":"2026-03-09T13:04:42","slug":"role-based-pricing-para-woocommerce","status":"publish","type":"product","link":"https:\/\/gpl-love.com\/es\/producto\/role-based-pricing-para-woocommerce\/","title":{"rendered":"Role Based Pricing para WooCommerce 2.2.1"},"content":{"rendered":"<h3>Role Based Pricing para WooCommerce Caracteristicas<\/h3>\n<p>El precio basado en roles para WooCommerce es una herramienta notablemente robusta que permite a los propietarios de tiendas en l\u00ednea la capacidad de proporcionar precios distintos para diferentes roles de clientes. Al utilizar este complemento, se le brinda la oportunidad de establecer estructuras de precios personalizadas basadas en roles de los clientes, desde el que van desde la venta al por menor e implementar descuentos o marcas como se considera necesarias. Adem\u00e1s, este complemento cuenta con un notable grado de flexibilidad y personalizaci\u00f3n, otorg\u00e1ndole la capacidad de crear reglas de precios que dependan de productos, categor\u00edas e incluso clientes individuales espec\u00edficos. A trav\u00e9s de la implementaci\u00f3n de los precios basados \u200b\u200ben roles, tiene el potencial de cultivar niveles elevados de lealtad y satisfacci\u00f3n del cliente, al tiempo que refuerza las ventas e ingresos para su estimada tienda en l\u00ednea. En resumen, los precios basados \u200b\u200ben roles para WooCommerce sirven como un activo invaluable para cualquier tienda en l\u00ednea que aspira a proporcionar a sus clientes opciones incomparables en t\u00e9rminos de precios flexibles.<\/p>\n<ul>\n<li>Permite a los propietarios de tiendas establecer diferentes precios de productos en funci\u00f3n de los roles de los usuarios.<\/li>\n<li>Los roles de usuario se pueden asignar a grupos de clientes espec\u00edficos, como mayoristas o VIP.<\/li>\n<li>Ofrece opciones de precios flexibles, que incluyen descuentos porcentuales y precios fijos.<\/li>\n<li>Redacci\u00f3n del proceso de precios al automatizar los descuentos basados \u200b\u200ben roles.<\/li>\n<li>Ayuda a aumentar las ventas ofreciendo precios dirigidos a grupos de clientes espec\u00edficos.<\/li>\n<li>Se integra a la perfecci\u00f3n con WooCommerce, una de las plataformas de comercio electr\u00f3nico m\u00e1s populares.<\/li>\n<li>Proporciona informes detallados y an\u00e1lisis sobre ventas por roles de usuario.<\/li>\n<li>Ofrece una excelente atenci\u00f3n al cliente para garantizar una experiencia perfecta para propietarios de tiendas y clientes por igual.<\/li>\n<\/ul>\n","protected":false},"excerpt":{"rendered":"<p>Al aprovechar el poder de los precios basados \u200b\u200ben roles para WooCommerce, obtiene la capacidad de establecer sin esfuerzo niveles de precios diversos dependiendo de los distintos roles de usuario atribuidos a sus clientes. Este notable complemento efectivamente le impulsa a asignar puntos de precio distintos adaptados a roles espec\u00edficos de los clientes, ejemplificados por clientes mayoristas, clientes leales o miembros VIP estimados. En consecuencia, esta herramienta invaluable facilita los arreglos de precios personalizados y le brinda la oportunidad de extender acuerdos exclusivos y atractivos a segmentos precisos de los clientes, aumentando en \u00faltima instancia la lealtad de los clientes y impulsar las ventas a alturas sin precedentes.<\/p>\n","protected":false},"featured_media":167380,"comment_status":"open","ping_status":"open","template":"","meta":[],"product_brand":[2344],"product_cat":[1207,1248,1206],"product_tag":[1423],"class_list":{"0":"post-117551","1":"product","2":"type-product","3":"status-publish","4":"has-post-thumbnail","6":"product_brand-woocommerce","7":"product_cat-comercio-electronico-plugins","8":"product_cat-personalizacion-comercio-electronico-plugins","9":"product_cat-plugins","10":"product_tag-woocommerce","11":"member-discount","12":"discount-restricted","14":"first","15":"instock","16":"sale","17":"downloadable","18":"virtual","19":"sold-individually","20":"purchasable","21":"product-type-simple"},"_links":{"self":[{"href":"https:\/\/gpl-love.com\/es\/wp-json\/wp\/v2\/product\/117551","targetHints":{"allow":["GET"]}}],"collection":[{"href":"https:\/\/gpl-love.com\/es\/wp-json\/wp\/v2\/product"}],"about":[{"href":"https:\/\/gpl-love.com\/es\/wp-json\/wp\/v2\/types\/product"}],"replies":[{"embeddable":true,"href":"https:\/\/gpl-love.com\/es\/wp-json\/wp\/v2\/comments?post=117551"}],"wp:featuredmedia":[{"embeddable":true,"href":"https:\/\/gpl-love.com\/es\/wp-json\/wp\/v2\/media\/167380"}],"wp:attachment":[{"href":"https:\/\/gpl-love.com\/es\/wp-json\/wp\/v2\/media?parent=117551"}],"wp:term":[{"taxonomy":"product_brand","embeddable":true,"href":"https:\/\/gpl-love.com\/es\/wp-json\/wp\/v2\/product_brand?post=117551"},{"taxonomy":"product_cat","embeddable":true,"href":"https:\/\/gpl-love.com\/es\/wp-json\/wp\/v2\/product_cat?post=117551"},{"taxonomy":"product_tag","embeddable":true,"href":"https:\/\/gpl-love.com\/es\/wp-json\/wp\/v2\/product_tag?post=117551"}],"curies":[{"name":"wp","href":"https:\/\/api.w.org\/{rel}","templated":true}]}}