{"id":117524,"date":"2021-10-05T00:00:00","date_gmt":"2021-10-05T05:00:00","guid":{"rendered":"https:\/\/gpl-love.com\/es\/?post_type=product&#038;p=117524"},"modified":"2026-04-10T11:23:31","modified_gmt":"2026-04-10T16:23:31","slug":"rocket-creative-multipurpose-wordpress-theme","status":"publish","type":"product","link":"https:\/\/gpl-love.com\/es\/producto\/rocket-creative-multipurpose-wordpress-theme\/","title":{"rendered":"Rocket Creative Multipurpose WordPress Theme 2.9.3"},"content":{"rendered":"<h3>Rocket Creative Multipurpose WordPress Theme Caracteristicas<\/h3>\n<p>El tema de WordPress multiprop\u00f3sito creativo de Rocket, con su amplia gama de opciones personalizables, se presenta como la soluci\u00f3n ideal para las personas que buscan un tema de sitio web que sea adaptable y flexible. Este tema le permite personalizar su sitio web de acuerdo con sus requisitos espec\u00edficos, mostrando sin esfuerzo su talento art\u00edstico. Su versatilidad le permite atender a una multitud de industrias, incluidas, entre otros, negocios, cartera, agencia y comercio electr\u00f3nico. Adem\u00e1s, su gama de plantillas y widgets preconstruidos le otorga la oportunidad de comenzar a construir su sitio web de inmediato. La naturaleza f\u00e1cil de usar de este tema garantiza que navegar a trav\u00e9s de \u00e9l sea muy f\u00e1cil, mientras que su dise\u00f1o receptivo garantiza que su sitio web parezca visualmente impresionante en cualquier dispositivo. En particular, el tema de WordPress multiprop\u00f3sito creativo de Rocket integra perfectamente complementos populares, como WooCommerce y WPML, facilitando as\u00ed la adici\u00f3n sin esfuerzo de funcionalidades de comercio electr\u00f3nico y la traducci\u00f3n de su sitio web en m\u00faltiples idiomas. En conclusi\u00f3n, el tema de WordPress multiprop\u00f3sito creativo de Rocket demuestra que es una elecci\u00f3n excepcional para aquellos que buscan un tema de sitio web potente y personalizable.<\/p>\n<ul>\n<li>Un tema de WordPress altamente vers\u00e1til y adaptable adecuado para una amplia gama de tipos y estilos de sitios web<\/li>\n<li>Viene con una gama de plantillas y dise\u00f1os predise\u00f1ados que se pueden modificar y personalizar f\u00e1cilmente para satisfacer sus necesidades<\/li>\n<li>Incluye una poderosa herramienta de constructor de p\u00e1ginas que le permite crear p\u00e1ginas y dise\u00f1os personalizados r\u00e1pida y f\u00e1cilmente utilizando una interfaz de arrastrar y soltar<\/li>\n<li>El dise\u00f1o totalmente receptivo garantiza que su sitio web se vea genial y funciona perfectamente en todos los dispositivos, desde escritorios hasta tel\u00e9fonos inteligentes y tabletas.<\/li>\n<li>Construido con c\u00f3digo limpio y optimizado que maximiza la velocidad y el rendimiento, incluso en sitios de alto tr\u00e1fico<\/li>\n<li>El dise\u00f1o y las caracter\u00edsticas amigables con el SEO aseguran que su sitio se puede encontrar f\u00e1cilmente y clasificarse altamente en los resultados del motor de b\u00fasqueda<\/li>\n<li>La integraci\u00f3n con complementos populares como WooCommerce y MailChimp hace que sea f\u00e1cil agregar funcionalidad de comercio electr\u00f3nico o conectarse con su audiencia a trav\u00e9s del marketing por correo electr\u00f3nico<\/li>\n<li>Documentaci\u00f3n integral y atenci\u00f3n al cliente dedicada Aseg\u00farese de tener todo lo que necesita para que se ejecute con el tema de manera r\u00e1pida y f\u00e1cil.<\/li>\n<\/ul>\n","protected":false},"excerpt":{"rendered":"<p>El tema de WordPress multiprop\u00f3sito creativo de Rocket, un tema extremadamente adaptable y elegante adaptado para empresas, agencias y creativos, ofrece una variedad de atributos notables. Compuesto por m\u00faltiples dise\u00f1os de la p\u00e1gina de inicio, una cartera totalmente personalizable y una variedad de caracter\u00edsticas incorporadas que abarcan la optimizaci\u00f3n de SEO, la integraci\u00f3n de WooCommerce e integraci\u00f3n de redes sociales, este tema es una opci\u00f3n impecable para mostrar sus productos o servicios. Adem\u00e1s, cuenta con una capacidad de respuesta completa y optimizaci\u00f3n para dispositivos m\u00f3viles, asegurando un acceso sin esfuerzo a su sitio para los clientes, independientemente de su ubicaci\u00f3n. \u00a1Prep\u00e1rese para una experiencia estimulante con el tema de WordPress multiprop\u00f3sito creativo de cohete!<\/p>\n","protected":false},"featured_media":167378,"comment_status":"open","ping_status":"open","template":"","meta":[],"product_brand":[2337],"product_cat":[1239,1237,1238],"product_tag":[1391],"class_list":{"0":"post-117524","1":"product","2":"type-product","3":"status-publish","4":"has-post-thumbnail","6":"product_brand-themeforest","7":"product_cat-de-multiples-fines","8":"product_cat-temas","9":"product_cat-wordpress-temas","10":"product_tag-themeforest","11":"member-discount","12":"discount-restricted","14":"first","15":"instock","16":"sale","17":"downloadable","18":"virtual","19":"sold-individually","20":"purchasable","21":"product-type-simple"},"_links":{"self":[{"href":"https:\/\/gpl-love.com\/es\/wp-json\/wp\/v2\/product\/117524","targetHints":{"allow":["GET"]}}],"collection":[{"href":"https:\/\/gpl-love.com\/es\/wp-json\/wp\/v2\/product"}],"about":[{"href":"https:\/\/gpl-love.com\/es\/wp-json\/wp\/v2\/types\/product"}],"replies":[{"embeddable":true,"href":"https:\/\/gpl-love.com\/es\/wp-json\/wp\/v2\/comments?post=117524"}],"wp:featuredmedia":[{"embeddable":true,"href":"https:\/\/gpl-love.com\/es\/wp-json\/wp\/v2\/media\/167378"}],"wp:attachment":[{"href":"https:\/\/gpl-love.com\/es\/wp-json\/wp\/v2\/media?parent=117524"}],"wp:term":[{"taxonomy":"product_brand","embeddable":true,"href":"https:\/\/gpl-love.com\/es\/wp-json\/wp\/v2\/product_brand?post=117524"},{"taxonomy":"product_cat","embeddable":true,"href":"https:\/\/gpl-love.com\/es\/wp-json\/wp\/v2\/product_cat?post=117524"},{"taxonomy":"product_tag","embeddable":true,"href":"https:\/\/gpl-love.com\/es\/wp-json\/wp\/v2\/product_tag?post=117524"}],"curies":[{"name":"wp","href":"https:\/\/api.w.org\/{rel}","templated":true}]}}