{"id":117522,"date":"2026-03-25T00:00:00","date_gmt":"2026-03-25T05:00:00","guid":{"rendered":"https:\/\/gpl-love.com\/es\/?post_type=product&#038;p=117522"},"modified":"2026-03-25T17:15:47","modified_gmt":"2026-03-25T22:15:47","slug":"gostudy-education-wordpress-theme","status":"publish","type":"product","link":"https:\/\/gpl-love.com\/es\/producto\/gostudy-education-wordpress-theme\/","title":{"rendered":"Gostudy Education Theme 2.5.5"},"content":{"rendered":"<h3>Gostudy Education Theme Caracteristicas<\/h3>\n<p>El tema de la educaci\u00f3n de Gostudy, un tema de WordPress altamente vers\u00e1til y poderoso, ha sido meticulosamente elaborado para satisfacer espec\u00edficamente las necesidades de sitios web educativos, escuelas, universidades y plataformas de aprendizaje en l\u00ednea. Con un dise\u00f1o moderno y elegante, el tema de la educaci\u00f3n de Gostudy le permite crear sitios web visualmente atractivos sin esfuerzo que no solo cuenten con una navegaci\u00f3n perfecta sino que tambi\u00e9n cautiven e involucren a su p\u00fablico objetivo. El tema ofrece una amplia gama de opciones de personalizaci\u00f3n, que lo permite personalizar cada faceta de su sitio web, ya sea el dise\u00f1o, el esquema de color, las fuentes y mucho m\u00e1s. Adem\u00e1s, el tema de Gostudy Education est\u00e1 equipado con caracter\u00edsticas avanzadas como la gesti\u00f3n de cursos, la gesti\u00f3n de eventos y la gesti\u00f3n de estudiantes, lo que le brinda una soluci\u00f3n integral y abarrotable para los requisitos de su sitio web educativo. Independientemente de si se est\u00e1 embarcando en establecer una plataforma de aprendizaje en l\u00ednea o buscar renovar su sitio web existente, Gostudy Education Temo surge como una opci\u00f3n ideal, ya que le endona una notable variedad de herramientas y caracter\u00edsticas que elevan efectivamente la prominencia de su sitio web.<\/p>\n<ul>\n<li>Dise\u00f1o elegante y moderno para sitios web educativos<\/li>\n<li>P\u00e1gina de inicio personalizable con opciones para mostrar cursos destacados, testimonios de estudiantes y perfiles de personal<\/li>\n<li>Opciones de dise\u00f1o m\u00faltiples para p\u00e1ginas de cursos, incluidos los formatos de cuadr\u00edcula y lista.<\/li>\n<li>Integraci\u00f3n con sistemas populares de gesti\u00f3n de aprendizaje como Moodle y Canvas<\/li>\n<li>Dise\u00f1o receptivo para una visualizaci\u00f3n \u00f3ptima sobre escritorio, tableta y dispositivos m\u00f3viles<\/li>\n<li>Funcionalidad de b\u00fasqueda incorporada para una f\u00e1cil navegaci\u00f3n y descubrimiento de cursos<\/li>\n<li>Opci\u00f3n para incluir un calendario de eventos para eventos escolares y fechas importantes<\/li>\n<li>Apoyo para m\u00faltiples idiomas para atender a un alumnado diverso<\/li>\n<li>Documentaci\u00f3n integral y atenci\u00f3n al cliente para una f\u00e1cil configuraci\u00f3n y uso.<\/li>\n<\/ul>\n","protected":false},"excerpt":{"rendered":"<p>El tema de la educaci\u00f3n de Gostudy, un tema de WordPress meticulosamente dise\u00f1ado para instituciones educativas, como universidades, colegios y escuelas, no solo es visualmente cautivador sino tambi\u00e9n altamente receptivo. Ofrece una plataforma interactiva y adaptable que le permite presentar sin esfuerzo los programas acad\u00e9micos, profesores y estudiantes de su instituci\u00f3n. Con la flexibilidad para personalizar las secciones de encabezado y pie de p\u00e1gina, integrar un sistema de gesti\u00f3n de cursos y utilizar varias plantillas de p\u00e1gina, el tema de la educaci\u00f3n de Gostudy le permite adaptar su presencia en l\u00ednea de acuerdo con sus necesidades \u00fanicas. Su dise\u00f1o elegante, junto con una interfaz intuitiva, garantiza una experiencia de usuario excepcional. Adem\u00e1s, la documentaci\u00f3n integral proporcionada junto con el tema garantiza un viaje perfecto para educadores y administradores que aspiran a fomentar las conexiones con su p\u00fablico objetivo y elevar su presencia en l\u00ednea.<\/p>\n","protected":false},"featured_media":166279,"comment_status":"open","ping_status":"open","template":"","meta":[],"product_brand":[2337],"product_cat":[1307,1237,1238],"product_tag":[1391],"class_list":{"0":"post-117522","1":"product","2":"type-product","3":"status-publish","4":"has-post-thumbnail","6":"product_brand-themeforest","7":"product_cat-negocio-wordpress-temas","8":"product_cat-temas","9":"product_cat-wordpress-temas","10":"product_tag-themeforest","11":"member-discount","12":"discount-restricted","14":"first","15":"instock","16":"sale","17":"downloadable","18":"virtual","19":"sold-individually","20":"purchasable","21":"product-type-simple"},"_links":{"self":[{"href":"https:\/\/gpl-love.com\/es\/wp-json\/wp\/v2\/product\/117522","targetHints":{"allow":["GET"]}}],"collection":[{"href":"https:\/\/gpl-love.com\/es\/wp-json\/wp\/v2\/product"}],"about":[{"href":"https:\/\/gpl-love.com\/es\/wp-json\/wp\/v2\/types\/product"}],"replies":[{"embeddable":true,"href":"https:\/\/gpl-love.com\/es\/wp-json\/wp\/v2\/comments?post=117522"}],"wp:featuredmedia":[{"embeddable":true,"href":"https:\/\/gpl-love.com\/es\/wp-json\/wp\/v2\/media\/166279"}],"wp:attachment":[{"href":"https:\/\/gpl-love.com\/es\/wp-json\/wp\/v2\/media?parent=117522"}],"wp:term":[{"taxonomy":"product_brand","embeddable":true,"href":"https:\/\/gpl-love.com\/es\/wp-json\/wp\/v2\/product_brand?post=117522"},{"taxonomy":"product_cat","embeddable":true,"href":"https:\/\/gpl-love.com\/es\/wp-json\/wp\/v2\/product_cat?post=117522"},{"taxonomy":"product_tag","embeddable":true,"href":"https:\/\/gpl-love.com\/es\/wp-json\/wp\/v2\/product_tag?post=117522"}],"curies":[{"name":"wp","href":"https:\/\/api.w.org\/{rel}","templated":true}]}}