{"id":117500,"date":"2024-08-06T00:00:00","date_gmt":"2024-08-06T05:00:00","guid":{"rendered":"https:\/\/gpl-love.com\/es\/?post_type=product&#038;p=117500"},"modified":"2026-03-09T08:31:10","modified_gmt":"2026-03-09T13:31:10","slug":"wpforms-offline-forms","status":"publish","type":"product","link":"https:\/\/gpl-love.com\/es\/producto\/wpforms-offline-forms\/","title":{"rendered":"WPForms Offline Forms 1.3.0"},"content":{"rendered":"<h3>WPForms Offline Forms Caracteristicas<\/h3>\n<p>Los formularios fuera de l\u00ednea WPFORMS, una herramienta altamente efectiva, ofrece a los usuarios la notable capacidad de generar formularios que funcionan incluso en ausencia de una conexi\u00f3n a Internet. Esta caracter\u00edstica invaluable permite a los usuarios acumular datos sin esfuerzo, independientemente de su entorno, garantizando que ninguna informaci\u00f3n valiosa se deslice a trav\u00e9s de las grietas. Con los formularios fuera de l\u00ednea WPFORMS, a los usuarios se les otorga la libertad para dise\u00f1ar formas personalizadas sin esfuerzo, que abarca una amplia gama de prop\u00f3sitos, como formularios de contacto, formularios de pago, formularios de registro e innumerables otros. Adem\u00e1s, esta herramienta preserva diligentemente las entradas de los usuarios, incluso en los casos en que no se ha enviado el formulario, lo que permite a los usuarios retomar sin problemas donde lo dejaron una vez que recuperan el acceso a Internet. En general, las formas fuera de l\u00ednea WPFORMS, sin duda, emergen como un activo indispensable para cualquier negocio u organizaci\u00f3n que se encuentre con frecuencia en movimiento y que necesita una recopilaci\u00f3n de datos eficiente.<\/p>\n<ul>\n<li>Crear y personalizar f\u00e1cilmente los formularios fuera de l\u00ednea para su sitio de WordPress<\/li>\n<li>Recopilar datos incluso cuando no hay conexi\u00f3n a Internet<\/li>\n<li>Sincronamente sincronizar datos recopilados una vez que se restaura la conexi\u00f3n a Internet<\/li>\n<li>Proteger la informaci\u00f3n confidencial con el cifrado<\/li>\n<li>Configuraci\u00f3n de l\u00f3gica condicional para mostrar y ocultar ciertos campos seg\u00fan las respuestas del usuario<\/li>\n<li>Elija entre una variedad de tipos de campo que incluyen desplegables, opci\u00f3n m\u00faltiple y cargas de archivos<\/li>\n<li>Recibir notificaciones por correo electr\u00f3nico cuando se env\u00eda un formulario<\/li>\n<li>Integraci\u00f3n con servicios populares de marketing por correo electr\u00f3nico y CRMS<\/li>\n<li>No se requieren habilidades de codificaci\u00f3n, interfaz intuitiva de arrastrar y soltar<\/li>\n<li>Compatible con dispositivos de escritorio y m\u00f3viles<\/li>\n<\/ul>\n","protected":false},"excerpt":{"rendered":"<p>Los formularios fuera de l\u00ednea WPFORMS es una herramienta incre\u00edblemente robusta y altamente efectiva que le otorga la capacidad de construir y dise\u00f1ar formas que funcionen sin problemas y sin problemas, incluso en situaciones en las que encuentra dificultades o obst\u00e1culos para conectarse a Internet. Al aprovechar esta caracter\u00edstica ingeniosa e innovadora, estar\u00e1 siempre libre de la ansiedad y la preocupaci\u00f3n de una posible p\u00e9rdida u omisi\u00f3n de informaci\u00f3n significativa y esencial que emana de posibles clientes, clientes o clientes potenciales. Independientemente de si se encuentra involucrado en trabajos remotos o si su conectividad a Internet es inconsistente o poco confiable, WPForma Formularios fuera de l\u00ednea garantiza y asegura que a\u00fan podr\u00e1 adquirir y obtener los datos vitales e indispensables que se requieren para mantener el flujo suave y sin interrupciones de sus operaciones comerciales. No pierda m\u00e1s tiempo y se embarca en su viaje hoy para experimentar y explorar la conveniencia incomparable y la confiabilidad inquebrantable ofrecida por esta herramienta verdaderamente de vanguardia y de vanguardia.<\/p>\n","protected":false},"featured_media":168505,"comment_status":"open","ping_status":"open","template":"","meta":[],"product_brand":[2628],"product_cat":[1214,1206,1211],"product_tag":[1440],"class_list":{"0":"post-117500","1":"product","2":"type-product","3":"status-publish","4":"has-post-thumbnail","6":"product_brand-wp-forms","7":"product_cat-personalizacion","8":"product_cat-plugins","9":"product_cat-wordpress-plugins","10":"product_tag-wp-forms","11":"member-discount","12":"discount-restricted","14":"first","15":"instock","16":"sale","17":"downloadable","18":"virtual","19":"sold-individually","20":"purchasable","21":"product-type-simple"},"_links":{"self":[{"href":"https:\/\/gpl-love.com\/es\/wp-json\/wp\/v2\/product\/117500","targetHints":{"allow":["GET"]}}],"collection":[{"href":"https:\/\/gpl-love.com\/es\/wp-json\/wp\/v2\/product"}],"about":[{"href":"https:\/\/gpl-love.com\/es\/wp-json\/wp\/v2\/types\/product"}],"replies":[{"embeddable":true,"href":"https:\/\/gpl-love.com\/es\/wp-json\/wp\/v2\/comments?post=117500"}],"wp:featuredmedia":[{"embeddable":true,"href":"https:\/\/gpl-love.com\/es\/wp-json\/wp\/v2\/media\/168505"}],"wp:attachment":[{"href":"https:\/\/gpl-love.com\/es\/wp-json\/wp\/v2\/media?parent=117500"}],"wp:term":[{"taxonomy":"product_brand","embeddable":true,"href":"https:\/\/gpl-love.com\/es\/wp-json\/wp\/v2\/product_brand?post=117500"},{"taxonomy":"product_cat","embeddable":true,"href":"https:\/\/gpl-love.com\/es\/wp-json\/wp\/v2\/product_cat?post=117500"},{"taxonomy":"product_tag","embeddable":true,"href":"https:\/\/gpl-love.com\/es\/wp-json\/wp\/v2\/product_tag?post=117500"}],"curies":[{"name":"wp","href":"https:\/\/api.w.org\/{rel}","templated":true}]}}