{"id":117498,"date":"2025-05-16T00:00:00","date_gmt":"2025-05-16T05:00:00","guid":{"rendered":"https:\/\/gpl-love.com\/es\/?post_type=product&#038;p=117498"},"modified":"2026-03-09T08:30:42","modified_gmt":"2026-03-09T13:30:42","slug":"wpdiscuz-widgets","status":"publish","type":"product","link":"https:\/\/gpl-love.com\/es\/producto\/wpdiscuz-widgets\/","title":{"rendered":"wpDiscuz Widgets 7.3.1"},"content":{"rendered":"<h3>wpDiscuz Widgets Caracteristicas<\/h3>\n<p>El complemento WPDiscuz Widgets, que sirve como una herramienta incre\u00edblemente potente para el aumento de la secci\u00f3n de comentarios de su sitio web, cuenta con la capacidad de mejorar significativamente la participaci\u00f3n del usuario. Al incorporar una variedad diversa de widgets interactivos, uno puede cautivar efectivamente a su audiencia y fomentar una mayor participaci\u00f3n. Este complemento est\u00e1 equipado con una amplia gama de caracter\u00edsticas de vanguardia, incluidas, entre otros, capacidades de intercambio social, mecanismos de votaci\u00f3n, perfiles de usuario y mucho m\u00e1s. Con su proceso de instalaci\u00f3n notablemente f\u00e1cil de usar, incluso aquellos con experiencia t\u00e9cnica limitada pueden adaptar sin esfuerzo la apariencia y la funcionalidad de su secci\u00f3n de comentarios para alinearse con su marca o sitio web \u00fanicos. Independientemente de si su objetivo principal es impulsar la participaci\u00f3n de la audiencia, cultivar una comunidad en l\u00ednea pr\u00f3spera o encender conversaciones en\u00e9rgicas, los widgets de WPDiscuz surgen innegablemente como la soluci\u00f3n inequ\u00edvoca para cualquier propietario del sitio web exigente.<\/p>\n<ul>\n<li>Opciones de widget personalizables para el complemento WPDiscuz<\/li>\n<li>Capacidad para mostrar comentarios recientes o publicaciones populares en forma de widgets<\/li>\n<li>Integraci\u00f3n con temas de WordPress para un dise\u00f1o perfecto<\/li>\n<li>Configuraci\u00f3n y configuraci\u00f3n f\u00e1cil para usuarios no t\u00e9cnicos<\/li>\n<li>Permite una mayor participaci\u00f3n del usuario y comunidad en el sitio web<\/li>\n<li>Caracter\u00edsticas de gesti\u00f3n de comentarios y moderaci\u00f3n mejoradas<\/li>\n<li>Compatible con la \u00faltima versi\u00f3n de WordPress y actualizaciones de WPDiscuz<\/li>\n<li>Dise\u00f1o de respuesta m\u00f3vil para una visualizaci\u00f3n optimizada en todos los dispositivos<\/li>\n<li>Opci\u00f3n para agregar CSS personalizado para una mayor personalizaci\u00f3n<\/li>\n<li>Actualizaciones frecuentes y soporte del equipo WPDiscuz<\/li>\n<\/ul>\n","protected":false},"excerpt":{"rendered":"<p>WPDiscuz Widgets, un complemento potente y rico en funciones, ofrece a los usuarios la flexibilidad de incorporar sin esfuerzo una gran cantidad de widgets personalizados en su sitio web de WordPress. Estos widgets, espec\u00edficamente adaptados para una integraci\u00f3n perfecta con el sistema de comentarios WPDiscuz, tienen el prop\u00f3sito de enriquecer los niveles de compromiso y estimular conversaciones significativas en publicaciones de blog. Al proporcionar a los usuarios la capacidad de seleccionar y personalizar una amplia gama de widgets, como comentarios populares, comentarios recientes y estad\u00edsticas de comentarios, entre otros, WPDiscuz Widgets permite a los propietarios de sitios web fomentar activamente un entorno que alienta a su audiencia a participar activamente en discusiones, Aumentando as\u00ed el crecimiento y la vitalidad de su comunidad en l\u00ednea.<\/p>\n","protected":false},"featured_media":168487,"comment_status":"open","ping_status":"open","template":"","meta":[],"product_brand":[2645],"product_cat":[1214,1206,1211],"product_tag":[2204],"class_list":{"0":"post-117498","1":"product","2":"type-product","3":"status-publish","4":"has-post-thumbnail","6":"product_brand-wp-discuz","7":"product_cat-personalizacion","8":"product_cat-plugins","9":"product_cat-wordpress-plugins","10":"product_tag-wp-discuz","11":"member-discount","12":"discount-restricted","14":"first","15":"instock","16":"sale","17":"downloadable","18":"virtual","19":"sold-individually","20":"purchasable","21":"product-type-simple"},"_links":{"self":[{"href":"https:\/\/gpl-love.com\/es\/wp-json\/wp\/v2\/product\/117498","targetHints":{"allow":["GET"]}}],"collection":[{"href":"https:\/\/gpl-love.com\/es\/wp-json\/wp\/v2\/product"}],"about":[{"href":"https:\/\/gpl-love.com\/es\/wp-json\/wp\/v2\/types\/product"}],"replies":[{"embeddable":true,"href":"https:\/\/gpl-love.com\/es\/wp-json\/wp\/v2\/comments?post=117498"}],"wp:featuredmedia":[{"embeddable":true,"href":"https:\/\/gpl-love.com\/es\/wp-json\/wp\/v2\/media\/168487"}],"wp:attachment":[{"href":"https:\/\/gpl-love.com\/es\/wp-json\/wp\/v2\/media?parent=117498"}],"wp:term":[{"taxonomy":"product_brand","embeddable":true,"href":"https:\/\/gpl-love.com\/es\/wp-json\/wp\/v2\/product_brand?post=117498"},{"taxonomy":"product_cat","embeddable":true,"href":"https:\/\/gpl-love.com\/es\/wp-json\/wp\/v2\/product_cat?post=117498"},{"taxonomy":"product_tag","embeddable":true,"href":"https:\/\/gpl-love.com\/es\/wp-json\/wp\/v2\/product_tag?post=117498"}],"curies":[{"name":"wp","href":"https:\/\/api.w.org\/{rel}","templated":true}]}}