{"id":117480,"date":"2022-09-03T00:00:00","date_gmt":"2022-09-03T05:00:00","guid":{"rendered":"https:\/\/gpl-love.com\/es\/?post_type=product&#038;p=117480"},"modified":"2026-03-09T07:36:00","modified_gmt":"2026-03-09T12:36:00","slug":"formidable-forms-para-amp","status":"publish","type":"product","link":"https:\/\/gpl-love.com\/es\/producto\/formidable-forms-para-amp\/","title":{"rendered":"Formidable forms para AMP 1.0.9"},"content":{"rendered":"<h3>Formidable forms para AMP Caracteristicas<\/h3>\n<p>Los formularios formidables para AMP, un complemento de WordPress altamente potente, proporciona a los propietarios de sitios web la capacidad de crear formularios intrincados que sean compatibles con p\u00e1ginas m\u00f3viles aceleradas (AMP). Este complemento faculta a los usuarios dise\u00f1ar formularios de respuesta m\u00f3vil que funcionen perfectamente en varios dispositivos, que van desde tel\u00e9fonos inteligentes y tabletas hasta computadoras de escritorio. Adem\u00e1s, presenta una variedad diversa de plantillas de forma que se pueden adaptar meticulosamente para adaptarse a los requisitos individualizados. Adem\u00e1s, este complemento est\u00e1 equipado con un constructor intuitivo de formulario de arrastrar y soltar, que elimina la necesidad de cualquier experiencia en codificaci\u00f3n, facilitando la creaci\u00f3n de formas intrincadas sin esfuerzo. Al utilizar formularios formidables para AMP, los usuarios pueden capturar de manera efectiva los clientes potenciales, realizar encuestas integrales, aceptar pagos, entre otras funcionalidades vers\u00e1tiles. Sin lugar a dudas, este complemento es un activo indispensable para las personas que se esfuerzan por fabricar formas impecablemente dise\u00f1adas que cuentan con un rendimiento excepcional en los dispositivos m\u00f3viles.<\/p>\n<ul>\n<li>Le permite crear f\u00e1cilmente formularios amigables con los amperios utilizando formularios formidables<\/li>\n<li>Compatibilidad con las especificaciones de p\u00e1ginas m\u00f3viles aceleradas (AMP) de Google<\/li>\n<li>Proporciona una integraci\u00f3n perfecta con su sitio de WordPress<\/li>\n<li>Admite todas las caracter\u00edsticas y funcionalidades formulares formidables<\/li>\n<li>Ofrece un dise\u00f1o elegante y amigable para m\u00f3viles para una experiencia de usuario \u00f3ptima en dispositivos m\u00f3viles<\/li>\n<li>Admite todos los tipos de campo formidables de formularios, incluidos texto, correo electr\u00f3nico, URL y m\u00e1s<\/li>\n<li>Incluye una variedad de plantillas de formularios personalizables para elegir para una f\u00e1cil configuraci\u00f3n y personalizaci\u00f3n<\/li>\n<li>Proporciona notificaciones en tiempo real y confirmaciones de correo electr\u00f3nico para env\u00edos de usuarios<\/li>\n<li>Ofrece caracter\u00edsticas avanzadas como l\u00f3gica condicional, formularios de varias p\u00e1ginas y cargas de archivos.<\/li>\n<\/ul>\n","protected":false},"excerpt":{"rendered":"<p>Los formularios formidables para el complemento AMP proporcionan a los usuarios la capacidad de generar formas sin esfuerzo y expediciones que se han optimizado espec\u00edficamente para cumplir con los requisitos del formato de p\u00e1ginas m\u00f3viles aceleradas (AMP). Al emplear este complemento, las personas pueden integrar sin esfuerzo formularios en sus p\u00e1ginas de AMP, lo que permite a los usuarios enviar a la perfecci\u00f3n informaci\u00f3n pertinente e interactuar con el contenido en sus dispositivos m\u00f3viles sin ninguna dificultad. Independientemente del prop\u00f3sito, ya sea recopilar clientes potenciales, recibir comentarios o curar contenido generado por el usuario, la utilizaci\u00f3n de formas formidables para AMP simplifica en gran medida el proceso de crear formas altamente eficientes que funcionan sin problemas en una amplia gama de dispositivos.<\/p>\n","protected":false},"featured_media":166148,"comment_status":"open","ping_status":"open","template":"","meta":[],"product_brand":[2351],"product_cat":[1214,1206,1211],"product_tag":[2229],"class_list":{"0":"post-117480","1":"product","2":"type-product","3":"status-publish","4":"has-post-thumbnail","6":"product_brand-amp-wp","7":"product_cat-personalizacion","8":"product_cat-plugins","9":"product_cat-wordpress-plugins","10":"product_tag-amp-wp","11":"member-discount","12":"discount-restricted","14":"first","15":"instock","16":"sale","17":"downloadable","18":"virtual","19":"sold-individually","20":"purchasable","21":"product-type-simple"},"_links":{"self":[{"href":"https:\/\/gpl-love.com\/es\/wp-json\/wp\/v2\/product\/117480","targetHints":{"allow":["GET"]}}],"collection":[{"href":"https:\/\/gpl-love.com\/es\/wp-json\/wp\/v2\/product"}],"about":[{"href":"https:\/\/gpl-love.com\/es\/wp-json\/wp\/v2\/types\/product"}],"replies":[{"embeddable":true,"href":"https:\/\/gpl-love.com\/es\/wp-json\/wp\/v2\/comments?post=117480"}],"wp:featuredmedia":[{"embeddable":true,"href":"https:\/\/gpl-love.com\/es\/wp-json\/wp\/v2\/media\/166148"}],"wp:attachment":[{"href":"https:\/\/gpl-love.com\/es\/wp-json\/wp\/v2\/media?parent=117480"}],"wp:term":[{"taxonomy":"product_brand","embeddable":true,"href":"https:\/\/gpl-love.com\/es\/wp-json\/wp\/v2\/product_brand?post=117480"},{"taxonomy":"product_cat","embeddable":true,"href":"https:\/\/gpl-love.com\/es\/wp-json\/wp\/v2\/product_cat?post=117480"},{"taxonomy":"product_tag","embeddable":true,"href":"https:\/\/gpl-love.com\/es\/wp-json\/wp\/v2\/product_tag?post=117480"}],"curies":[{"name":"wp","href":"https:\/\/api.w.org\/{rel}","templated":true}]}}