{"id":117478,"date":"2021-10-02T00:00:00","date_gmt":"2021-10-02T05:00:00","guid":{"rendered":"https:\/\/gpl-love.com\/es\/?post_type=product&#038;p=117478"},"modified":"2026-03-09T07:19:59","modified_gmt":"2026-03-09T12:19:59","slug":"bbpress-para-amp","status":"publish","type":"product","link":"https:\/\/gpl-love.com\/es\/producto\/bbpress-para-amp\/","title":{"rendered":"bbPress para AMP 1.4.4"},"content":{"rendered":"<h3>bbPress para AMP Caracteristicas<\/h3>\n<p>El complemento BBPress para AMP es una herramienta incre\u00edblemente robusta que cuenta con la capacidad de optimizar su foro en l\u00ednea espec\u00edficamente para dispositivos m\u00f3viles. A trav\u00e9s de la utilizaci\u00f3n de la tecnolog\u00eda AMP, este complemento es capaz de ofrecer p\u00e1ginas excepcionalmente livianas y de carga r\u00e1pida, elevando en \u00faltima instancia la experiencia del usuario a nuevas alturas al tiempo que refuerza el compromiso. Sorprendentemente, BBPress para AMP se integra perfectamente con su sitio existente de WordPress, ofreciendo un sistema de creaci\u00f3n y gesti\u00f3n de foro totalmente completo. Adem\u00e1s, este complemento abarca una gran cantidad de opciones de personalizaci\u00f3n avanzada, asegurando que su foro se adapte precisamente a su gusto. Adem\u00e1s, BBPress para AMP incorpora una gran cantidad de caracter\u00edsticas impresionantes como mensajer\u00eda privada, perfiles de usuario, etiquetas de tema y mucho m\u00e1s. Ya sea que su sitio web sirva como un pr\u00f3spero centro comunitario o funciona como un foro de atenci\u00f3n al cliente, la implementaci\u00f3n de BBPress para AMP es absolutamente imprescindible para optimizar el rendimiento general del sitio web y atraer a una mayor cantidad de visitantes.<\/p>\n<ul>\n<li>Habilita la compatibilidad de AMP para los foros de BbPress<\/li>\n<li>Mejora la experiencia del usuario en dispositivos m\u00f3viles permitiendo tiempos de carga m\u00e1s r\u00e1pidos y navegaci\u00f3n m\u00e1s suave<\/li>\n<li>Mejorar la clasificaci\u00f3n del motor de b\u00fasqueda mediante la implementaci\u00f3n de la optimizaci\u00f3n de AMP en las p\u00e1ginas del foro<\/li>\n<li>F\u00e1cil de instalar y activar sin requerido conocimiento de codificaci\u00f3n<\/li>\n<li>Compatible con todos los principales temas y complementos de WordPress<\/li>\n<li>Genera un marcado de AMP v\u00e1lido para el \u00edndice de b\u00fasqueda de Google<\/li>\n<li>Proporciona opciones de personalizaci\u00f3n para la marca y el estilo<\/li>\n<li>Atenci\u00f3n al cliente 24\/7 y actualizaciones regulares para la optimizaci\u00f3n y funcionalidad continua.<\/li>\n<\/ul>\n","protected":false},"excerpt":{"rendered":"<p>Descubra el poder de combinar dos complementos de WordPress de renombre con BBPress para AMP. Esta soluci\u00f3n permite una integraci\u00f3n perfecta de BBPress, un software de foro l\u00edder, con AMP (p\u00e1ginas m\u00f3viles aceleradas), un proyecto respaldado por Google dise\u00f1ado para hacer p\u00e1ginas m\u00f3viles m\u00e1s r\u00e1pido. Al usar BBPress para AMP, su sitio web no solo facilitar\u00e1 las discusiones de foro atractivas, sino que tambi\u00e9n garantizar\u00e1 una velocidad de carga r\u00e1pida, proporcionando una experiencia de usuario fluida. Este complemento es perfecto para aquellos que desean un foro interactivo, optimizado m\u00f3vil y mejorado en su sitio web. No dejes que tus usuarios esperen. D\u00e9les el poder del acceso a la informaci\u00f3n instant\u00e1nea con BBPress para AMP.<\/p>\n","protected":false},"featured_media":165459,"comment_status":"open","ping_status":"open","template":"","meta":[],"product_brand":[2351],"product_cat":[1214,1206,1211],"product_tag":[2229],"class_list":{"0":"post-117478","1":"product","2":"type-product","3":"status-publish","4":"has-post-thumbnail","6":"product_brand-amp-wp","7":"product_cat-personalizacion","8":"product_cat-plugins","9":"product_cat-wordpress-plugins","10":"product_tag-amp-wp","11":"member-discount","12":"discount-restricted","14":"first","15":"instock","16":"sale","17":"downloadable","18":"virtual","19":"sold-individually","20":"purchasable","21":"product-type-simple"},"_links":{"self":[{"href":"https:\/\/gpl-love.com\/es\/wp-json\/wp\/v2\/product\/117478","targetHints":{"allow":["GET"]}}],"collection":[{"href":"https:\/\/gpl-love.com\/es\/wp-json\/wp\/v2\/product"}],"about":[{"href":"https:\/\/gpl-love.com\/es\/wp-json\/wp\/v2\/types\/product"}],"replies":[{"embeddable":true,"href":"https:\/\/gpl-love.com\/es\/wp-json\/wp\/v2\/comments?post=117478"}],"wp:featuredmedia":[{"embeddable":true,"href":"https:\/\/gpl-love.com\/es\/wp-json\/wp\/v2\/media\/165459"}],"wp:attachment":[{"href":"https:\/\/gpl-love.com\/es\/wp-json\/wp\/v2\/media?parent=117478"}],"wp:term":[{"taxonomy":"product_brand","embeddable":true,"href":"https:\/\/gpl-love.com\/es\/wp-json\/wp\/v2\/product_brand?post=117478"},{"taxonomy":"product_cat","embeddable":true,"href":"https:\/\/gpl-love.com\/es\/wp-json\/wp\/v2\/product_cat?post=117478"},{"taxonomy":"product_tag","embeddable":true,"href":"https:\/\/gpl-love.com\/es\/wp-json\/wp\/v2\/product_tag?post=117478"}],"curies":[{"name":"wp","href":"https:\/\/api.w.org\/{rel}","templated":true}]}}