{"id":117476,"date":"2023-07-07T00:00:00","date_gmt":"2023-07-07T05:00:00","guid":{"rendered":"https:\/\/gpl-love.com\/es\/?post_type=product&#038;p=117476"},"modified":"2026-04-10T11:19:19","modified_gmt":"2026-04-10T16:19:19","slug":"ninja-forms-para-amp","status":"publish","type":"product","link":"https:\/\/gpl-love.com\/es\/producto\/ninja-forms-para-amp\/","title":{"rendered":"Ninja Forms para AMP 1.2.11"},"content":{"rendered":"<h3>Ninja Forms para AMP Caracteristicas<\/h3>\n<p>Ninja Forms for AMP es un complemento de WordPress incre\u00edblemente robusto y f\u00e1cil de usar, ofreciendo a los propietarios del sitio web la capacidad de generar una variedad de formularios de contacto, encuestas, cuestionarios y contenido interactivo adicional. Este complemento excepcional permite a las personas construir formas a medida que est\u00e1n meticulosamente optimizadas para p\u00e1ginas m\u00f3viles (AMP) aceleradas. La integraci\u00f3n perfecta de los formularios ninja para AMP con las iteraciones m\u00e1s actualizadas de WordPress y AMP garantiza tiempos de carga r\u00e1pidos y una experiencia de usuario incomparable. Independientemente de si est\u00e1 administrando un blog, una plataforma de comercio electr\u00f3nico o un sitio web corporativo, Ninja Forms for AMP es una herramienta indispensable que sin duda elevar\u00e1 su participaci\u00f3n de usuario y reforzar\u00e1 sus tasas de conversi\u00f3n.<\/p>\n<ul>\n<li>Permite la creaci\u00f3n de forma r\u00e1pida y f\u00e1cil para p\u00e1ginas m\u00f3viles aceleradas (AMP)<\/li>\n<li>Hace que sea sencillo agregar formularios a sus p\u00e1ginas de AMP sin requerir habilidades de codificaci\u00f3n<\/li>\n<li>Proporciona una experiencia de usuario amigable para dispositivos m\u00f3viles para los env\u00edos de formularios<\/li>\n<li>Admite varios tipos de campo de formulario, que incluyen nombre, correo electr\u00f3nico, tel\u00e9fono y m\u00e1s<\/li>\n<li>Ofrece opciones de personalizaci\u00f3n de estilo y dise\u00f1o para que coincidan con el dise\u00f1o de su sitio web<\/li>\n<li>Compatible con servicios populares de marketing por correo electr\u00f3nico para una integraci\u00f3n de datos sin problemas<\/li>\n<li>Permite una f\u00e1cil incrustaci\u00f3n de formularios en cualquier lugar de sus p\u00e1ginas de amplificador<\/li>\n<li>Interfaz de arrastrar y soltar simple e intuitiva para crear formularios<\/li>\n<li>Prevenci\u00f3n de los env\u00edos de spam con funcionalidad de recaptcha incorporada<\/li>\n<li>Incluye documentaci\u00f3n detallada y atenci\u00f3n al cliente para la resoluci\u00f3n de problemas y asistencia<\/li>\n<\/ul>\n","protected":false},"excerpt":{"rendered":"<p>Los formularios Ninja para AMP emergen como un complemento de WordPress altamente potente que proporciona a los usuarios la capacidad de fabricar formas personalizadas de manera r\u00e1pida y sin esfuerzo que propicio a sus p\u00e1ginas m\u00f3viles aceleradas (AMP). En virtud de una interfaz de arrastre y ca\u00edda f\u00e1cil de usar, las personas pueden integrar a la perfecci\u00f3n los campos, adaptar los elementos de estilo, establecer acciones de env\u00edo y realizar una gran cantidad de tareas adicionales, todos meticulosamente optimizados para garantizar la rapidez inigualizada en t\u00e9rminos de tiempos de carga de carga de carga de carga. para dispositivos m\u00f3viles. Si el objetivo de uno gira en torno a recopilar informaci\u00f3n de contacto, solicitar comentarios, realizar encuestas o adquirir cualquier otra forma de aportes, la funcionalidad perfecta de las formas ninja para AMP permite a los usuarios crear la forma por excelencia sin esfuerzo que atiende perfectamente a su audiencia m\u00f3vil.<\/p>\n","protected":false},"featured_media":167010,"comment_status":"open","ping_status":"open","template":"","meta":[],"product_brand":[2351],"product_cat":[1214,1206,1211],"product_tag":[2229],"class_list":{"0":"post-117476","1":"product","2":"type-product","3":"status-publish","4":"has-post-thumbnail","6":"product_brand-amp-wp","7":"product_cat-personalizacion","8":"product_cat-plugins","9":"product_cat-wordpress-plugins","10":"product_tag-amp-wp","11":"member-discount","12":"discount-restricted","14":"first","15":"instock","16":"sale","17":"downloadable","18":"virtual","19":"sold-individually","20":"purchasable","21":"product-type-simple"},"_links":{"self":[{"href":"https:\/\/gpl-love.com\/es\/wp-json\/wp\/v2\/product\/117476","targetHints":{"allow":["GET"]}}],"collection":[{"href":"https:\/\/gpl-love.com\/es\/wp-json\/wp\/v2\/product"}],"about":[{"href":"https:\/\/gpl-love.com\/es\/wp-json\/wp\/v2\/types\/product"}],"replies":[{"embeddable":true,"href":"https:\/\/gpl-love.com\/es\/wp-json\/wp\/v2\/comments?post=117476"}],"wp:featuredmedia":[{"embeddable":true,"href":"https:\/\/gpl-love.com\/es\/wp-json\/wp\/v2\/media\/167010"}],"wp:attachment":[{"href":"https:\/\/gpl-love.com\/es\/wp-json\/wp\/v2\/media?parent=117476"}],"wp:term":[{"taxonomy":"product_brand","embeddable":true,"href":"https:\/\/gpl-love.com\/es\/wp-json\/wp\/v2\/product_brand?post=117476"},{"taxonomy":"product_cat","embeddable":true,"href":"https:\/\/gpl-love.com\/es\/wp-json\/wp\/v2\/product_cat?post=117476"},{"taxonomy":"product_tag","embeddable":true,"href":"https:\/\/gpl-love.com\/es\/wp-json\/wp\/v2\/product_tag?post=117476"}],"curies":[{"name":"wp","href":"https:\/\/api.w.org\/{rel}","templated":true}]}}