{"id":117475,"date":"2025-11-17T00:00:00","date_gmt":"2025-11-17T05:00:00","guid":{"rendered":"https:\/\/gpl-love.com\/es\/?post_type=product&#038;p=117475"},"modified":"2026-03-09T07:21:20","modified_gmt":"2026-03-09T12:21:20","slug":"bookly-group-booking-addon","status":"publish","type":"product","link":"https:\/\/gpl-love.com\/es\/producto\/bookly-group-booking-addon\/","title":{"rendered":"Bookly Group Booking Addon 3.2"},"content":{"rendered":"<h3>Bookly Group Booking Addon Caracteristicas<\/h3>\n<p>El complemento Bookly Group Booking, una herramienta muy potente, proporciona a las empresas un medio perfecto para manejar efectivamente las reservas grupales. Al utilizar este complemento, las empresas pueden generar y supervisar sin esfuerzo las reservas grupales para su diversa gama de servicios, establecer limitaciones en los tama\u00f1os grupales y asignar recursos de manera eficiente. Adem\u00e1s, el complemento cuenta con una personalizaci\u00f3n completa, lo que permite a las empresas establecer sus propias pautas y requisitos previos relacionados con las reservas grupales. Adem\u00e1s, el complemento facilita los pagos en l\u00ednea, lo que lo hace conveniente para que los clientes pagen por adelantado para sus reservas grupales. El complemento de reserva de grupo Bookly demuestra ser particularmente ventajoso para las empresas que operan dentro de los \u00e1mbitos de la hospitalidad, el turismo y la gesti\u00f3n de eventos, donde las reservas grupales se encuentran constantemente. A trav\u00e9s de la utilizaci\u00f3n de este complemento, las empresas tienen la capacidad de optimizar sus procedimientos de reserva grupal, economizar el tiempo y mejorar significativamente los ingresos.<\/p>\n<ul>\n<li>Permite a los usuarios hacer reservas grupales para citas, clases, eventos o servicios.<\/li>\n<li>Permite a los organizadores del grupo establecer el n\u00famero m\u00e1ximo de participantes y seleccionar los intervalos de tiempo disponibles.<\/li>\n<li>Proporciona un calendario de disponibilidad en tiempo real que evita las reservas conflictivas y las reservas excesivas.<\/li>\n<li>Env\u00eda confirmaciones autom\u00e1ticas, recordatorios y notificaciones a miembros del grupo y organizadores.<\/li>\n<li>Se integra con varias pasarelas de pago para cobrar tarifas de reserva, dep\u00f3sitos o pagos completos.<\/li>\n<li>Ofrece opciones de personalizaci\u00f3n flexibles para el formulario de reserva, plantillas de correo electr\u00f3nico y reglas de reserva.<\/li>\n<li>Admite m\u00faltiples idiomas y monedas para reservas internacionales.<\/li>\n<li>Funciona sin problemas con Bookly Pro y otros complementos Bookly.<\/li>\n<li>Proporciona documentaci\u00f3n completa, tutoriales y soporte para una f\u00e1cil configuraci\u00f3n y uso.<\/li>\n<li>Ayuda a las empresas y organizaciones a aumentar sus ingresos, satisfacci\u00f3n del cliente y eficiencia al simplificar las reservas grupales.<\/li>\n<\/ul>\n","protected":false},"excerpt":{"rendered":"<p>Descubra el poder del complemento Bookly Group Booking, una herramienta de vanguardia dise\u00f1ada para revolucionar su proceso de reserva. Este complemento le permite administrar m\u00faltiples reservas simult\u00e1neamente, por lo que es un activo valioso para empresas de todos los tama\u00f1os. Con su interfaz f\u00e1cil de usar, puede programar r\u00e1pidamente las reservas grupales, ahorr\u00e1ndole tiempo y recursos valiosos. Ya sea que sea due\u00f1o de un estudio de fitness, un centro de tutor\u00eda o que ejecute un negocio de gu\u00eda tur\u00edstico, el complemento Bookly Group Booking est\u00e1 dise\u00f1ado para optimizar sus operaciones, mejorar la satisfacci\u00f3n del cliente y, en \u00faltima instancia, aumentar su resultado final. Experimente los beneficios de la gesti\u00f3n eficiente de la reserva con el complemento de la reserva del grupo Bookly.<\/p>\n","protected":false},"featured_media":165517,"comment_status":"open","ping_status":"open","template":"","meta":[],"product_brand":[2339],"product_cat":[1214,1206,1211],"product_tag":[1256],"class_list":{"0":"post-117475","1":"product","2":"type-product","3":"status-publish","4":"has-post-thumbnail","6":"product_brand-codecanyon","7":"product_cat-personalizacion","8":"product_cat-plugins","9":"product_cat-wordpress-plugins","10":"product_tag-codecanyon","11":"member-discount","12":"discount-restricted","14":"first","15":"instock","16":"sale","17":"downloadable","18":"virtual","19":"sold-individually","20":"purchasable","21":"product-type-simple"},"_links":{"self":[{"href":"https:\/\/gpl-love.com\/es\/wp-json\/wp\/v2\/product\/117475","targetHints":{"allow":["GET"]}}],"collection":[{"href":"https:\/\/gpl-love.com\/es\/wp-json\/wp\/v2\/product"}],"about":[{"href":"https:\/\/gpl-love.com\/es\/wp-json\/wp\/v2\/types\/product"}],"replies":[{"embeddable":true,"href":"https:\/\/gpl-love.com\/es\/wp-json\/wp\/v2\/comments?post=117475"}],"wp:featuredmedia":[{"embeddable":true,"href":"https:\/\/gpl-love.com\/es\/wp-json\/wp\/v2\/media\/165517"}],"wp:attachment":[{"href":"https:\/\/gpl-love.com\/es\/wp-json\/wp\/v2\/media?parent=117475"}],"wp:term":[{"taxonomy":"product_brand","embeddable":true,"href":"https:\/\/gpl-love.com\/es\/wp-json\/wp\/v2\/product_brand?post=117475"},{"taxonomy":"product_cat","embeddable":true,"href":"https:\/\/gpl-love.com\/es\/wp-json\/wp\/v2\/product_cat?post=117475"},{"taxonomy":"product_tag","embeddable":true,"href":"https:\/\/gpl-love.com\/es\/wp-json\/wp\/v2\/product_tag?post=117475"}],"curies":[{"name":"wp","href":"https:\/\/api.w.org\/{rel}","templated":true}]}}