{"id":117474,"date":"2025-11-17T00:00:00","date_gmt":"2025-11-17T05:00:00","guid":{"rendered":"https:\/\/gpl-love.com\/es\/?post_type=product&#038;p=117474"},"modified":"2026-03-09T07:21:33","modified_gmt":"2026-03-09T12:21:33","slug":"bookly-ratings","status":"publish","type":"product","link":"https:\/\/gpl-love.com\/es\/producto\/bookly-ratings\/","title":{"rendered":"Bookly Ratings 3.1"},"content":{"rendered":"<h3>Bookly Ratings Caracteristicas<\/h3>\n<p>Las calificaciones en libros, una herramienta de vanguardia, ha sido ingeniosamente desarrollada para satisfacer las necesidades de los entusiastas de los libros en su b\u00fasqueda de encontrar su pr\u00f3xima gema literaria. Esta plataforma notablemente avanzada permite a los usuarios un extenso repertorio de calificaciones confiables y meticulosamente precisas relacionadas con una amplia gama de libros, que se basan en ideas invaluables proporcionadas por lectores genuinos. Al emplear las calificaciones en libros, las personas pueden navegar sin esfuerzo a trav\u00e9s de una amplia selecci\u00f3n de obras literarias, clasific\u00e1ndolas de acuerdo con g\u00e9neros, autores o incluso t\u00edtulos, otorg\u00e1ndoles un acceso r\u00e1pido a una gran cantidad de informaci\u00f3n detallada que abarca la calificaci\u00f3n de cada libro, las revisiones y las revisiones y las revisiones sinopsis. Esta caracter\u00edstica invaluable equipa a los usuarios con el conocimiento requerido para tomar decisiones juiciosas con respecto a sus selecciones de lectura, de manera efectiva alejada de las temidas escoltas de invertir tiempo y dinero valiosos en libros que no cautivan sus intereses o se alinean con sus expectativas. Independientemente de si uno es un lector casual que simplemente incursiona en los \u00e1mbitos de la literatura o un bibli\u00f3filo ferviente en busca de su pr\u00f3xima obsesi\u00f3n literaria, las calificaciones librales sirven indudablemente como un verdadero regalo del cielo para facilitar el descubrimiento de la obra maestra literaria naciente.<\/p>\n<ul>\n<li>Rastrear y almacenar con precisi\u00f3n las calificaciones de los clientes para su negocio<\/li>\n<li>El n\u00famero ilimitado de calificaciones se puede registrar y analizar<\/li>\n<li>Las actualizaciones en tiempo real le permiten ver sus calificaciones al instante<\/li>\n<li>Sistema de calificaci\u00f3n personalizable para satisfacer las necesidades y objetivos de su negocio<\/li>\n<li>Interfaz f\u00e1cil de usar tanto para clientes como para el personal<\/li>\n<li>Integraci\u00f3n con software de programaci\u00f3n Bookly para la gesti\u00f3n simplificada<\/li>\n<li>An\u00e1lisis detallado e informes le permite ver patrones y mejorar la satisfacci\u00f3n del cliente<\/li>\n<li>Una herramienta valiosa para construir su reputaci\u00f3n en l\u00ednea y aumentar la confianza del cliente<\/li>\n<li>Compatible con m\u00faltiples plataformas y dispositivos para un acceso conveniente<\/li>\n<li>Almacenamiento y protecci\u00f3n de datos seguros para la privacidad del cliente<\/li>\n<\/ul>\n","protected":false},"excerpt":{"rendered":"<p>Descubra el poder de las calificaciones en libros, una herramienta innovadora dise\u00f1ada para elevar su experiencia de lectura. Ya sea que sea un \u00e1vido lector, miembro del club de lectura o un entusiasta literario, Bookly Ratings le ofrece una plataforma \u00fanica para calificar y revisar sus lecturas favoritas. No es solo una aplicaci\u00f3n; Es una comunidad de amantes de los libros que comparten sus pensamientos y opiniones sobre varios libros. Imagine tener una biblioteca virtual a su alcance donde puede acceder a las calificaciones y revisiones en cualquier momento y en cualquier lugar. Esta plataforma f\u00e1cil de usar no solo le permite compartir sus rese\u00f1as, sino que tambi\u00e9n le proporciona recomendaciones basadas en sus preferencias de lectura. Con las calificaciones de Bookly, no solo est\u00e1s leyendo un libro; lo est\u00e1s experimentando. Entonces, \u00bfpor qu\u00e9 esperar? \u00a1Sum\u00e9rgete en el mundo de los libros con calificaciones en libros hoy!<\/p>\n","protected":false},"featured_media":165527,"comment_status":"open","ping_status":"open","template":"","meta":[],"product_brand":[2339],"product_cat":[1214,1206,1211],"product_tag":[1256],"class_list":{"0":"post-117474","1":"product","2":"type-product","3":"status-publish","4":"has-post-thumbnail","6":"product_brand-codecanyon","7":"product_cat-personalizacion","8":"product_cat-plugins","9":"product_cat-wordpress-plugins","10":"product_tag-codecanyon","11":"member-discount","12":"discount-restricted","14":"first","15":"instock","16":"sale","17":"downloadable","18":"virtual","19":"sold-individually","20":"purchasable","21":"product-type-simple"},"_links":{"self":[{"href":"https:\/\/gpl-love.com\/es\/wp-json\/wp\/v2\/product\/117474","targetHints":{"allow":["GET"]}}],"collection":[{"href":"https:\/\/gpl-love.com\/es\/wp-json\/wp\/v2\/product"}],"about":[{"href":"https:\/\/gpl-love.com\/es\/wp-json\/wp\/v2\/types\/product"}],"replies":[{"embeddable":true,"href":"https:\/\/gpl-love.com\/es\/wp-json\/wp\/v2\/comments?post=117474"}],"wp:featuredmedia":[{"embeddable":true,"href":"https:\/\/gpl-love.com\/es\/wp-json\/wp\/v2\/media\/165527"}],"wp:attachment":[{"href":"https:\/\/gpl-love.com\/es\/wp-json\/wp\/v2\/media?parent=117474"}],"wp:term":[{"taxonomy":"product_brand","embeddable":true,"href":"https:\/\/gpl-love.com\/es\/wp-json\/wp\/v2\/product_brand?post=117474"},{"taxonomy":"product_cat","embeddable":true,"href":"https:\/\/gpl-love.com\/es\/wp-json\/wp\/v2\/product_cat?post=117474"},{"taxonomy":"product_tag","embeddable":true,"href":"https:\/\/gpl-love.com\/es\/wp-json\/wp\/v2\/product_tag?post=117474"}],"curies":[{"name":"wp","href":"https:\/\/api.w.org\/{rel}","templated":true}]}}