{"id":117473,"date":"2025-11-14T00:00:00","date_gmt":"2025-11-14T05:00:00","guid":{"rendered":"https:\/\/gpl-love.com\/es\/?post_type=product&#038;p=117473"},"modified":"2026-03-09T07:21:12","modified_gmt":"2026-03-09T12:21:12","slug":"bookly-custom-fields-addon","status":"publish","type":"product","link":"https:\/\/gpl-love.com\/es\/producto\/bookly-custom-fields-addon\/","title":{"rendered":"Bookly Custom Fields Addon 5.0"},"content":{"rendered":"<h3>Bookly Custom Fields Addon Caracteristicas<\/h3>\n<p>Bookly Custom Fields Addon, una herramienta notablemente robusta, otorga a los usuarios la capacidad de generar sus propios campos personalizados para emplear dentro de sus formularios de reserva. Este complemento excepcional demuestra ser un activo invaluable para las empresas que requieren la adquisici\u00f3n de informaci\u00f3n precisa de sus clientes, lo que les permite ofrecer lo m\u00e1ximo en t\u00e9rminos de provisi\u00f3n de servicios. Con el complemento de campos personalizados en Bookly, los usuarios pueden incorporar a la perfecci\u00f3n una mir\u00edada de campos como casillas de verificaci\u00f3n, botones de radio y campos de texto en sus formularios de reserva. Tal complemento no solo es navegable sin esfuerzo, sino que tambi\u00e9n es notablemente adaptable, lo que permite a los usuarios adaptar sus formas para satisfacer sus requisitos \u00fanicos. Independientemente de si uno es un propietario de un establecimiento a escala modesta o un conglomerado de proporciones considerables, el complemento de campos personalizados en libros est\u00e1 listo para ayudar en la racionalizaci\u00f3n del proceso de reserva al tiempo que eleva simult\u00e1neamente la experiencia del cliente a alturas sin precedentes.<\/p>\n<ul>\n<li>Permite a los usuarios agregar y recopilar informaci\u00f3n adicional de los clientes durante el proceso de reserva<\/li>\n<li>Ofrece flexibilidad para personalizar los formularios de reserva para adaptarse a las necesidades comerciales<\/li>\n<li>Permite la creaci\u00f3n de campos obligatorios y opcionales para garantizar que se recopile informaci\u00f3n completa y precisa<\/li>\n<li>Compatible con constructores de forma populares como formularios de gravedad y Formulario de contacto 7<\/li>\n<li>Se integra a la perfecci\u00f3n con el complemento base en libros<\/li>\n<li>Agiliza el proceso de reserva reduciendo la necesidad de comunicaci\u00f3n de seguimiento con los clientes<\/li>\n<li>Mejora la experiencia del cliente al proporcionar un formulario de reserva integral<\/li>\n<\/ul>\n","protected":false},"excerpt":{"rendered":"<p>El complemento Bookly Custom Fields es una herramienta notable dise\u00f1ada para mejorar su sistema de reserva en l\u00ednea. Este complemento le proporciona la flexibilidad para personalizar su formulario de reserva, brind\u00e1ndole el control completo sobre la informaci\u00f3n que recopila de sus clientes. Permite un servicio m\u00e1s personalizado, asegurando que re\u00fana todos los detalles necesarios para cada cita. Ya sea que necesite agregar campos para instrucciones espec\u00edficas, preferencias personales o historial m\u00e9dicos, el complemento de campos personalizados Bookly lo hace f\u00e1cil. Este complemento es f\u00e1cil de usar y puede integrarse f\u00e1cilmente en su sistema existente. Actualice su experiencia de reserva en l\u00ednea con el complemento de campos personalizados Bookly.<\/p>\n","protected":false},"featured_media":165511,"comment_status":"open","ping_status":"open","template":"","meta":[],"product_brand":[2339],"product_cat":[1214,1206,1211],"product_tag":[1256],"class_list":{"0":"post-117473","1":"product","2":"type-product","3":"status-publish","4":"has-post-thumbnail","6":"product_brand-codecanyon","7":"product_cat-personalizacion","8":"product_cat-plugins","9":"product_cat-wordpress-plugins","10":"product_tag-codecanyon","11":"member-discount","12":"discount-restricted","14":"first","15":"instock","16":"sale","17":"downloadable","18":"virtual","19":"sold-individually","20":"purchasable","21":"product-type-simple"},"_links":{"self":[{"href":"https:\/\/gpl-love.com\/es\/wp-json\/wp\/v2\/product\/117473","targetHints":{"allow":["GET"]}}],"collection":[{"href":"https:\/\/gpl-love.com\/es\/wp-json\/wp\/v2\/product"}],"about":[{"href":"https:\/\/gpl-love.com\/es\/wp-json\/wp\/v2\/types\/product"}],"replies":[{"embeddable":true,"href":"https:\/\/gpl-love.com\/es\/wp-json\/wp\/v2\/comments?post=117473"}],"wp:featuredmedia":[{"embeddable":true,"href":"https:\/\/gpl-love.com\/es\/wp-json\/wp\/v2\/media\/165511"}],"wp:attachment":[{"href":"https:\/\/gpl-love.com\/es\/wp-json\/wp\/v2\/media?parent=117473"}],"wp:term":[{"taxonomy":"product_brand","embeddable":true,"href":"https:\/\/gpl-love.com\/es\/wp-json\/wp\/v2\/product_brand?post=117473"},{"taxonomy":"product_cat","embeddable":true,"href":"https:\/\/gpl-love.com\/es\/wp-json\/wp\/v2\/product_cat?post=117473"},{"taxonomy":"product_tag","embeddable":true,"href":"https:\/\/gpl-love.com\/es\/wp-json\/wp\/v2\/product_tag?post=117473"}],"curies":[{"name":"wp","href":"https:\/\/api.w.org\/{rel}","templated":true}]}}