{"id":117472,"date":"2024-05-07T00:00:00","date_gmt":"2024-05-07T05:00:00","guid":{"rendered":"https:\/\/gpl-love.com\/es\/?post_type=product&#038;p=117472"},"modified":"2026-03-09T07:21:38","modified_gmt":"2026-03-09T12:21:38","slug":"bookly-special-days-addon","status":"publish","type":"product","link":"https:\/\/gpl-love.com\/es\/producto\/bookly-special-days-addon\/","title":{"rendered":"Bookly Special Days Addon 5.1"},"content":{"rendered":"<h3>Bookly Special Days Addon Caracteristicas<\/h3>\n<p>El complemento Bookly Special Days, una herramienta indispensable para las empresas con el objetivo de optimizar y enriquecer su proceso de reserva de citas, sirve como una opci\u00f3n \u00f3ptima. Equipados con este complemento, los usuarios pueden establecer sin esfuerzo formularios de reserva a medida que atienden eventos especiales como cumplea\u00f1os, aniversarios y vacaciones. Cargada con una gran cantidad de funcionalidades, el complemento permite a los usuarios configurar precios y descuentos personalizados, incorporar certificados de regalo y c\u00f3digos de promoci\u00f3n, y enviar recordatorios automatizados a su estimada clientela. En conclusi\u00f3n, el complemento Bookly Days Special se mantiene como una soluci\u00f3n robusta y altamente efectiva, asegurando que las empresas ofrezcan a sus clientes una experiencia de reserva personalizada y sin esfuerzo.<\/p>\n<ul>\n<li>Extiende el sistema de reservas en l\u00ednea de Bookly para incluir d\u00edas especiales como vacaciones, aniversarios y cumplea\u00f1os.<\/li>\n<li>Permite a las empresas crear promociones y paquetes de d\u00edas especiales personalizados para sus clientes.<\/li>\n<li>Admite recordatorios y notificaciones de correo electr\u00f3nico autom\u00e1ticos para d\u00edas especiales.<\/li>\n<li>Permite a las empresas recopilar y almacenar informaci\u00f3n del cliente relacionada con d\u00edas especiales, como preferencias de regalo o restricciones diet\u00e9ticas.<\/li>\n<li>Ofrece una f\u00e1cil integraci\u00f3n con el complemento de programaci\u00f3n Bookly Pro.<\/li>\n<li>Proporciona a las empresas datos valiosos sobre el comportamiento y las preferencias del cliente relacionadas con d\u00edas especiales.<\/li>\n<\/ul>\n","protected":false},"excerpt":{"rendered":"<p>Mejore su experiencia de programaci\u00f3n con nuestro complemento Bookly Special Days. Esta caracter\u00edstica \u00fanica le permite personalizar sus horarios de trabajo para ocasiones especiales. Ya sea una temporada de vacaciones, un evento personal o un cambio repentino en su rutina, el complemento de d\u00edas especiales puede ajustar su horario en consecuencia. Este complemento ofrece una interfaz intuitiva, lo que facilita marcar sus d\u00edas especiales y ajustar sus servicios y horas de personal. Es una excelente manera de administrar cambios inesperados, asegurando que su negocio funcione sin problemas, sin importar el d\u00eda. Disfrute de la conveniencia de la programaci\u00f3n flexible con el complemento de Bookly Special Days.<\/p>\n","protected":false},"featured_media":165530,"comment_status":"open","ping_status":"open","template":"","meta":[],"product_brand":[2339],"product_cat":[1214,1206,1211],"product_tag":[1256],"class_list":{"0":"post-117472","1":"product","2":"type-product","3":"status-publish","4":"has-post-thumbnail","6":"product_brand-codecanyon","7":"product_cat-personalizacion","8":"product_cat-plugins","9":"product_cat-wordpress-plugins","10":"product_tag-codecanyon","11":"member-discount","12":"discount-restricted","14":"first","15":"instock","16":"sale","17":"downloadable","18":"virtual","19":"sold-individually","20":"purchasable","21":"product-type-simple"},"_links":{"self":[{"href":"https:\/\/gpl-love.com\/es\/wp-json\/wp\/v2\/product\/117472","targetHints":{"allow":["GET"]}}],"collection":[{"href":"https:\/\/gpl-love.com\/es\/wp-json\/wp\/v2\/product"}],"about":[{"href":"https:\/\/gpl-love.com\/es\/wp-json\/wp\/v2\/types\/product"}],"replies":[{"embeddable":true,"href":"https:\/\/gpl-love.com\/es\/wp-json\/wp\/v2\/comments?post=117472"}],"wp:featuredmedia":[{"embeddable":true,"href":"https:\/\/gpl-love.com\/es\/wp-json\/wp\/v2\/media\/165530"}],"wp:attachment":[{"href":"https:\/\/gpl-love.com\/es\/wp-json\/wp\/v2\/media?parent=117472"}],"wp:term":[{"taxonomy":"product_brand","embeddable":true,"href":"https:\/\/gpl-love.com\/es\/wp-json\/wp\/v2\/product_brand?post=117472"},{"taxonomy":"product_cat","embeddable":true,"href":"https:\/\/gpl-love.com\/es\/wp-json\/wp\/v2\/product_cat?post=117472"},{"taxonomy":"product_tag","embeddable":true,"href":"https:\/\/gpl-love.com\/es\/wp-json\/wp\/v2\/product_tag?post=117472"}],"curies":[{"name":"wp","href":"https:\/\/api.w.org\/{rel}","templated":true}]}}