{"id":117470,"date":"2025-11-17T00:00:00","date_gmt":"2025-11-17T05:00:00","guid":{"rendered":"https:\/\/gpl-love.com\/es\/?post_type=product&#038;p=117470"},"modified":"2026-03-09T07:21:41","modified_gmt":"2026-03-09T12:21:41","slug":"bookly-staff-cabinet-addon","status":"publish","type":"product","link":"https:\/\/gpl-love.com\/es\/producto\/bookly-staff-cabinet-addon\/","title":{"rendered":"Bookly Staff Cabinet Addon 5.9"},"content":{"rendered":"<h3>Bookly Staff Cabinet Addon Caracteristicas<\/h3>\n<p>El complemento del gabinete de personal de Bookly demuestra ser una herramienta extremadamente robusta y potente, que sirve como un recurso indispensable para las empresas que buscan mejorar la eficacia de la gesti\u00f3n del personal. Este notable complemento permite a los usuarios organizar y designar horarios sin esfuerzo, asignar tareas, supervisar los perfiles de los empleados y realizar muchas otras tareas esenciales. Adem\u00e1s, la interfaz f\u00e1cil de usar garantiza un acceso perfecto a toda la informaci\u00f3n necesaria, mientras que la capacidad de adaptar el software para cumplir con los requisitos distintivos de las empresas a trav\u00e9s de sus opciones personalizables es una caracter\u00edstica invaluable. En consecuencia, el complemento del gabinete del personal de Bookly economiza significativamente las operaciones de tiempo y l\u00ednea de racionalizaci\u00f3n, convirti\u00e9ndose as\u00ed en un activo esencial para cualquier empresa que aspire a maximizar la productividad y minimizar los errores.<\/p>\n<ul>\n<li>Soluci\u00f3n de almacenamiento seguro para pertenencias personales de los miembros del personal<\/li>\n<li>Hecho de materiales duraderos para garantizar la longevidad<\/li>\n<li>Estantes ajustables para acomodar varios art\u00edculos y pertenencias<\/li>\n<li>Puerta cerrable para mayor seguridad<\/li>\n<li>Personalizaci\u00f3n opcional con los colores y el logotipo de su marca<\/li>\n<li>F\u00e1cil de instalar con instrucciones paso a paso y todo el hardware necesario incluido<\/li>\n<li>Compatible con complementos Bookly Pro y Bookly Lite para una integraci\u00f3n perfecta en su sistema de reservas<\/li>\n<li>Ahorra espacio eliminando la necesidad de unidades de almacenamiento separadas para cada miembro del personal<\/li>\n<li>Mejora la organizaci\u00f3n y la eficiencia en su lugar de trabajo al proporcionar una ubicaci\u00f3n designada para las pertenencias personales del personal.<\/li>\n<\/ul>\n","protected":false},"excerpt":{"rendered":"<p>Explore los beneficios del complemento del gabinete de personal de Bookly, una herramienta poderosa dise\u00f1ada para optimizar sus operaciones comerciales. Con este complemento, puede administrar de manera efectiva los horarios, responsabilidades y din\u00e1micas de trabajo en general. Es un activo invaluable para supervisores y l\u00edderes de equipo, lo que permite la gesti\u00f3n eficiente del equipo y la asignaci\u00f3n de recursos.<\/p>\n<p>El complemento del gabinete de personal de Bookly proporciona a los miembros del personal su propio inicio de sesi\u00f3n personal, aportando un nuevo nivel de autonom\u00eda y transparencia a sus operaciones. Cada miembro del personal puede acceder a su horario, administrar citas y comunicarse directamente con los clientes. Esto no solo ahorra tiempo, sino que tambi\u00e9n mejora la experiencia general del cliente.<\/p>\n<p>Adem\u00e1s, este complemento se integra perfectamente con el complemento Bookly Pro, asegurando una interfaz consistente y f\u00e1cil de usar para su personal. Reduce significativamente la curva de aprendizaje, lo que permite a su equipo navegar y utilizar el software con facilidad.<\/p>\n<p>El complemento del gabinete de personal de Bookly es imprescindible para las empresas que tienen como objetivo optimizar sus operaciones y proporcionar a su personal una herramienta intuitiva e intuitiva. Con este complemento, no eres solo<\/p>\n","protected":false},"featured_media":165532,"comment_status":"open","ping_status":"open","template":"","meta":[],"product_brand":[2339],"product_cat":[1214,1206,1211],"product_tag":[1256],"class_list":{"0":"post-117470","1":"product","2":"type-product","3":"status-publish","4":"has-post-thumbnail","6":"product_brand-codecanyon","7":"product_cat-personalizacion","8":"product_cat-plugins","9":"product_cat-wordpress-plugins","10":"product_tag-codecanyon","11":"member-discount","12":"discount-restricted","14":"first","15":"instock","16":"sale","17":"downloadable","18":"virtual","19":"sold-individually","20":"purchasable","21":"product-type-simple"},"_links":{"self":[{"href":"https:\/\/gpl-love.com\/es\/wp-json\/wp\/v2\/product\/117470","targetHints":{"allow":["GET"]}}],"collection":[{"href":"https:\/\/gpl-love.com\/es\/wp-json\/wp\/v2\/product"}],"about":[{"href":"https:\/\/gpl-love.com\/es\/wp-json\/wp\/v2\/types\/product"}],"replies":[{"embeddable":true,"href":"https:\/\/gpl-love.com\/es\/wp-json\/wp\/v2\/comments?post=117470"}],"wp:featuredmedia":[{"embeddable":true,"href":"https:\/\/gpl-love.com\/es\/wp-json\/wp\/v2\/media\/165532"}],"wp:attachment":[{"href":"https:\/\/gpl-love.com\/es\/wp-json\/wp\/v2\/media?parent=117470"}],"wp:term":[{"taxonomy":"product_brand","embeddable":true,"href":"https:\/\/gpl-love.com\/es\/wp-json\/wp\/v2\/product_brand?post=117470"},{"taxonomy":"product_cat","embeddable":true,"href":"https:\/\/gpl-love.com\/es\/wp-json\/wp\/v2\/product_cat?post=117470"},{"taxonomy":"product_tag","embeddable":true,"href":"https:\/\/gpl-love.com\/es\/wp-json\/wp\/v2\/product_tag?post=117470"}],"curies":[{"name":"wp","href":"https:\/\/api.w.org\/{rel}","templated":true}]}}