{"id":117469,"date":"2025-11-14T00:00:00","date_gmt":"2025-11-14T05:00:00","guid":{"rendered":"https:\/\/gpl-love.com\/es\/?post_type=product&#038;p=117469"},"modified":"2026-03-09T07:21:25","modified_gmt":"2026-03-09T12:21:25","slug":"bookly-multiply-appointments-addon","status":"publish","type":"product","link":"https:\/\/gpl-love.com\/es\/producto\/bookly-multiply-appointments-addon\/","title":{"rendered":"Bookly Multiply Appointments Addon 2.8"},"content":{"rendered":"<h3>Bookly Multiply Appointments Addon Caracteristicas<\/h3>\n<p>Bookly Multiply Citas Addon, una herramienta muy robusta y avanzada, ha sido dise\u00f1ada espec\u00edficamente para satisfacer las necesidades de las empresas que buscan acomodar m\u00faltiples citas para su estimada clientela. Al aprovechar esta herramienta excepcional, las empresas pueden generar y manejar sin esfuerzo una multitud de citas para cada cliente individual, optimizando as\u00ed efectivamente su utilizaci\u00f3n del tiempo y mejorando la eficiencia operativa general. Integrado sin problemas con el complemento Bookly, este complemento presenta una interfaz de usuario navegable sin esfuerzo, lo que lo hace notablemente f\u00e1cil de usar y sin esfuerzo adaptable para cumplir con los requisitos \u00fanicos. A los usuarios se les otorga el privilegio de programar simult\u00e1neamente m\u00faltiples citas, personalizar la duraci\u00f3n e intervalos de cada cita, establecer un l\u00edmite definitivo en la cantidad de citas por d\u00eda y semana, y aprovechar una gran cantidad de otras caracter\u00edsticas notables. En consecuencia, con el complemento de citas Multiplicy Bookly, las empresas pueden optimizar sin problemas su proceso de reserva de citas al tiempo que entregan simult\u00e1neamente un nivel incomparable de excelencia en el servicio a su estimada clientela.<\/p>\n<ul>\n<li>Permite que se reserven m\u00faltiples citas a la vez<\/li>\n<li>Interfaz f\u00e1cil de usar<\/li>\n<li>Ahorra tiempo tanto para el cliente como para el negocio<\/li>\n<li>Compatible con Bookly Pro y Bookly Lite<\/li>\n<li>Se puede personalizar para satisfacer las necesidades de la empresa<\/li>\n<li>Proporciona informaci\u00f3n detallada de citas y programaci\u00f3n<\/li>\n<li>Reduce los errores en la programaci\u00f3n y la reserva<\/li>\n<li>Aumenta la eficiencia y la productividad<\/li>\n<li>Mejora la experiencia del cliente ofreciendo flexibilidad en la programaci\u00f3n<\/li>\n<li>Aelacas el proceso de reserva de citas.<\/li>\n<\/ul>\n","protected":false},"excerpt":{"rendered":"<p>El complemento de citas Multiplicy Bookly es una herramienta imprescindible para cualquier persona que busque optimizar su proceso de programaci\u00f3n. Esta aplicaci\u00f3n innovadora permite a los usuarios reservar m\u00faltiples citas a la vez, lo que lo hace ideal para empresas con alto tr\u00e1fico de clientes. Con su interfaz f\u00e1cil de usar, puede administrar y rastrear f\u00e1cilmente todas sus citas en un solo lugar, mejorando la eficiencia y la productividad. Sus caracter\u00edsticas clave incluyen un sistema de reserva intuitivo, recordatorios autom\u00e1ticos y actualizaciones en tiempo real, asegurando que nunca se pierda una reuni\u00f3n o evento importante. El complemento de citas de multiplicaci\u00f3n de Bookly no es solo una utilidad, es un cambio de juego en la gesti\u00f3n de su tiempo y negocio. Experimente la conveniencia y la eficiencia que ofrece este complemento y transforma su proceso de programaci\u00f3n en una experiencia suave y sin problemas.<\/p>\n","protected":false},"featured_media":165521,"comment_status":"open","ping_status":"open","template":"","meta":[],"product_brand":[2339],"product_cat":[1214,1206,1211],"product_tag":[1256],"class_list":{"0":"post-117469","1":"product","2":"type-product","3":"status-publish","4":"has-post-thumbnail","6":"product_brand-codecanyon","7":"product_cat-personalizacion","8":"product_cat-plugins","9":"product_cat-wordpress-plugins","10":"product_tag-codecanyon","11":"member-discount","12":"discount-restricted","14":"first","15":"instock","16":"sale","17":"downloadable","18":"virtual","19":"sold-individually","20":"purchasable","21":"product-type-simple"},"_links":{"self":[{"href":"https:\/\/gpl-love.com\/es\/wp-json\/wp\/v2\/product\/117469","targetHints":{"allow":["GET"]}}],"collection":[{"href":"https:\/\/gpl-love.com\/es\/wp-json\/wp\/v2\/product"}],"about":[{"href":"https:\/\/gpl-love.com\/es\/wp-json\/wp\/v2\/types\/product"}],"replies":[{"embeddable":true,"href":"https:\/\/gpl-love.com\/es\/wp-json\/wp\/v2\/comments?post=117469"}],"wp:featuredmedia":[{"embeddable":true,"href":"https:\/\/gpl-love.com\/es\/wp-json\/wp\/v2\/media\/165521"}],"wp:attachment":[{"href":"https:\/\/gpl-love.com\/es\/wp-json\/wp\/v2\/media?parent=117469"}],"wp:term":[{"taxonomy":"product_brand","embeddable":true,"href":"https:\/\/gpl-love.com\/es\/wp-json\/wp\/v2\/product_brand?post=117469"},{"taxonomy":"product_cat","embeddable":true,"href":"https:\/\/gpl-love.com\/es\/wp-json\/wp\/v2\/product_cat?post=117469"},{"taxonomy":"product_tag","embeddable":true,"href":"https:\/\/gpl-love.com\/es\/wp-json\/wp\/v2\/product_tag?post=117469"}],"curies":[{"name":"wp","href":"https:\/\/api.w.org\/{rel}","templated":true}]}}