{"id":117468,"date":"2024-05-03T00:00:00","date_gmt":"2024-05-03T05:00:00","guid":{"rendered":"https:\/\/gpl-love.com\/es\/?post_type=product&#038;p=117468"},"modified":"2026-03-09T07:21:19","modified_gmt":"2026-03-09T12:21:19","slug":"bookly-google-maps-address-addon","status":"publish","type":"product","link":"https:\/\/gpl-love.com\/es\/producto\/bookly-google-maps-address-addon\/","title":{"rendered":"Bookly Google Maps Address Addon 2.0"},"content":{"rendered":"<h3>Bookly Google Maps Address Addon Caracteristicas<\/h3>\n<p>El complemento de direcciones de Google Maps de Bookly es una herramienta incre\u00edblemente robusta y altamente efectiva que las empresas pueden utilizar para optimizar y optimizar su proceso de reserva de citas. Este complemento din\u00e1mico e innovador ofrece a los usuarios la capacidad perfecta de navegar sin esfuerzo y identificar su ubicaci\u00f3n deseada en una interfaz de mapa de Google integral e interactiva, mejorando considerablemente la eficiencia y la facilidad de uso del procedimiento de reserva. Adem\u00e1s, con su notable capacidad de integrarse perfectamente con su software bibliotal preexistente, este complemento excepcional presenta una soluci\u00f3n notablemente conveniente y sin problemas que satisface las diversas necesidades y requisitos de las empresas que abarcan una amplia gama de tama\u00f1os e industrias, todos son Buscando ansiosamente mejorar y elevar su experiencia de reserva en l\u00ednea. Como resultado directo de la invaluable integraci\u00f3n del complemento de direcciones de Google Maps Bookly, las empresas tienen la notable oportunidad de aumentar exponencialmente los niveles de satisfacci\u00f3n del cliente, lo que a su vez inevitablemente conduce a un impulso considerable y sustancial a su desempe\u00f1o financiero y rentabilidad general.<\/p>\n<ul>\n<li>Simplifica el proceso de programaci\u00f3n de citas permitiendo a los clientes ingresar su direcci\u00f3n directamente a Google Maps<\/li>\n<li>Uplica autom\u00e1ticamente los campos de direcciones con informaci\u00f3n precisa para una f\u00e1cil reserva<\/li>\n<li>Ahorra tiempo y frustraci\u00f3n eliminando la necesidad de entrada manual o copia\/pegado<\/li>\n<li>Mejora la experiencia del cliente al proporcionar un proceso de reserva m\u00e1s sin problemas<\/li>\n<li>Aumenta la eficiencia para los proveedores de servicios reduciendo los errores y la garant\u00eda de informaci\u00f3n precisa se recopila<\/li>\n<li>Compatible con Bookly Pro y Bookly Lite Versiones 1 -0 y UP<\/li>\n<li>Disponible como un complemento para una f\u00e1cil integraci\u00f3n con el sistema de programaci\u00f3n existente de Bookly<\/li>\n<li>Requiere una tecla API de Google Maps para que funcione y garantice una informaci\u00f3n de mapeo precisa<\/li>\n<\/ul>\n","protected":false},"excerpt":{"rendered":"<p>Experimente la conveniencia de la direcci\u00f3n de combusti\u00f3n autom\u00e1tica con nuestro complemento de direcciones de Google Maps Bookly. Este complemento lleno de caracter\u00edsticas ofrece m\u00e1s que solo servicios de ubicaci\u00f3n; Proporciona a sus clientes una experiencia de usuario mejorada y una navegaci\u00f3n perfecta. Una vez instalado, sugiere autom\u00e1ticamente direcciones a medida que sus clientes escriben, ahorr\u00e1ndoles tiempo y evitando errores de escritura. Adem\u00e1s, muestra un mapa interactivo de Google para orientaci\u00f3n visual. Ya sea que ejecute una tienda en l\u00ednea, un negocio basado en servicios o un blog, el complemento de direcciones de Google Maps Bookly es una herramienta imprescindible para optimizar el proceso de reserva y mejorar la satisfacci\u00f3n del cliente. Actualice la funcionalidad de su sitio web hoy con este complemento f\u00e1cil de usar, eficiente y confiable.<\/p>\n","protected":false},"featured_media":165516,"comment_status":"open","ping_status":"open","template":"","meta":[],"product_brand":[2339],"product_cat":[1214,1206,1211],"product_tag":[1256],"class_list":{"0":"post-117468","1":"product","2":"type-product","3":"status-publish","4":"has-post-thumbnail","6":"product_brand-codecanyon","7":"product_cat-personalizacion","8":"product_cat-plugins","9":"product_cat-wordpress-plugins","10":"product_tag-codecanyon","11":"member-discount","12":"discount-restricted","14":"first","15":"instock","16":"sale","17":"downloadable","18":"virtual","19":"sold-individually","20":"purchasable","21":"product-type-simple"},"_links":{"self":[{"href":"https:\/\/gpl-love.com\/es\/wp-json\/wp\/v2\/product\/117468","targetHints":{"allow":["GET"]}}],"collection":[{"href":"https:\/\/gpl-love.com\/es\/wp-json\/wp\/v2\/product"}],"about":[{"href":"https:\/\/gpl-love.com\/es\/wp-json\/wp\/v2\/types\/product"}],"replies":[{"embeddable":true,"href":"https:\/\/gpl-love.com\/es\/wp-json\/wp\/v2\/comments?post=117468"}],"wp:featuredmedia":[{"embeddable":true,"href":"https:\/\/gpl-love.com\/es\/wp-json\/wp\/v2\/media\/165516"}],"wp:attachment":[{"href":"https:\/\/gpl-love.com\/es\/wp-json\/wp\/v2\/media?parent=117468"}],"wp:term":[{"taxonomy":"product_brand","embeddable":true,"href":"https:\/\/gpl-love.com\/es\/wp-json\/wp\/v2\/product_brand?post=117468"},{"taxonomy":"product_cat","embeddable":true,"href":"https:\/\/gpl-love.com\/es\/wp-json\/wp\/v2\/product_cat?post=117468"},{"taxonomy":"product_tag","embeddable":true,"href":"https:\/\/gpl-love.com\/es\/wp-json\/wp\/v2\/product_tag?post=117468"}],"curies":[{"name":"wp","href":"https:\/\/api.w.org\/{rel}","templated":true}]}}