{"id":117466,"date":"2025-11-17T00:00:00","date_gmt":"2025-11-17T05:00:00","guid":{"rendered":"https:\/\/gpl-love.com\/es\/?post_type=product&#038;p=117466"},"modified":"2026-03-09T07:21:07","modified_gmt":"2026-03-09T12:21:07","slug":"bookly-chain-appointments-addon","status":"publish","type":"product","link":"https:\/\/gpl-love.com\/es\/producto\/bookly-chain-appointments-addon\/","title":{"rendered":"Bookly Chain Appointments Addon 2.5"},"content":{"rendered":"<h3>Bookly Chain Appointments Addon Caracteristicas<\/h3>\n<p>El complemento de las citas de la cadena Bookly, una soluci\u00f3n incre\u00edblemente efectiva dirigida a las empresas que necesitan reservas de citas secuenciales e interdependientes, demuestra ser la respuesta ideal. Al ofrecer la capacidad de programar citas sin esfuerzo que involucren m\u00faltiples proveedores o servicios de servicios que requieran m\u00faltiples sesiones, este complemento realmente revoluciona la experiencia de reserva. Empodera a los clientes reservar sin problemas una serie de citas de una sola vez, simplificando el proceso general y garantizar efectivamente que todos los servicios esenciales est\u00e9n programados adecuadamente. Este complemento es incre\u00edblemente vers\u00e1til y le otorga la capacidad de establecer una cadena de citas acompa\u00f1adas de reglas y condiciones flexibles. Al incorporar el complemento de las citas de la cadena Bookly en sus operaciones, sin lugar a dudas optimizar\u00e1 su proceso de reserva, ahorrar\u00e1 el tiempo de manera efectiva y, en \u00faltima instancia, proporcionar\u00e1 una experiencia sin problemas y sin costuras para sus valiosos clientes.<\/p>\n<ul>\n<li>Agiliza el proceso de reserva de citas, lo que lo hace f\u00e1cil y eficiente para las empresas y sus clientes<\/li>\n<li>Permite a los usuarios reservar m\u00faltiples citas en una cadena, para que puedan programar una serie de citas a la vez<\/li>\n<li>Proporciona flexibilidad, con la opci\u00f3n de establecer intervalos entre citas, ajustar la duraci\u00f3n de cada cita y m\u00e1s<\/li>\n<li>Facilita la configuraci\u00f3n de citas recurrentes, para que los clientes puedan programar citas de manera regular sin tener que reservar cada una individualmente<\/li>\n<li>Ofrece formularios de reserva personalizables, para que las empresas puedan recopilar la informaci\u00f3n que necesitan de sus clientes y adaptar el proceso de reserva de citas a sus necesidades espec\u00edficas.<\/li>\n<li>Se integra a la perfecci\u00f3n con el complemento Bookly Pro y otros complementos, proporcionando una soluci\u00f3n de reserva completa para empresas de todos los tipos y tama\u00f1os<\/li>\n<li>Permite a las empresas establecer recordatorios y notificaciones para las pr\u00f3ximas citas, reduciendo la probabilidad de que no se shows y citas perdidas<\/li>\n<li>Proporciona informes y an\u00e1lisis detallados, brindando a las empresas informaci\u00f3n sobre su actividad de reserva y ayud\u00e1ndoles a optimizar su proceso de programaci\u00f3n de citas para obtener la m\u00e1xima eficiencia y rentabilidad.<\/li>\n<\/ul>\n","protected":false},"excerpt":{"rendered":"<p>El complemento de las citas de la cadena Bookly aporta un nuevo nivel de eficiencia y conveniencia a sus necesidades de programaci\u00f3n. Con este complemento, puede vincular sin esfuerzo m\u00faltiples citas de servicio juntas, lo que permite a sus clientes reservar varios servicios en una sola visita. Es una soluci\u00f3n ideal para las empresas que proporcionan una gama de servicios, como salones de belleza, centros de bienestar y cl\u00ednicas. Este complemento permite a sus clientes ahorrar tiempo y garantiza una experiencia de reserva fluida y perfecta. Con el complemento de las citas de la cadena Bookly, puede aumentar su productividad, mejorar la satisfacci\u00f3n del cliente y optimizar su proceso de reserva. Actualice su sistema de programaci\u00f3n con este complemento vers\u00e1til y f\u00e1cil de usar.<\/p>\n","protected":false},"featured_media":165507,"comment_status":"open","ping_status":"open","template":"","meta":[],"product_brand":[2339],"product_cat":[1214,1206,1211],"product_tag":[1256],"class_list":{"0":"post-117466","1":"product","2":"type-product","3":"status-publish","4":"has-post-thumbnail","6":"product_brand-codecanyon","7":"product_cat-personalizacion","8":"product_cat-plugins","9":"product_cat-wordpress-plugins","10":"product_tag-codecanyon","11":"member-discount","12":"discount-restricted","14":"first","15":"instock","16":"sale","17":"downloadable","18":"virtual","19":"sold-individually","20":"purchasable","21":"product-type-simple"},"_links":{"self":[{"href":"https:\/\/gpl-love.com\/es\/wp-json\/wp\/v2\/product\/117466","targetHints":{"allow":["GET"]}}],"collection":[{"href":"https:\/\/gpl-love.com\/es\/wp-json\/wp\/v2\/product"}],"about":[{"href":"https:\/\/gpl-love.com\/es\/wp-json\/wp\/v2\/types\/product"}],"replies":[{"embeddable":true,"href":"https:\/\/gpl-love.com\/es\/wp-json\/wp\/v2\/comments?post=117466"}],"wp:featuredmedia":[{"embeddable":true,"href":"https:\/\/gpl-love.com\/es\/wp-json\/wp\/v2\/media\/165507"}],"wp:attachment":[{"href":"https:\/\/gpl-love.com\/es\/wp-json\/wp\/v2\/media?parent=117466"}],"wp:term":[{"taxonomy":"product_brand","embeddable":true,"href":"https:\/\/gpl-love.com\/es\/wp-json\/wp\/v2\/product_brand?post=117466"},{"taxonomy":"product_cat","embeddable":true,"href":"https:\/\/gpl-love.com\/es\/wp-json\/wp\/v2\/product_cat?post=117466"},{"taxonomy":"product_tag","embeddable":true,"href":"https:\/\/gpl-love.com\/es\/wp-json\/wp\/v2\/product_tag?post=117466"}],"curies":[{"name":"wp","href":"https:\/\/api.w.org\/{rel}","templated":true}]}}