{"id":117464,"date":"2025-11-14T00:00:00","date_gmt":"2025-11-14T05:00:00","guid":{"rendered":"https:\/\/gpl-love.com\/es\/?post_type=product&#038;p=117464"},"modified":"2026-03-09T07:21:28","modified_gmt":"2026-03-09T12:21:28","slug":"bookly-packages-addon","status":"publish","type":"product","link":"https:\/\/gpl-love.com\/es\/producto\/bookly-packages-addon\/","title":{"rendered":"Bookly Packages Addon 7.4"},"content":{"rendered":"<h3>Bookly Packages Addon Caracteristicas<\/h3>\n<p>Bookly Packages Addon es una herramienta excepcionalmente robusta e inmensamente valiosa que permite a las empresas ofrecer ofertas de paquetes irresistibles a sus estimados clientes. Al aprovechar las incre\u00edbles capacidades de este complemento, las empresas pueden crear sin problemas y presentar paquetes atractivos que abarcan una multitud de servicios o productos, al tiempo que determinan ingeniosamente un precio singular para todo el paquete. Esta ingeniosa caracter\u00edstica facilita una soluci\u00f3n conveniente y rentable para los clientes, lo que les permite obtener convenientemente una variedad de servicios o productos en una sola transacci\u00f3n, lo que resulta en ahorros sustanciales. Adem\u00e1s, este notable complemento cuenta con una variedad de caracter\u00edsticas adicionales, que incluyen, entre otros, la capacidad de personalizar los nombres y descripciones de paquetes, establecer duraciones precisas de paquetes e incluso extender descuentos lucrativos para paquetes seleccionados. Los excepcionales paquetes de libros en libros revolucionaron el proceso de reserva para los clientes, optimizando la eficiencia y, en \u00faltima instancia, impulsan el crecimiento de los ingresos sin precedentes.<\/p>\n<ul>\n<li>Ofrece varios paquetes para Bookly, un complemento de reserva y programaci\u00f3n para WordPress<\/li>\n<li>Se puede agregar al complemento Bookly para permitir a los usuarios crear y vender paquetes de servicios personalizables<\/li>\n<li>Incluye opciones para establecer precios de paquetes, duraci\u00f3n y servicios incluidos<\/li>\n<li>Permite una f\u00e1cil gesti\u00f3n de las reservas de clientes y el uso de paquetes<\/li>\n<li>Ayuda a las empresas y proveedores de servicios a aumentar los ingresos al ofrecer servicios agrupados<\/li>\n<li>Proporciona una interfaz elegante y moderna para la creaci\u00f3n y los paquetes de servicios de marketing<\/li>\n<li>Se integra a la perfecci\u00f3n con otros complementos y caracter\u00edsticas en Bookly<\/li>\n<li>Ahorra tiempo y aumenta la eficiencia al automatizar el proceso de reserva<\/li>\n<li>Ofrece una soluci\u00f3n flexible y personalizable para empresas de todos los tama\u00f1os y tipos.<\/li>\n<\/ul>\n","protected":false},"excerpt":{"rendered":"<p>Actualice su sistema de reserva con el complemento de paquetes Bookly, una herramienta innovadora que proporciona una experiencia de programaci\u00f3n perfecta para sus clientes. Este complemento permite a sus clientes reservar m\u00faltiples citas a la vez, ahorr\u00e1ndoles tiempo y esfuerzo, y aumentando su satisfacci\u00f3n. Con su interfaz f\u00e1cil de usar, los clientes pueden seleccionar y comprar f\u00e1cilmente paquetes de sus servicios. El complemento de Packages Bookly tambi\u00e9n ofrece un sistema de gesti\u00f3n flexible, lo que le permite rastrear la cantidad de servicios comprados y usados, lo que garantiza que ninguna cita pase desapercibida. Mejore la eficiencia de su negocio y la satisfacci\u00f3n del cliente con el complemento de paquetes Bookly.<\/p>\n","protected":false},"featured_media":165523,"comment_status":"open","ping_status":"open","template":"","meta":[],"product_brand":[2339],"product_cat":[1214,1206,1211],"product_tag":[1256],"class_list":{"0":"post-117464","1":"product","2":"type-product","3":"status-publish","4":"has-post-thumbnail","6":"product_brand-codecanyon","7":"product_cat-personalizacion","8":"product_cat-plugins","9":"product_cat-wordpress-plugins","10":"product_tag-codecanyon","11":"member-discount","12":"discount-restricted","14":"first","15":"instock","16":"sale","17":"downloadable","18":"virtual","19":"sold-individually","20":"purchasable","21":"product-type-simple"},"_links":{"self":[{"href":"https:\/\/gpl-love.com\/es\/wp-json\/wp\/v2\/product\/117464","targetHints":{"allow":["GET"]}}],"collection":[{"href":"https:\/\/gpl-love.com\/es\/wp-json\/wp\/v2\/product"}],"about":[{"href":"https:\/\/gpl-love.com\/es\/wp-json\/wp\/v2\/types\/product"}],"replies":[{"embeddable":true,"href":"https:\/\/gpl-love.com\/es\/wp-json\/wp\/v2\/comments?post=117464"}],"wp:featuredmedia":[{"embeddable":true,"href":"https:\/\/gpl-love.com\/es\/wp-json\/wp\/v2\/media\/165523"}],"wp:attachment":[{"href":"https:\/\/gpl-love.com\/es\/wp-json\/wp\/v2\/media?parent=117464"}],"wp:term":[{"taxonomy":"product_brand","embeddable":true,"href":"https:\/\/gpl-love.com\/es\/wp-json\/wp\/v2\/product_brand?post=117464"},{"taxonomy":"product_cat","embeddable":true,"href":"https:\/\/gpl-love.com\/es\/wp-json\/wp\/v2\/product_cat?post=117464"},{"taxonomy":"product_tag","embeddable":true,"href":"https:\/\/gpl-love.com\/es\/wp-json\/wp\/v2\/product_tag?post=117464"}],"curies":[{"name":"wp","href":"https:\/\/api.w.org\/{rel}","templated":true}]}}