{"id":117463,"date":"2025-11-14T00:00:00","date_gmt":"2025-11-14T05:00:00","guid":{"rendered":"https:\/\/gpl-love.com\/es\/?post_type=product&#038;p=117463"},"modified":"2026-03-09T07:21:42","modified_gmt":"2026-03-09T12:21:42","slug":"bookly-stripe","status":"publish","type":"product","link":"https:\/\/gpl-love.com\/es\/producto\/bookly-stripe\/","title":{"rendered":"Bookly Stripe 4.8"},"content":{"rendered":"<h3>Bookly Stripe Caracteristicas<\/h3>\n<p>Bookly Stripe, una herramienta en l\u00ednea robusta, ha sido dise\u00f1ada espec\u00edficamente para administrar y procesar los pagos de manera eficiente para las empresas. Sirve como una soluci\u00f3n ideal para las empresas que dependen en gran medida de los pagos en l\u00ednea por sus servicios o productos ofrecidos. Al integrar sin problemas el sistema de pago proporcionado por Bookly Stripe en su sitio web o aplicaci\u00f3n, puede aceptar pagos sin esfuerzo de sus valiosos clientes. Esta notable herramienta no solo ofrece una interfaz simplista y f\u00e1cil de usar para administrar de manera efectiva toda su informaci\u00f3n de facturaci\u00f3n, sino que tambi\u00e9n le permite generar y administrar sin esfuerzo facturas, suscripciones y reembolsos. Adem\u00e1s, Bookly Stripe proporciona una variedad de funcionalidades avanzadas, como facturaci\u00f3n autom\u00e1tica, gesti\u00f3n del cliente y formularios de pago personalizados, todos los cuales contribuyen a optimizar su proceso de pago. Por lo tanto, teniendo en cuenta sus caracter\u00edsticas ejemplares, es evidente que Bookly Stripe sirve como una opci\u00f3n altamente encomiable para las empresas con el objetivo de optimizar su sistema de pago y mejorar la experiencia del cliente.<\/p>\n<ul>\n<li>Integraci\u00f3n perfecta entre el procesamiento de pagos bookly y stripe<\/li>\n<li>Permite a las empresas aceptar f\u00e1cilmente los pagos con tarjeta de cr\u00e9dito para las citas<\/li>\n<li>Medidas de seguridad avanzadas para proteger la informaci\u00f3n confidencial del cliente<\/li>\n<li>Formularios de pago personalizables para adaptarse a la marca y las necesidades de cada negocio<\/li>\n<li>Syncs Payments autom\u00e1ticamente con el sistema de programaci\u00f3n de citas de Bookly<\/li>\n<li>Capacidad para cobrar autom\u00e1ticamente a los clientes por citas o cancelaciones de no presentaci\u00f3n de acuerdo con las pol\u00edticas de la empresa<\/li>\n<li>Informes y an\u00e1lisis en tiempo real para rastrear pagos e ingresos<\/li>\n<li>Flexibilidad para aceptar pagos de m\u00faltiples monedas y pa\u00edses<\/li>\n<li>Opci\u00f3n para que los clientes ahoren su informaci\u00f3n de pago para futuras citas.<\/li>\n<\/ul>\n","protected":false},"excerpt":{"rendered":"<p>Bookly Stripe es un complemento premium que se integra perfectamente con la aplicaci\u00f3n Bookly Pro, que proporciona una plataforma altamente eficiente y segura para los pagos en l\u00ednea. Permite a sus clientes realizar transacciones sin esfuerzo utilizando sus tarjetas de cr\u00e9dito, por lo que es una herramienta indispensable para las empresas que buscan mejorar la conveniencia de sus clientes y aumentar las ventas. Con Stripe Bookly, tambi\u00e9n obtendr\u00e1 una interfaz f\u00e1cil de usar que admite pagos recurrentes, asegurando que sus clientes puedan suscribirse a sus servicios con facilidad. Uno de los principales beneficios son sus caracter\u00edsticas de seguridad superiores, que protegen datos confidenciales y brindan tranquilidad tanto para las empresas como para los clientes. Aumente el crecimiento de su negocio con Stripe Bookly, la soluci\u00f3n definitiva para pagos en l\u00ednea simples, seguros y sin problemas.<\/p>\n","protected":false},"featured_media":165533,"comment_status":"open","ping_status":"open","template":"","meta":[],"product_brand":[2339],"product_cat":[1214,1206,1211],"product_tag":[1256],"class_list":{"0":"post-117463","1":"product","2":"type-product","3":"status-publish","4":"has-post-thumbnail","6":"product_brand-codecanyon","7":"product_cat-personalizacion","8":"product_cat-plugins","9":"product_cat-wordpress-plugins","10":"product_tag-codecanyon","11":"member-discount","12":"discount-restricted","14":"first","15":"instock","16":"sale","17":"downloadable","18":"virtual","19":"sold-individually","20":"purchasable","21":"product-type-simple"},"_links":{"self":[{"href":"https:\/\/gpl-love.com\/es\/wp-json\/wp\/v2\/product\/117463","targetHints":{"allow":["GET"]}}],"collection":[{"href":"https:\/\/gpl-love.com\/es\/wp-json\/wp\/v2\/product"}],"about":[{"href":"https:\/\/gpl-love.com\/es\/wp-json\/wp\/v2\/types\/product"}],"replies":[{"embeddable":true,"href":"https:\/\/gpl-love.com\/es\/wp-json\/wp\/v2\/comments?post=117463"}],"wp:featuredmedia":[{"embeddable":true,"href":"https:\/\/gpl-love.com\/es\/wp-json\/wp\/v2\/media\/165533"}],"wp:attachment":[{"href":"https:\/\/gpl-love.com\/es\/wp-json\/wp\/v2\/media?parent=117463"}],"wp:term":[{"taxonomy":"product_brand","embeddable":true,"href":"https:\/\/gpl-love.com\/es\/wp-json\/wp\/v2\/product_brand?post=117463"},{"taxonomy":"product_cat","embeddable":true,"href":"https:\/\/gpl-love.com\/es\/wp-json\/wp\/v2\/product_cat?post=117463"},{"taxonomy":"product_tag","embeddable":true,"href":"https:\/\/gpl-love.com\/es\/wp-json\/wp\/v2\/product_tag?post=117463"}],"curies":[{"name":"wp","href":"https:\/\/api.w.org\/{rel}","templated":true}]}}