{"id":117462,"date":"2025-11-14T00:00:00","date_gmt":"2025-11-14T05:00:00","guid":{"rendered":"https:\/\/gpl-love.com\/es\/?post_type=product&#038;p=117462"},"modified":"2026-03-09T07:21:36","modified_gmt":"2026-03-09T12:21:36","slug":"bookly-recurring-appointments","status":"publish","type":"product","link":"https:\/\/gpl-love.com\/es\/producto\/bookly-recurring-appointments\/","title":{"rendered":"Bookly Recurring Appointments 6.6"},"content":{"rendered":"<h3>Bookly Recurring Appointments Caracteristicas<\/h3>\n<p>La aplicaci\u00f3n conocida como la aplicaci\u00f3n de citas recurrentes en Bookly es una herramienta incre\u00edblemente potente y efectiva que satisface las necesidades de varias empresas que buscan formas de racionalizar y mejorar su proceso de programaci\u00f3n de citas. Ofreciendo una amplia gama de caracter\u00edsticas y funcionalidades, esta aplicaci\u00f3n permite a los usuarios establecer f\u00e1cilmente y sin esfuerzo citas recurrentes para sus estimados clientes, eliminando por completo la necesidad de la programaci\u00f3n manual y reducir significativamente el riesgo potencial asociado con las propuestas dobles. Ofreciendo un alto grado de flexibilidad y adaptabilidad, los usuarios tienen la capacidad de personalizar completamente la aplicaci\u00f3n para adaptarse a sus requisitos y preferencias espec\u00edficas. Esto incluye la capacidad de establecer intervalos de citas, definir los tipos de citas que se adaptan a sus necesidades \u00fanicas e incluso establecer recordatorios oportunos tanto para los clientes como para los miembros del personal. Adem\u00e1s, la aplicaci\u00f3n cuenta con un sistema de informes integral y profundo, proporcionando a las empresas ideas invaluables y an\u00e1lisis detallado de las tendencias de programaci\u00f3n de sus citas y el rendimiento general. Por lo tanto, est\u00e1 muy claro que la aplicaci\u00f3n de citas recurrentes en Bookly es una soluci\u00f3n altamente eficiente y confiable que atiende a empresas de todos los tama\u00f1os y los ayuda a optimizar su proceso de programaci\u00f3n de citas para lograr la m\u00e1xima productividad y efectividad.<\/p>\n<ul>\n<li>Aplicaci\u00f3n f\u00e1cil de usar para programar y administrar citas recurrentes.<\/li>\n<li>Automatice su proceso de programaci\u00f3n para citas semanales, quincenales o mensuales.<\/li>\n<li>Muchas opciones de personalizaci\u00f3n para satisfacer sus necesidades de programaci\u00f3n \u00fanicas.<\/li>\n<li>Compatible con varias plataformas y dispositivos diferentes, incluida WordPress.<\/li>\n<li>Proporciona recordatorios y notificaciones tanto para clientes como para miembros del personal.<\/li>\n<li>Simplifica sus tareas administrativas administrando sus reservas y citas en una ubicaci\u00f3n central.<\/li>\n<li>Ofrece una interfaz f\u00e1cil de usar que pr\u00e1cticamente cualquier persona puede navegar con facilidad.<\/li>\n<li>Acceso al servicio de atenci\u00f3n al cliente seg\u00fan sea necesario.<\/li>\n<li>Ayuda a mejorar la retenci\u00f3n y la lealtad del cliente con una programaci\u00f3n de citas consistente y confiable.<\/li>\n<\/ul>\n","protected":false},"excerpt":{"rendered":"<p>Experimente la conveniencia como nunca antes con las citas recurrentes en libros. Esta aplicaci\u00f3n innovadora permite una f\u00e1cil programaci\u00f3n y reprogramaci\u00f3n de citas, asegurando que nunca se pierda una reuni\u00f3n o evento importante. Con su interfaz f\u00e1cil de usar, puede establecer citas recurrentes con solo unos pocos clics. La aplicaci\u00f3n tambi\u00e9n ofrece notificaciones para las pr\u00f3ximas citas, manteni\u00e9ndolo organizado y encaminado. Adem\u00e1s, con su protecci\u00f3n segura de datos, su informaci\u00f3n siempre es segura. Las citas recurrentes en libros son ideales para profesionales y personas ocupadas que valoran la eficiencia y la confiabilidad. \u00a1Experimenta la felicidad de la programaci\u00f3n perfecta con Bookly hoy!<\/p>\n","protected":false},"featured_media":165528,"comment_status":"open","ping_status":"open","template":"","meta":[],"product_brand":[2339],"product_cat":[1214,1206,1211],"product_tag":[1256],"class_list":{"0":"post-117462","1":"product","2":"type-product","3":"status-publish","4":"has-post-thumbnail","6":"product_brand-codecanyon","7":"product_cat-personalizacion","8":"product_cat-plugins","9":"product_cat-wordpress-plugins","10":"product_tag-codecanyon","11":"member-discount","12":"discount-restricted","14":"first","15":"instock","16":"sale","17":"downloadable","18":"virtual","19":"sold-individually","20":"purchasable","21":"product-type-simple"},"_links":{"self":[{"href":"https:\/\/gpl-love.com\/es\/wp-json\/wp\/v2\/product\/117462","targetHints":{"allow":["GET"]}}],"collection":[{"href":"https:\/\/gpl-love.com\/es\/wp-json\/wp\/v2\/product"}],"about":[{"href":"https:\/\/gpl-love.com\/es\/wp-json\/wp\/v2\/types\/product"}],"replies":[{"embeddable":true,"href":"https:\/\/gpl-love.com\/es\/wp-json\/wp\/v2\/comments?post=117462"}],"wp:featuredmedia":[{"embeddable":true,"href":"https:\/\/gpl-love.com\/es\/wp-json\/wp\/v2\/media\/165528"}],"wp:attachment":[{"href":"https:\/\/gpl-love.com\/es\/wp-json\/wp\/v2\/media?parent=117462"}],"wp:term":[{"taxonomy":"product_brand","embeddable":true,"href":"https:\/\/gpl-love.com\/es\/wp-json\/wp\/v2\/product_brand?post=117462"},{"taxonomy":"product_cat","embeddable":true,"href":"https:\/\/gpl-love.com\/es\/wp-json\/wp\/v2\/product_cat?post=117462"},{"taxonomy":"product_tag","embeddable":true,"href":"https:\/\/gpl-love.com\/es\/wp-json\/wp\/v2\/product_tag?post=117462"}],"curies":[{"name":"wp","href":"https:\/\/api.w.org\/{rel}","templated":true}]}}