{"id":117461,"date":"2023-07-21T00:00:00","date_gmt":"2023-07-21T05:00:00","guid":{"rendered":"https:\/\/gpl-love.com\/es\/?post_type=product&#038;p=117461"},"modified":"2026-03-09T07:21:11","modified_gmt":"2026-03-09T12:21:11","slug":"bookly-custom-duration-addon","status":"publish","type":"product","link":"https:\/\/gpl-love.com\/es\/producto\/bookly-custom-duration-addon\/","title":{"rendered":"Bookly Custom Duration Addon 2.7"},"content":{"rendered":"<h3>Bookly Custom Duration Addon Caracteristicas<\/h3>\n<p>El complemento de duraci\u00f3n personalizada de Bookly demuestra ser una herramienta inmensamente ventajosa para las personas en busca de una experiencia de reserva que pueda personalizarse a su gusto. Al integrar este complemento en su sistema, los usuarios tienen la conveniencia de especificar la duraci\u00f3n de sus citas, otorg\u00e1ndoles un nivel mejorado de autonom\u00eda sobre sus propios horarios. Esta caracter\u00edstica particular tiene un valor inmenso para los proveedores de servicios que operan dentro de las industrias en la que la duraci\u00f3n de los servicios prestados puede variar significativamente, como establecimientos como estudios de yoga, resorts de spa y salones de peluquer\u00eda. Adem\u00e1s, vale la pena se\u00f1alar que este complemento es completamente personalizable, lo que permite a las empresas adaptarse y adaptar la experiencia de reserva para alinearse sin problemas con sus requisitos \u00fanicos. En consecuencia, queda muy claro que el complemento de duraci\u00f3n personalizada de Bookly es una herramienta indispensable para cualquier empresa que busque optimizar su proceso de reserva y proporcionar a su clientela un nivel elevado de satisfacci\u00f3n del cliente.<\/p>\n<ul>\n<li>Permite a los usuarios establecer duraciones personalizadas para sus citas en Bookly<\/li>\n<li>Proporciona flexibilidad para las empresas con diferentes longitudes de citas<\/li>\n<li>Ahorra tiempo ajustando autom\u00e1ticamente el calendario de reserva en funci\u00f3n de la duraci\u00f3n personalizada<\/li>\n<li>F\u00e1cil de instalar y usar dentro del complemento Bookly<\/li>\n<li>Se puede utilizar para cualquier servicio ofrecido dentro del sistema Bookly<\/li>\n<li>Ayuda a las empresas a administrar mejor su horario y maximizar su productividad<\/li>\n<li>Proporciona una opci\u00f3n conveniente para los clientes que pueden requerir citas m\u00e1s largas o m\u00e1s cortas que la duraci\u00f3n est\u00e1ndar<\/li>\n<li>Compatible con las \u00faltimas versiones de Bookly y WordPress<\/li>\n<li>Incluye actualizaciones y soporte gratuitos del equipo de Bookly<\/li>\n<li>Opciones de precios asequibles para peque\u00f1as y grandes empresas por igual.<\/li>\n<\/ul>\n","protected":false},"excerpt":{"rendered":"<p>Experimente un nuevo nivel de conveniencia de programaci\u00f3n con nuestro complemento de duraci\u00f3n personalizada en Bookly. Esta herramienta inteligente permite la m\u00e1xima flexibilidad en la gesti\u00f3n de su tiempo y citas, lo que le permite ajustar la duraci\u00f3n de cada servicio de acuerdo con sus necesidades espec\u00edficas. Ya no est\u00e1 obligado por r\u00edgidos espacios de tiempo, ahora puede acomodar m\u00e1s clientes y aumentar la eficiencia. El complemento es f\u00e1cil de instalar e integrar en su configuraci\u00f3n Bookly existente. Tambi\u00e9n presenta una interfaz intuitiva que simplifica el proceso de personalizaci\u00f3n de la duraci\u00f3n del servicio. Disfrute de una programaci\u00f3n perfecta como nunca antes con el complemento de duraci\u00f3n personalizado de Bookly.<\/p>\n","protected":false},"featured_media":165510,"comment_status":"open","ping_status":"open","template":"","meta":[],"product_brand":[2339],"product_cat":[1214,1206,1211],"product_tag":[1256],"class_list":{"0":"post-117461","1":"product","2":"type-product","3":"status-publish","4":"has-post-thumbnail","6":"product_brand-codecanyon","7":"product_cat-personalizacion","8":"product_cat-plugins","9":"product_cat-wordpress-plugins","10":"product_tag-codecanyon","11":"member-discount","12":"discount-restricted","14":"first","15":"instock","16":"sale","17":"downloadable","18":"virtual","19":"sold-individually","20":"purchasable","21":"product-type-simple"},"_links":{"self":[{"href":"https:\/\/gpl-love.com\/es\/wp-json\/wp\/v2\/product\/117461","targetHints":{"allow":["GET"]}}],"collection":[{"href":"https:\/\/gpl-love.com\/es\/wp-json\/wp\/v2\/product"}],"about":[{"href":"https:\/\/gpl-love.com\/es\/wp-json\/wp\/v2\/types\/product"}],"replies":[{"embeddable":true,"href":"https:\/\/gpl-love.com\/es\/wp-json\/wp\/v2\/comments?post=117461"}],"wp:featuredmedia":[{"embeddable":true,"href":"https:\/\/gpl-love.com\/es\/wp-json\/wp\/v2\/media\/165510"}],"wp:attachment":[{"href":"https:\/\/gpl-love.com\/es\/wp-json\/wp\/v2\/media?parent=117461"}],"wp:term":[{"taxonomy":"product_brand","embeddable":true,"href":"https:\/\/gpl-love.com\/es\/wp-json\/wp\/v2\/product_brand?post=117461"},{"taxonomy":"product_cat","embeddable":true,"href":"https:\/\/gpl-love.com\/es\/wp-json\/wp\/v2\/product_cat?post=117461"},{"taxonomy":"product_tag","embeddable":true,"href":"https:\/\/gpl-love.com\/es\/wp-json\/wp\/v2\/product_tag?post=117461"}],"curies":[{"name":"wp","href":"https:\/\/api.w.org\/{rel}","templated":true}]}}