{"id":117460,"date":"2023-02-21T00:00:00","date_gmt":"2023-02-21T05:00:00","guid":{"rendered":"https:\/\/gpl-love.com\/es\/?post_type=product&#038;p=117460"},"modified":"2026-03-09T07:21:08","modified_gmt":"2026-03-09T12:21:08","slug":"bookly-compound-services-addon","status":"publish","type":"product","link":"https:\/\/gpl-love.com\/es\/producto\/bookly-compound-services-addon\/","title":{"rendered":"Bookly Compound Services Addon 3.6"},"content":{"rendered":"<h3>Bookly Compound Services Addon Caracteristicas<\/h3>\n<p>El complemento de los servicios compuestos de Bookly se presenta como una herramienta invaluable y potente que mejora y agiliza efectivamente los procesos de reserva de citas. Con la inclusi\u00f3n de este complemento, a las empresas se les otorga la capacidad de generar y supervisar sin esfuerzo servicios intrincados que exigen la utilizaci\u00f3n de m\u00faltiples pasos o recursos. Este complemento, abundante en caracter\u00edsticas, ofrece a las empresas la oportunidad de individualizar sus servicios, establecer estructuras de precios y recibir los pagos en l\u00ednea. Adem\u00e1s, este complemento suministra una interfaz que es f\u00e1cilmente navegable y comprensible para los clientes, facilitando la reserva y el pago de los servicios, cultivando as\u00ed una experiencia que es expedita y efectiva. En t\u00e9rminos generales, el complemento Bookly Compuesto Services sirve como una empresa muy ventajosa y valiosa para las empresas con el objetivo de optimizar sus procedimientos de reserva de citas al tiempo que mejora simult\u00e1neamente la satisfacci\u00f3n del cliente.<\/p>\n<ul>\n<li>Permite a los clientes reservar m\u00faltiples servicios en una cita<\/li>\n<li>Proporciona un proceso de reserva conveniente y eficiente para clientes y empresas<\/li>\n<li>F\u00e1cil de configurar e integrar con el complemento Bookly<\/li>\n<li>Ofrece flexibilidad en las opciones de programaci\u00f3n y precios para diferentes combinaciones de servicios<\/li>\n<li>Ahorra tiempo y elimina la necesidad de que los clientes reserven m\u00faltiples citas<\/li>\n<li>Mejora la experiencia y la satisfacci\u00f3n del cliente al optimizar el proceso de reserva de servicios<\/li>\n<li>Aumenta el potencial de ingresos al permitir que las empresas ofrezcan ofertas y promociones de paquetes<\/li>\n<li>Proporciona an\u00e1lisis y datos perspicaces sobre el comportamiento y las preferencias de la reserva de clientes.<\/li>\n<li>Compatible con m\u00faltiples pasarelas de pago para transacciones seguras y convenientes<\/li>\n<li>Viene con atenci\u00f3n al cliente dedicada y actualizaciones regulares para un rendimiento \u00f3ptimo.<\/li>\n<\/ul>\n","protected":false},"excerpt":{"rendered":"<p>Descubra la conveniencia y la eficiencia del complemento de servicios compuestos en libros. Esta notable herramienta est\u00e1 dise\u00f1ada para individuos y empresas que requieren una programaci\u00f3n de servicios sin problemas. Ofrece una flexibilidad inigualable, lo que le permite combinar diferentes servicios en una sola reserva. Esto significa que los clientes pueden reservar m\u00faltiples servicios de una sola vez, ahorrando tiempo y proporcionando una experiencia perfecta. El complemento tambi\u00e9n cuenta con una interfaz f\u00e1cil de usar, lo que facilita la navegaci\u00f3n y la administraci\u00f3n de reservas. Al utilizar el complemento de servicios compuestos Bookly, puede optimizar sus procesos de programaci\u00f3n de servicios, aumentar la satisfacci\u00f3n del cliente y, en \u00faltima instancia, impulsar el crecimiento del negocio.<\/p>\n","protected":false},"featured_media":165508,"comment_status":"open","ping_status":"open","template":"","meta":[],"product_brand":[2339],"product_cat":[1214,1206,1211],"product_tag":[1256],"class_list":{"0":"post-117460","1":"product","2":"type-product","3":"status-publish","4":"has-post-thumbnail","6":"product_brand-codecanyon","7":"product_cat-personalizacion","8":"product_cat-plugins","9":"product_cat-wordpress-plugins","10":"product_tag-codecanyon","11":"member-discount","12":"discount-restricted","14":"first","15":"instock","16":"sale","17":"downloadable","18":"virtual","19":"sold-individually","20":"purchasable","21":"product-type-simple"},"_links":{"self":[{"href":"https:\/\/gpl-love.com\/es\/wp-json\/wp\/v2\/product\/117460","targetHints":{"allow":["GET"]}}],"collection":[{"href":"https:\/\/gpl-love.com\/es\/wp-json\/wp\/v2\/product"}],"about":[{"href":"https:\/\/gpl-love.com\/es\/wp-json\/wp\/v2\/types\/product"}],"replies":[{"embeddable":true,"href":"https:\/\/gpl-love.com\/es\/wp-json\/wp\/v2\/comments?post=117460"}],"wp:featuredmedia":[{"embeddable":true,"href":"https:\/\/gpl-love.com\/es\/wp-json\/wp\/v2\/media\/165508"}],"wp:attachment":[{"href":"https:\/\/gpl-love.com\/es\/wp-json\/wp\/v2\/media?parent=117460"}],"wp:term":[{"taxonomy":"product_brand","embeddable":true,"href":"https:\/\/gpl-love.com\/es\/wp-json\/wp\/v2\/product_brand?post=117460"},{"taxonomy":"product_cat","embeddable":true,"href":"https:\/\/gpl-love.com\/es\/wp-json\/wp\/v2\/product_cat?post=117460"},{"taxonomy":"product_tag","embeddable":true,"href":"https:\/\/gpl-love.com\/es\/wp-json\/wp\/v2\/product_tag?post=117460"}],"curies":[{"name":"wp","href":"https:\/\/api.w.org\/{rel}","templated":true}]}}