{"id":117459,"date":"2026-02-26T00:00:00","date_gmt":"2026-02-26T05:00:00","guid":{"rendered":"https:\/\/gpl-love.com\/es\/?post_type=product&#038;p=117459"},"modified":"2026-03-09T07:21:13","modified_gmt":"2026-03-09T12:21:13","slug":"bookly-customer-cabinet-addon","status":"publish","type":"product","link":"https:\/\/gpl-love.com\/es\/producto\/bookly-customer-cabinet-addon\/","title":{"rendered":"Bookly Customer Cabinet Addon 6.7"},"content":{"rendered":"<h3>Bookly Customer Cabinet Addon Caracteristicas<\/h3>\n<p>El complemento del gabinete de clientes de Bookly, una herramienta robusta y formidable, permite a las empresas aumentar la experiencia del cliente dotando con un gabinete exclusivo y dedicado. Este notable complemento proporciona a los clientes la capacidad de examinar y profundizar en su historial de reservas, manejar y administrar h\u00e1bilmente sus citas, y enmendar y modificar eficazmente su informaci\u00f3n personal, todo armoniosamente consolidado dentro de una ubicaci\u00f3n singular y de f\u00e1cil acceso. No exclusivamente esta caracter\u00edstica ventajosa economiza el precioso tiempo de los clientes, pero tambi\u00e9n facilita a las empresas a racionalizar y optimizar sus procedimientos operativos, fomentando en \u00faltima instancia la lealtad de los clientes inquebrantable y firme. En virtud del complemento del gabinete de clientes de Bookly, las empresas pueden entregar inequ\u00edvocamente la experiencia de reserva primordial e incomparable a su estimada clientela, generando un ciclo de patrocinio duradero y duradero.<\/p>\n<ul>\n<li>Permite a los usuarios crear y administrar sus propias cuentas de clientes dentro del sistema Bookly<\/li>\n<li>Permite una reserva r\u00e1pida y f\u00e1cil de citas, ver citas anteriores y realizar cambios en las reservas existentes.<\/li>\n<li>Proporciona una interfaz f\u00e1cil de usar que es simple e intuitiva de usar<\/li>\n<li>Altamente personalizable, con una gama de opciones para configuraciones de marca, lenguaje y visualizaci\u00f3n<\/li>\n<li>Ofrece caracter\u00edsticas de seguridad mejoradas para proteger los datos del usuario y garantizar la privacidad del usuario<\/li>\n<li>Totalmente compatible con la \u00faltima versi\u00f3n de Bookly, asegurando una integraci\u00f3n perfecta y un rendimiento \u00f3ptimo<\/li>\n<li>Ofrece un excelente soporte y actualizaciones regulares para garantizar la mejor experiencia posible para los usuarios.<\/li>\n<\/ul>\n","protected":false},"excerpt":{"rendered":"<p>Mejore la experiencia de su cliente con el complemento del gabinete de clientes Bookly. Esta adici\u00f3n rica en caracter\u00edsticas a su sitio web permite a los usuarios administrar sus perfiles, citas y pagos con facilidad. Con el complemento del gabinete del cliente, puede otorgar a sus clientes el control total sobre sus reservas. Pueden ver y actualizar informaci\u00f3n personal, revisar el historial de citas, reprogramar o cancelar las reservas, e incluso realizar pagos seguros en l\u00ednea. Esta herramienta poderosamente integrada y f\u00e1cil de usar ahorra tiempo, reduce la carga de trabajo administrativa y aumenta la satisfacci\u00f3n del cliente. Ideal para empresas de todos los tama\u00f1os, el complemento del gabinete de clientes en Bookly es la soluci\u00f3n perfecta para racionalizar su sistema de reserva y elevar su servicio al cliente. Transforme sus operaciones comerciales con este complemento intuitivo, eficiente y centrado en el cliente.<\/p>\n","protected":false},"featured_media":165512,"comment_status":"open","ping_status":"open","template":"","meta":[],"product_brand":[2339],"product_cat":[1214,1206,1211],"product_tag":[1256],"class_list":{"0":"post-117459","1":"product","2":"type-product","3":"status-publish","4":"has-post-thumbnail","6":"product_brand-codecanyon","7":"product_cat-personalizacion","8":"product_cat-plugins","9":"product_cat-wordpress-plugins","10":"product_tag-codecanyon","11":"member-discount","12":"discount-restricted","14":"first","15":"instock","16":"sale","17":"downloadable","18":"virtual","19":"sold-individually","20":"purchasable","21":"product-type-simple"},"_links":{"self":[{"href":"https:\/\/gpl-love.com\/es\/wp-json\/wp\/v2\/product\/117459","targetHints":{"allow":["GET"]}}],"collection":[{"href":"https:\/\/gpl-love.com\/es\/wp-json\/wp\/v2\/product"}],"about":[{"href":"https:\/\/gpl-love.com\/es\/wp-json\/wp\/v2\/types\/product"}],"replies":[{"embeddable":true,"href":"https:\/\/gpl-love.com\/es\/wp-json\/wp\/v2\/comments?post=117459"}],"wp:featuredmedia":[{"embeddable":true,"href":"https:\/\/gpl-love.com\/es\/wp-json\/wp\/v2\/media\/165512"}],"wp:attachment":[{"href":"https:\/\/gpl-love.com\/es\/wp-json\/wp\/v2\/media?parent=117459"}],"wp:term":[{"taxonomy":"product_brand","embeddable":true,"href":"https:\/\/gpl-love.com\/es\/wp-json\/wp\/v2\/product_brand?post=117459"},{"taxonomy":"product_cat","embeddable":true,"href":"https:\/\/gpl-love.com\/es\/wp-json\/wp\/v2\/product_cat?post=117459"},{"taxonomy":"product_tag","embeddable":true,"href":"https:\/\/gpl-love.com\/es\/wp-json\/wp\/v2\/product_tag?post=117459"}],"curies":[{"name":"wp","href":"https:\/\/api.w.org\/{rel}","templated":true}]}}