{"id":117458,"date":"2025-11-17T00:00:00","date_gmt":"2025-11-17T05:00:00","guid":{"rendered":"https:\/\/gpl-love.com\/es\/?post_type=product&#038;p=117458"},"modified":"2026-03-09T07:21:17","modified_gmt":"2026-03-09T12:21:17","slug":"bookly-files-addon","status":"publish","type":"product","link":"https:\/\/gpl-love.com\/es\/producto\/bookly-files-addon\/","title":{"rendered":"Bookly Files Addon 3.9"},"content":{"rendered":"<h3>Bookly Files Addon Caracteristicas<\/h3>\n<p>El complemento de archivos bookly, una herramienta altamente indispensable para personas que buscan una administraci\u00f3n efectiva de su cita y archivos relacionados con la reserva, es un poderoso complemento que brinda a los usuarios la capacidad de cargar, almacenar y manejar eficientemente varios tipos de archivos, incluidos, pero no limitados. a contratos, registros m\u00e9dicos y facturas, todo dentro de los l\u00edmites del sistema Bookly. Al utilizar esta herramienta robusta, los usuarios pueden adjuntar los archivos sin esfuerzo a citas espec\u00edficas, facilitando as\u00ed el monitoreo perfecto de informaci\u00f3n vital y documentos cr\u00edticos. Adem\u00e1s, el complemento de los archivos bookly se integra sin esfuerzo en cualquier sistema bibliotal, aumentando as\u00ed la funcionalidad general y la eficacia del proceso de reserva. Ya sea que sea un propietario de negocios o un individuo que anhele racionalizar la gesti\u00f3n de su cita, invertir en el complemento de archivos en libros ser\u00eda una decisi\u00f3n ejemplar que no solo le ahorrar\u00e1 un tiempo valioso, sino que tambi\u00e9n mejorar\u00e1 la organizaci\u00f3n general de sus asuntos.<\/p>\n<ul>\n<li>Integre perfectamente documentos importantes en su sistema de programaci\u00f3n Bookly<\/li>\n<li>Categorizar y acceder f\u00e1cilmente a los archivos del cliente, las notas de las citas y otra informaci\u00f3n importante<\/li>\n<li>Aumentar la productividad y ahorrar tiempo al tener todos los archivos necesarios en una ubicaci\u00f3n centralizada<\/li>\n<li>Convenciones de nombres de archivos personalizables para una organizaci\u00f3n f\u00e1cil y capacidad de b\u00fasqueda<\/li>\n<li>100% de GDPR que cumple con la privacidad y seguridad del cliente<\/li>\n<li>Interfaz simple y f\u00e1cil de usar para una f\u00e1cil navegaci\u00f3n y utilizaci\u00f3n<\/li>\n<li>Disponible para descarga e instalaci\u00f3n inmediata<\/li>\n<li>Actualizaciones regulares y confiables para garantizar la compatibilidad con cualquier actualizaci\u00f3n y mejoras de software<\/li>\n<\/ul>\n","protected":false},"excerpt":{"rendered":"<p>El complemento de archivos Bookly es una herramienta excepcional dise\u00f1ada para optimizar su sistema de administraci\u00f3n de archivos. Este complemento proporciona una forma simple y efectiva de cargar y administrar todos los tipos de archivos directamente desde su panel de administraci\u00f3n de Bookly. Con esta herramienta f\u00e1cil de usar, puede adjuntar f\u00e1cilmente archivos a su servicio, personal y perfiles de clientes, asegurando que todos los documentos necesarios sean f\u00e1cilmente accesibles con el clic de un bot\u00f3n. El complemento Bookly Files es una herramienta indispensable para las empresas que buscan mejorar su eficiencia y productividad. Sus caracter\u00edsticas clave incluyen una carga de archivos f\u00e1cil, administraci\u00f3n de archivos sin problemas y almacenamiento seguro de archivos. Este complemento no solo le ahorrar\u00e1 tiempo, sino que tambi\u00e9n reducir\u00e1 el riesgo de perder o extraviar documentos importantes. Es una excelente inversi\u00f3n que sin duda racionalizar\u00e1 sus operaciones comerciales y mejorar\u00e1 su eficiencia general. \u00a1Actualice su sistema de administraci\u00f3n de archivos con el complemento de archivos Bookly hoy!<\/p>\n","protected":false},"featured_media":165515,"comment_status":"open","ping_status":"open","template":"","meta":[],"product_brand":[2339],"product_cat":[1214,1206,1211],"product_tag":[1256],"class_list":{"0":"post-117458","1":"product","2":"type-product","3":"status-publish","4":"has-post-thumbnail","6":"product_brand-codecanyon","7":"product_cat-personalizacion","8":"product_cat-plugins","9":"product_cat-wordpress-plugins","10":"product_tag-codecanyon","11":"member-discount","12":"discount-restricted","14":"first","15":"instock","16":"sale","17":"downloadable","18":"virtual","19":"sold-individually","20":"purchasable","21":"product-type-simple"},"_links":{"self":[{"href":"https:\/\/gpl-love.com\/es\/wp-json\/wp\/v2\/product\/117458","targetHints":{"allow":["GET"]}}],"collection":[{"href":"https:\/\/gpl-love.com\/es\/wp-json\/wp\/v2\/product"}],"about":[{"href":"https:\/\/gpl-love.com\/es\/wp-json\/wp\/v2\/types\/product"}],"replies":[{"embeddable":true,"href":"https:\/\/gpl-love.com\/es\/wp-json\/wp\/v2\/comments?post=117458"}],"wp:featuredmedia":[{"embeddable":true,"href":"https:\/\/gpl-love.com\/es\/wp-json\/wp\/v2\/media\/165515"}],"wp:attachment":[{"href":"https:\/\/gpl-love.com\/es\/wp-json\/wp\/v2\/media?parent=117458"}],"wp:term":[{"taxonomy":"product_brand","embeddable":true,"href":"https:\/\/gpl-love.com\/es\/wp-json\/wp\/v2\/product_brand?post=117458"},{"taxonomy":"product_cat","embeddable":true,"href":"https:\/\/gpl-love.com\/es\/wp-json\/wp\/v2\/product_cat?post=117458"},{"taxonomy":"product_tag","embeddable":true,"href":"https:\/\/gpl-love.com\/es\/wp-json\/wp\/v2\/product_tag?post=117458"}],"curies":[{"name":"wp","href":"https:\/\/api.w.org\/{rel}","templated":true}]}}