{"id":117429,"date":"2026-04-07T00:00:00","date_gmt":"2026-04-07T05:00:00","guid":{"rendered":"https:\/\/gpl-love.com\/es\/?post_type=product&#038;p=117429"},"modified":"2026-04-07T17:16:18","modified_gmt":"2026-04-07T22:16:18","slug":"woocommerce-square-payment-gateway","status":"publish","type":"product","link":"https:\/\/gpl-love.com\/es\/producto\/woocommerce-square-payment-gateway\/","title":{"rendered":"WooCommerce Square Payment Gateway 5.3.2"},"content":{"rendered":"<h3>WooCommerce Square Payment Gateway Caracteristicas<\/h3>\n<p>La pasarela de pago de WooCommerce Square se presenta como una herramienta formidable y robusta, una que empodera a las empresas al proporcionarles un medio perfecto y fortificado para procesar pagos a trav\u00e9s de su sitio web de WooCommerce. Al aprovechar las capacidades de esta soluci\u00f3n de pago, a los clientes se les otorga el privilegio de utilizar sus tarjetas de cr\u00e9dito o d\u00e9bito para realizar compras, mientras que los comerciantes est\u00e1n a gusto sabiendo que sus transacciones se someten a un proceso de seguridad meticuloso e invulnerable. La integraci\u00f3n con el sistema de procesamiento de pagos de Square solidifica a\u00fan m\u00e1s la eficacia de esta puerta de enlace, garantizando la r\u00e1pida y eficiente finalizaci\u00f3n de las transacciones, todo mientras se asegura que los fondos adquiridos se depositen de manera r\u00e1pida y directa en la cuenta del comerciante. Adem\u00e1s, la pasarela de pago de WooCommerce Square cuenta con una mir\u00edada de opciones de personalizaci\u00f3n, facilitando as\u00ed la adaptaci\u00f3n sin esfuerzo de la experiencia de pago para alinearse impecablemente con los requisitos \u00fanicos de su negocio. Independientemente de si usted es una floreciente startup a peque\u00f1a escala o un gigante corporativo extenso, esta soluci\u00f3n de pago indudablemente asume el estado de un activo indispensable, capaz de revolucionar y optimizar sus esfuerzos de procesamiento de pagos, que finalmente culminan en una mejora notable de la posici\u00f3n financiera de su empresa. .<\/p>\n<ul>\n<li>Integra sin problemas el procesamiento de pagos cuadrados en su tienda en l\u00ednea de WooCommerce<\/li>\n<li>Permite a los clientes pagar por productos y servicios con tarjetas de cr\u00e9dito, tarjetas de d\u00e9bito y opciones de pago m\u00f3vil.<\/li>\n<li>Sincroniza autom\u00e1ticamente las transacciones de pago entre Square y WooCommerce para un f\u00e1cil seguimiento y gesti\u00f3n<\/li>\n<li>Proporciona un entorno de procesamiento de pago seguro y compatible con PCI para sus clientes<\/li>\n<li>Reduce las tarifas de procesamiento de pagos con los precios competitivos de Square<\/li>\n<li>Ofrece un proceso de pago simplificado que mejora la experiencia del cliente y aumenta las ventas<\/li>\n<li>Proporciona procesamiento de pagos en tiempo real que garantiza el cumplimiento de la orden r\u00e1pida<\/li>\n<li>Permite opciones de pago flexibles, incluidos pagos parciales y pagos divididos<\/li>\n<li>Ofrece un formulario de pago personalizable que coincida con el dise\u00f1o de su tienda WooCommerce<\/li>\n<\/ul>\n","protected":false},"excerpt":{"rendered":"<p>La pasarela de pago de WooCommerce Square es un complemento de procesamiento de pago extremadamente confiable y notablemente seguro que ofrece a las empresas en l\u00ednea la capacidad invaluable de aceptar pagos no solo a trav\u00e9s de la tarjeta de cr\u00e9dito, sino tambi\u00e9n de otros modos de pago. Al integrarse sin problemas con WooCommerce, este complemento excepcional presenta a los clientes una experiencia de pago incomparable que es eficiente y sin esfuerzo. Adem\u00e1s, los comerciantes pueden supervisar convenientemente las transacciones y acceder a los datos de ventas sin esfuerzo desde un solo centro centralizado, mejorando as\u00ed la eficiencia operativa y acelerando los procesos de toma de decisiones. La implementaci\u00f3n de medidas s\u00f3lidas para la detecci\u00f3n y prevenci\u00f3n de fraude fortalece a\u00fan m\u00e1s esta pasarela de pago, asegurando la m\u00e1xima seguridad tanto para los comerciantes como para los clientes. Tome un paso monumental en su empresa de comercio electr\u00f3nico incorporando la incomparable pasarela de pago de WooCommerce Square en su arsenal de herramientas comerciales.<\/p>\n","protected":false},"featured_media":168277,"comment_status":"open","ping_status":"open","template":"","meta":[],"product_brand":[2344],"product_cat":[1207,1426,1206],"product_tag":[1423],"class_list":{"0":"post-117429","1":"product","2":"type-product","3":"status-publish","4":"has-post-thumbnail","6":"product_brand-woocommerce","7":"product_cat-comercio-electronico-plugins","8":"product_cat-pago-comercio-electronico-plugins","9":"product_cat-plugins","10":"product_tag-woocommerce","11":"member-discount","12":"discount-restricted","14":"first","15":"instock","16":"sale","17":"downloadable","18":"virtual","19":"sold-individually","20":"purchasable","21":"product-type-simple"},"_links":{"self":[{"href":"https:\/\/gpl-love.com\/es\/wp-json\/wp\/v2\/product\/117429","targetHints":{"allow":["GET"]}}],"collection":[{"href":"https:\/\/gpl-love.com\/es\/wp-json\/wp\/v2\/product"}],"about":[{"href":"https:\/\/gpl-love.com\/es\/wp-json\/wp\/v2\/types\/product"}],"replies":[{"embeddable":true,"href":"https:\/\/gpl-love.com\/es\/wp-json\/wp\/v2\/comments?post=117429"}],"wp:featuredmedia":[{"embeddable":true,"href":"https:\/\/gpl-love.com\/es\/wp-json\/wp\/v2\/media\/168277"}],"wp:attachment":[{"href":"https:\/\/gpl-love.com\/es\/wp-json\/wp\/v2\/media?parent=117429"}],"wp:term":[{"taxonomy":"product_brand","embeddable":true,"href":"https:\/\/gpl-love.com\/es\/wp-json\/wp\/v2\/product_brand?post=117429"},{"taxonomy":"product_cat","embeddable":true,"href":"https:\/\/gpl-love.com\/es\/wp-json\/wp\/v2\/product_cat?post=117429"},{"taxonomy":"product_tag","embeddable":true,"href":"https:\/\/gpl-love.com\/es\/wp-json\/wp\/v2\/product_tag?post=117429"}],"curies":[{"name":"wp","href":"https:\/\/api.w.org\/{rel}","templated":true}]}}