{"id":117361,"date":"2025-12-28T00:00:00","date_gmt":"2025-12-28T05:00:00","guid":{"rendered":"https:\/\/gpl-love.com\/es\/?post_type=product&#038;p=117361"},"modified":"2026-03-09T07:29:36","modified_gmt":"2026-03-09T12:29:36","slug":"easy-digital-downloads-simple-shipping","status":"publish","type":"product","link":"https:\/\/gpl-love.com\/es\/producto\/easy-digital-downloads-simple-shipping\/","title":{"rendered":"Easy Digital Downloads Simple Shipping 2.5.2"},"content":{"rendered":"<h3>Easy Digital Downloads Simple Shipping Caracteristicas<\/h3>\n<p>Easy Digital Descargas Simple Shipte es un complemento indispensable que es esencial para los propietarios de tiendas en l\u00ednea que desean manejar sin esfuerzo sus pol\u00edticas de env\u00edo. Este notable complemento le permite establecer sin problemas las tarifas de env\u00edo para sus productos, teniendo en cuenta tanto el peso como el destino. Adem\u00e1s, este complemento abarca una interfaz intuitiva que le permite generar reglas de env\u00edo sin esfuerzo que se alineen con sus requisitos espec\u00edficos. Se proporciona una flexibilidad impresionante, lo que le permite configurar tarifas de env\u00edo para zonas distintas, pa\u00edses e incluso estados individuales. Adem\u00e1s, el complemento cuenta con una gran cantidad de funcionalidades de vanguardia adicionales, incluida la integraci\u00f3n perfecta de la impresi\u00f3n y el seguimiento de la etiqueta de env\u00edo. Al incorporar descargas digitales f\u00e1ciles de env\u00edo simple en su tienda en l\u00ednea, puede acelerar y refinar sus procedimientos de env\u00edo, culminando en una experiencia de compra mejorada e incomparable para su estimada clientela.<\/p>\n<ul>\n<li>Rimensiva el proceso de env\u00edo para tiendas en l\u00ednea utilizando descargas digitales f\u00e1ciles<\/li>\n<li>Establecer f\u00e1cilmente opciones de env\u00edo, tarifas y reglas<\/li>\n<li>Se integra perfectamente con operadores populares como USPS, UPS y FedEx<\/li>\n<li>Etiquetas de env\u00edo personalizables y resbalones de embalaje con marca de la empresa<\/li>\n<li>Env\u00edo autom\u00e1tico de informaci\u00f3n de seguimiento a los clientes<\/li>\n<li>Compatibilidad con complementos EDD para la funcionalidad de env\u00edo extendida<\/li>\n<li>Documentaci\u00f3n y soporte integral para una f\u00e1cil configuraci\u00f3n y soluci\u00f3n de problemas<\/li>\n<li>Interfaz simple y f\u00e1cil de usar para administrar todas las necesidades de env\u00edo en un solo lugar<\/li>\n<\/ul>\n","protected":false},"excerpt":{"rendered":"<p>Easy Digital Descargas Simple Shipte es un complemento muy robusto y notablemente f\u00e1cil de usar que sirve para optimizar y simplificar el intrincado y a menudo complicado proceso de env\u00edo para productos digitales. Al aprovechar esta herramienta invaluable, se vuelve factible sin esfuerzo configurar y ajustar las tarifas de env\u00edo para los productos de uno, ya sea de acuerdo con su peso, cantidad o precio, al tiempo que se proporciona el lujo de establecer tarifas de env\u00edo distintas y divergentes para una mir\u00edada de pa\u00edses de todo el mundo. Adem\u00e1s, el complemento ofrece una extensa gama de m\u00e9todos de env\u00edo diversos, que abarca, entre otros, los gigantes de la industria incondicionales como USPS, UPS y FedEx, asegurando as\u00ed una evaluaci\u00f3n m\u00e1s precisa y precisa de los costos de env\u00edo asociados. Adoptar el potencial transformador de las descargas digitales f\u00e1ciles de env\u00edo simple, uno est\u00e1 equipado con la capacidad singular de acelerar y optimizar su proceso de env\u00edo, lo que genera no solo eficiencias temporales sino tambi\u00e9n ahorros fiscales de ninguna peque\u00f1a magnitud.<\/p>\n","protected":false},"featured_media":165884,"comment_status":"open","ping_status":"open","template":"","meta":[],"product_brand":[2427],"product_cat":[1207,1248,1206],"product_tag":[1280],"class_list":{"0":"post-117361","1":"product","2":"type-product","3":"status-publish","4":"has-post-thumbnail","6":"product_brand-easy-digital-downloads","7":"product_cat-comercio-electronico-plugins","8":"product_cat-personalizacion-comercio-electronico-plugins","9":"product_cat-plugins","10":"product_tag-easy-digital-downloads","11":"member-discount","12":"discount-restricted","14":"first","15":"instock","16":"sale","17":"downloadable","18":"virtual","19":"sold-individually","20":"purchasable","21":"product-type-simple"},"_links":{"self":[{"href":"https:\/\/gpl-love.com\/es\/wp-json\/wp\/v2\/product\/117361","targetHints":{"allow":["GET"]}}],"collection":[{"href":"https:\/\/gpl-love.com\/es\/wp-json\/wp\/v2\/product"}],"about":[{"href":"https:\/\/gpl-love.com\/es\/wp-json\/wp\/v2\/types\/product"}],"replies":[{"embeddable":true,"href":"https:\/\/gpl-love.com\/es\/wp-json\/wp\/v2\/comments?post=117361"}],"wp:featuredmedia":[{"embeddable":true,"href":"https:\/\/gpl-love.com\/es\/wp-json\/wp\/v2\/media\/165884"}],"wp:attachment":[{"href":"https:\/\/gpl-love.com\/es\/wp-json\/wp\/v2\/media?parent=117361"}],"wp:term":[{"taxonomy":"product_brand","embeddable":true,"href":"https:\/\/gpl-love.com\/es\/wp-json\/wp\/v2\/product_brand?post=117361"},{"taxonomy":"product_cat","embeddable":true,"href":"https:\/\/gpl-love.com\/es\/wp-json\/wp\/v2\/product_cat?post=117361"},{"taxonomy":"product_tag","embeddable":true,"href":"https:\/\/gpl-love.com\/es\/wp-json\/wp\/v2\/product_tag?post=117361"}],"curies":[{"name":"wp","href":"https:\/\/api.w.org\/{rel}","templated":true}]}}