{"id":117334,"date":"2025-11-17T00:00:00","date_gmt":"2025-11-17T05:00:00","guid":{"rendered":"https:\/\/gpl-love.com\/es\/?post_type=product&#038;p=117334"},"modified":"2026-03-09T07:21:21","modified_gmt":"2026-03-09T12:21:21","slug":"bookly-invoices-addon","status":"publish","type":"product","link":"https:\/\/gpl-love.com\/es\/producto\/bookly-invoices-addon\/","title":{"rendered":"Bookly Invoices Addon 5.4"},"content":{"rendered":"<h3>Bookly Invoices Addon Caracteristicas<\/h3>\n<p>El complemento de las facturas de Bookly, una herramienta muy robusta, sirve como un activo invaluable para los usuarios de Bookly, facilitando la creaci\u00f3n sin problemas y la transmisi\u00f3n de facturas sofisticadas a su estimada clientela. Este complemento faculta a los usuarios para optimizar sus procesos de facturaci\u00f3n, efectuando as\u00ed un ahorro temporal sustancial mientras refuerza simult\u00e1neamente su flujo de efectivo. Adem\u00e1s, ofrece la invaluable provisi\u00f3n de personalizaci\u00f3n de facturas, en la que los usuarios pueden incorporar su logotipo y marca comercial, que culmine en una est\u00e9tica verdaderamente personalizada y profesional. Adem\u00e1s, el complemento Bookly Factures presenta a los usuarios la notable oportunidad de establecer m\u00faltiples m\u00e9todos de pago, acomodando as\u00ed las diversas preferencias de sus estimados clientes. Adem\u00e1s, muestra la capacidad excepcional para generar facturas recurrentes, lo que atiende sin esfuerzo a las demandas recurrentes de los clientes leales. Adem\u00e1s, este complemento otorga a los usuarios la capacidad de monitorear meticulosamente los pagos y abordar r\u00e1pidamente cualquier inquietud persistente relacionada con las facturas vencidas. Una caracter\u00edstica notable del complemento de las facturas bibliotecas es su capacidad para proporcionar a los usuarios notificaciones oportunas al pago de facturas, asegurando as\u00ed que los usuarios permanezcan informados y al tanto de sus transacciones financieras. Adem\u00e1s, ofrece a los usuarios la invaluable opci\u00f3n para exportar sus datos de facturaci\u00f3n a un software de contabilidad prominente, facilitando as\u00ed una integraci\u00f3n perfecta de sus registros financieros. Como tal, independientemente de si se identifica como un profesional independiente, propietario de una peque\u00f1a empresa o una corporaci\u00f3n formidable, el complemento de facturas en libros representa una herramienta indispensable para administrar de manera efectiva sus requisitos de facturaci\u00f3n.<\/p>\n<ul>\n<li>Automatizar la creaci\u00f3n de facturas y el env\u00edo para usuarios de reservas<\/li>\n<li>Configurar f\u00e1cilmente las plantillas de facturas con logotipo, informaci\u00f3n de contacto y detalles de pago<\/li>\n<li>Admite m\u00faltiples monedas para la facturaci\u00f3n global<\/li>\n<li>Sincronizaci\u00f3n con citas en Bookly y datos de clientes para una facturaci\u00f3n precisa<\/li>\n<li>Genera informes sobre el estado de la factura y el historial de pago<\/li>\n<li>Almacena de forma segura datos de facturas para facilitar el acceso y el mantenimiento de registros<\/li>\n<li>Ahorra tiempo y mejora la precisi\u00f3n de la facturaci\u00f3n para los usuarios de Bookly.<\/li>\n<\/ul>\n","protected":false},"excerpt":{"rendered":"<p>Actualice su experiencia en Bookly con el complemento de facturas bibliotecas. Esta herramienta est\u00e1 dise\u00f1ada para optimizar su proceso de facturaci\u00f3n, facilitando la generaci\u00f3n, administrar y distribuir facturas. Con una interfaz simple e intuitiva, le permite emitir r\u00e1pidamente facturas directamente desde su tablero de libros. Puede personalizar el dise\u00f1o y el contenido de sus facturas para satisfacer sus necesidades comerciales. Este complemento admite la generaci\u00f3n de facturas autom\u00e1ticas y el env\u00edo, reduciendo el tiempo y el esfuerzo requeridos en la facturaci\u00f3n manual. Tambi\u00e9n le permite rastrear el estado de pago de todas las facturas en tiempo real. El complemento Bookly Factures es una herramienta esencial para las empresas que buscan mejorar su eficiencia y profesionalismo de facturaci\u00f3n. Actualice hoy y experimente los beneficios de la facturaci\u00f3n perfecta.<\/p>\n","protected":false},"featured_media":165518,"comment_status":"open","ping_status":"open","template":"","meta":[],"product_brand":[2339],"product_cat":[1214,1206,1211],"product_tag":[1256],"class_list":{"0":"post-117334","1":"product","2":"type-product","3":"status-publish","4":"has-post-thumbnail","6":"product_brand-codecanyon","7":"product_cat-personalizacion","8":"product_cat-plugins","9":"product_cat-wordpress-plugins","10":"product_tag-codecanyon","11":"member-discount","12":"discount-restricted","14":"first","15":"instock","16":"sale","17":"downloadable","18":"virtual","19":"sold-individually","20":"purchasable","21":"product-type-simple"},"_links":{"self":[{"href":"https:\/\/gpl-love.com\/es\/wp-json\/wp\/v2\/product\/117334","targetHints":{"allow":["GET"]}}],"collection":[{"href":"https:\/\/gpl-love.com\/es\/wp-json\/wp\/v2\/product"}],"about":[{"href":"https:\/\/gpl-love.com\/es\/wp-json\/wp\/v2\/types\/product"}],"replies":[{"embeddable":true,"href":"https:\/\/gpl-love.com\/es\/wp-json\/wp\/v2\/comments?post=117334"}],"wp:featuredmedia":[{"embeddable":true,"href":"https:\/\/gpl-love.com\/es\/wp-json\/wp\/v2\/media\/165518"}],"wp:attachment":[{"href":"https:\/\/gpl-love.com\/es\/wp-json\/wp\/v2\/media?parent=117334"}],"wp:term":[{"taxonomy":"product_brand","embeddable":true,"href":"https:\/\/gpl-love.com\/es\/wp-json\/wp\/v2\/product_brand?post=117334"},{"taxonomy":"product_cat","embeddable":true,"href":"https:\/\/gpl-love.com\/es\/wp-json\/wp\/v2\/product_cat?post=117334"},{"taxonomy":"product_tag","embeddable":true,"href":"https:\/\/gpl-love.com\/es\/wp-json\/wp\/v2\/product_tag?post=117334"}],"curies":[{"name":"wp","href":"https:\/\/api.w.org\/{rel}","templated":true}]}}