{"id":117333,"date":"2025-11-17T00:00:00","date_gmt":"2025-11-17T05:00:00","guid":{"rendered":"https:\/\/gpl-love.com\/es\/?post_type=product&#038;p=117333"},"modified":"2026-03-09T07:21:46","modified_gmt":"2026-03-09T12:21:46","slug":"bookly-waiting-list-addon","status":"publish","type":"product","link":"https:\/\/gpl-love.com\/es\/producto\/bookly-waiting-list-addon\/","title":{"rendered":"Bookly Waiting List Addon 3.7"},"content":{"rendered":"<h3>Bookly Waiting List Addon Caracteristicas<\/h3>\n<p>El complemento de la lista de espera de Bookly, una herramienta notablemente poderosa, atiende las necesidades de las empresas que buscan mantener la participaci\u00f3n del cliente y mantenerlos bien informados. Al incorporar este complemento, las empresas pueden introducir una funci\u00f3n de lista de espera, permitiendo a sus clientes suscribirse convenientemente a sus servicios tan pronto como est\u00e9n disponibles. En consecuencia, las empresas pueden actualizar sin esfuerzo a sus clientes sobre nuevas citas y servicios, mientras que los clientes pueden expresar sin problemas su inter\u00e9s. Gracias a este notable complemento, la frecuencia de las citas de no presentaci\u00f3n puede disminuir significativamente, elevando simult\u00e1neamente la probabilidad de fomentar los negocios repetidos. Adem\u00e1s, el complemento de la lista de espera de Bookly cuenta con un proceso de instalaci\u00f3n y uso sin esfuerzo, por lo que es una opci\u00f3n ideal para mantenerse conectado con los clientes y impulsar el crecimiento empresarial.<\/p>\n<ul>\n<li>Permite a los clientes unirse a una lista de espera cuando las citas est\u00e1n completamente reservadas<\/li>\n<li>Proporciona una notificaci\u00f3n autom\u00e1tica a los clientes cuando las citas est\u00e1n disponibles<\/li>\n<li>Los administradores pueden administrar la lista de espera y agregar manualmente a los clientes a las citas existentes<\/li>\n<li>Plantillas de correo electr\u00f3nico personalizables para notificaciones del cliente<\/li>\n<li>F\u00e1cil integraci\u00f3n en el sistema existente de reserva de citas en Bookly<\/li>\n<li>Producir el proceso de reserva de l\u00ednea y reduce la frustraci\u00f3n del cliente causada por citas no disponibles<\/li>\n<li>Aumenta la participaci\u00f3n y la lealtad del cliente al proporcionar una experiencia personalizada<\/li>\n<li>Ahorra tiempo y recursos para las empresas administrando eficientemente listas de espera y llenando cancelaciones<\/li>\n<\/ul>\n","protected":false},"excerpt":{"rendered":"<p>Administre sus citas de manera eficiente con el complemento de la lista de espera de Bookly. Esta poderosa herramienta le permite crear y administrar una lista de espera para su negocio, asegurando que nunca pierda la oportunidad de servir a sus clientes. Es simple de usar e integra perfectamente con el sistema de reserva de citas Bookly Pro. Con el complemento de la lista de espera de Bookly, puede agregar f\u00e1cilmente a los clientes a una lista de espera cuando su horario est\u00e9 lleno, y completar autom\u00e1ticamente cualquier cancelaci\u00f3n o no shows. Esto reduce el tiempo de inactividad y aumenta la satisfacci\u00f3n del cliente al minimizar los tiempos de espera. Adem\u00e1s, es una excelente manera de administrar la demanda de los clientes y mantener su libreta de citas llena. Entonces, \u00bfpor qu\u00e9 esperar? Mejore la eficiencia de su negocio con el complemento de la lista de espera en libros.<\/p>\n","protected":false},"featured_media":165536,"comment_status":"open","ping_status":"open","template":"","meta":[],"product_brand":[2339],"product_cat":[1214,1206,1211],"product_tag":[1256],"class_list":{"0":"post-117333","1":"product","2":"type-product","3":"status-publish","4":"has-post-thumbnail","6":"product_brand-codecanyon","7":"product_cat-personalizacion","8":"product_cat-plugins","9":"product_cat-wordpress-plugins","10":"product_tag-codecanyon","11":"member-discount","12":"discount-restricted","14":"first","15":"instock","16":"sale","17":"downloadable","18":"virtual","19":"sold-individually","20":"purchasable","21":"product-type-simple"},"_links":{"self":[{"href":"https:\/\/gpl-love.com\/es\/wp-json\/wp\/v2\/product\/117333","targetHints":{"allow":["GET"]}}],"collection":[{"href":"https:\/\/gpl-love.com\/es\/wp-json\/wp\/v2\/product"}],"about":[{"href":"https:\/\/gpl-love.com\/es\/wp-json\/wp\/v2\/types\/product"}],"replies":[{"embeddable":true,"href":"https:\/\/gpl-love.com\/es\/wp-json\/wp\/v2\/comments?post=117333"}],"wp:featuredmedia":[{"embeddable":true,"href":"https:\/\/gpl-love.com\/es\/wp-json\/wp\/v2\/media\/165536"}],"wp:attachment":[{"href":"https:\/\/gpl-love.com\/es\/wp-json\/wp\/v2\/media?parent=117333"}],"wp:term":[{"taxonomy":"product_brand","embeddable":true,"href":"https:\/\/gpl-love.com\/es\/wp-json\/wp\/v2\/product_brand?post=117333"},{"taxonomy":"product_cat","embeddable":true,"href":"https:\/\/gpl-love.com\/es\/wp-json\/wp\/v2\/product_cat?post=117333"},{"taxonomy":"product_tag","embeddable":true,"href":"https:\/\/gpl-love.com\/es\/wp-json\/wp\/v2\/product_tag?post=117333"}],"curies":[{"name":"wp","href":"https:\/\/api.w.org\/{rel}","templated":true}]}}