{"id":117332,"date":"2025-11-17T00:00:00","date_gmt":"2025-11-17T05:00:00","guid":{"rendered":"https:\/\/gpl-love.com\/es\/?post_type=product&#038;p=117332"},"modified":"2026-03-09T07:21:06","modified_gmt":"2026-03-09T12:21:06","slug":"bookly-cart-addon","status":"publish","type":"product","link":"https:\/\/gpl-love.com\/es\/producto\/bookly-cart-addon\/","title":{"rendered":"Bookly Cart Addon 3.4"},"content":{"rendered":"<h3>Bookly Cart Addon Caracteristicas<\/h3>\n<p>El complemento Bookly Cart, una herramienta indispensable para empresas que se dedican a ofrecer servicios de reservas y citas en l\u00ednea, sirve como un instrumento fundamental para facilitar la fusi\u00f3n perfecta de m\u00faltiples servicios en un solo carrito, lo que permite a los clientes finalizar sin esfuerzo sus reservas. Este complemento innovador, caracterizado por su interfaz altamente intuitiva, empodera a los clientes con la capacidad de examinar convenientemente una amplia gama de servicios disponibles, lo que posteriormente les permite seleccionar las opciones m\u00e1s pertinentes antes de continuar con la etapa de pago. Adem\u00e1s, el complemento tambi\u00e9n brinda a las empresas la oportunidad de incentivar a los clientes a trav\u00e9s de la provisi\u00f3n de atractivos descuentos y promociones, fomentando as\u00ed un entorno propicio para la reserva de servicios adicionales. En consecuencia, con la integraci\u00f3n del complemento de carro en libros, las empresas pueden optimizar y optimizar todo su proceso de reserva, culminando en cifras de ventas aumentadas y un nivel mejorado de satisfacci\u00f3n del cliente.<\/p>\n<ul>\n<li>Se integra sin problemas con su sistema de reserva de citas en libros para ofrecer carros de compras personalizados en l\u00ednea para sus clientes<\/li>\n<li>Agiliza el proceso de pago y aumenta las conversiones con detalles de productos personalizables, precios y descuentos<\/li>\n<li>Le permite crear categor\u00edas de productos flexibles y opciones de complemento para ofrecer productos y servicios m\u00e1s personalizados.<\/li>\n<li>Permite integraciones de pago directas con PayPal, Stripe u otros procesadores de pago de su elecci\u00f3n<\/li>\n<li>Proporciona un historial de pedidos detallado e informaci\u00f3n del cliente para un f\u00e1cil seguimiento y estrategias de marketing efectivas<\/li>\n<li>Ahorra tiempo y mejora la satisfacci\u00f3n del cliente con confirmaciones de correo electr\u00f3nico automatizadas y recordatorios para reservas y pedidos<\/li>\n<li>Ofrece una interfaz f\u00e1cil de usar con opciones simples de arrastrar y soltar para la personalizaci\u00f3n de productos y categor\u00edas<\/li>\n<li>Proporciona atenci\u00f3n al cliente confiable e integral y actualizaciones continuas para garantizar una implementaci\u00f3n exitosa y un rendimiento \u00f3ptimo.<\/li>\n<\/ul>\n","protected":false},"excerpt":{"rendered":"<p>El complemento Bookly Cart es una actualizaci\u00f3n esencial para cualquier librer\u00eda en l\u00ednea. Ofrece una experiencia de usuario mejorada, que permite a los clientes seleccionar m\u00faltiples elementos y servicios antes de continuar. Este proceso simplificado y eficiente ahorra tiempo y fomenta pedidos m\u00e1s grandes. El complemento Bookly Cart tambi\u00e9n es f\u00e1cil de integrar con su sitio web existente, por lo que es una adici\u00f3n perfecta a su negocio en l\u00ednea. Con su interfaz f\u00e1cil de usar, este complemento ayuda a mejorar la satisfacci\u00f3n del cliente al proporcionar una experiencia de compra sin esfuerzo. Ya sean libros, libros electr\u00f3nicos o audiolibros, el complemento de carritos de Bookly es su soluci\u00f3n para aumentar las ventas y mejorar la funcionalidad de su librer\u00eda en l\u00ednea.<\/p>\n","protected":false},"featured_media":165506,"comment_status":"open","ping_status":"open","template":"","meta":[],"product_brand":[2339],"product_cat":[1214,1206,1211],"product_tag":[1256],"class_list":{"0":"post-117332","1":"product","2":"type-product","3":"status-publish","4":"has-post-thumbnail","6":"product_brand-codecanyon","7":"product_cat-personalizacion","8":"product_cat-plugins","9":"product_cat-wordpress-plugins","10":"product_tag-codecanyon","11":"member-discount","12":"discount-restricted","14":"first","15":"instock","16":"sale","17":"downloadable","18":"virtual","19":"sold-individually","20":"purchasable","21":"product-type-simple"},"_links":{"self":[{"href":"https:\/\/gpl-love.com\/es\/wp-json\/wp\/v2\/product\/117332","targetHints":{"allow":["GET"]}}],"collection":[{"href":"https:\/\/gpl-love.com\/es\/wp-json\/wp\/v2\/product"}],"about":[{"href":"https:\/\/gpl-love.com\/es\/wp-json\/wp\/v2\/types\/product"}],"replies":[{"embeddable":true,"href":"https:\/\/gpl-love.com\/es\/wp-json\/wp\/v2\/comments?post=117332"}],"wp:featuredmedia":[{"embeddable":true,"href":"https:\/\/gpl-love.com\/es\/wp-json\/wp\/v2\/media\/165506"}],"wp:attachment":[{"href":"https:\/\/gpl-love.com\/es\/wp-json\/wp\/v2\/media?parent=117332"}],"wp:term":[{"taxonomy":"product_brand","embeddable":true,"href":"https:\/\/gpl-love.com\/es\/wp-json\/wp\/v2\/product_brand?post=117332"},{"taxonomy":"product_cat","embeddable":true,"href":"https:\/\/gpl-love.com\/es\/wp-json\/wp\/v2\/product_cat?post=117332"},{"taxonomy":"product_tag","embeddable":true,"href":"https:\/\/gpl-love.com\/es\/wp-json\/wp\/v2\/product_tag?post=117332"}],"curies":[{"name":"wp","href":"https:\/\/api.w.org\/{rel}","templated":true}]}}