{"id":117331,"date":"2025-12-04T00:00:00","date_gmt":"2025-12-04T05:00:00","guid":{"rendered":"https:\/\/gpl-love.com\/es\/?post_type=product&#038;p=117331"},"modified":"2026-03-09T07:21:26","modified_gmt":"2026-03-09T12:21:26","slug":"bookly-multisite-addon","status":"publish","type":"product","link":"https:\/\/gpl-love.com\/es\/producto\/bookly-multisite-addon\/","title":{"rendered":"Bookly Multisite Addon 3.3"},"content":{"rendered":"<h3>Bookly Multisite Addon Caracteristicas<\/h3>\n<p>El complemento MultiSite Bookly, una herramienta altamente indispensable que atiende a las empresas que operan en m\u00faltiples ubicaciones o franquicias, juega un papel fundamental en la facilitaci\u00f3n de operaciones perfectas. Al consolidar todas las citas, el personal y la informaci\u00f3n del cliente en un centro centralizado, este complemento robusto simplifica la ardua tarea de monitorear sus actividades comerciales. Con una variedad de caracter\u00edsticas de vanguardia, como la sincronizaci\u00f3n de citas autom\u00e1ticas en todas las ubicaciones y la capacidad de asignar miembros del personal a sitios espec\u00edficos, el complemento de varios sitios en libros optimiza su proceso de programaci\u00f3n, garantizando que cada cliente reciba un nivel de servicio consistentemente excepcional, independientemente de un servicio. su ubicaci\u00f3n elegida. Adem\u00e1s, la interfaz f\u00e1cil de usar y el dise\u00f1o intuitivo del complemento lo hacen navegable sin esfuerzo y altamente personalizable, lo que le permite adaptarse y satisfacer los requisitos \u00fanicos de su empresa, independientemente de su escala. Ya sea que se encuentre al frente de un negocio a peque\u00f1a escala o en una entidad corporativa en expansi\u00f3n, el complemento de varios sitios en reserva sirve como la soluci\u00f3n por excelencia, lo que le permite administrar efectivamente las citas y impulsar el crecimiento exponencial de su estimado establecimiento.<\/p>\n<ul>\n<li>Permite a los propietarios de WordPress Multisite administrar reservas en m\u00faltiples sitios web<\/li>\n<li>Panel de control centralizado para un f\u00e1cil control y descripci\u00f3n general de todas las reservas<\/li>\n<li>Personalizar la configuraci\u00f3n de reserva por sitio o globalmente en todos los sitios<\/li>\n<li>Permite compartir recursos y personal entre sitios<\/li>\n<li>Integraci\u00f3n con pasarelas de pago populares para transacciones en l\u00ednea sin problemas<\/li>\n<li>Sincronizaci\u00f3n autom\u00e1tica de datos en todos los sitios para evitar cualquier duplicaci\u00f3n de datos o conflicto<\/li>\n<li>Soporte de varios idiomas para audiencias globales<\/li>\n<li>Instalaci\u00f3n f\u00e1cil y proceso de configuraci\u00f3n<\/li>\n<li>Actualizaciones regulares y soporte para mejoras continuas y resoluci\u00f3n de problemas.<\/li>\n<\/ul>\n","protected":false},"excerpt":{"rendered":"<p>El complemento Bookly Multisite es una herramienta innovadora dise\u00f1ada para mejorar sus capacidades de reserva en l\u00ednea en m\u00faltiples sitios. Este complemento permite la programaci\u00f3n simplificada, la gesti\u00f3n de citas y el servicio al cliente. Las caracter\u00edsticas clave de esta herramienta incluyen un calendario de citas integrado, una interfaz de reserva f\u00e1cil de usar y opciones de administraci\u00f3n avanzada. Con el complemento Multisite Bookly, puede administrar reservas de numerosos sitios en una ubicaci\u00f3n centralizada, ahorr\u00e1ndole tiempo y recursos. Tambi\u00e9n ofrece un sistema de notificaci\u00f3n automatizado, asegurando que tanto usted como sus clientes siempre est\u00e9n actualizados con sus citas. Esta herramienta es un activo invaluable para cualquier negocio que busque simplificar y optimizar su proceso de reserva en m\u00faltiples sitios.<\/p>\n","protected":false},"featured_media":165522,"comment_status":"open","ping_status":"open","template":"","meta":[],"product_brand":[2339],"product_cat":[1214,1206,1211],"product_tag":[1256],"class_list":{"0":"post-117331","1":"product","2":"type-product","3":"status-publish","4":"has-post-thumbnail","6":"product_brand-codecanyon","7":"product_cat-personalizacion","8":"product_cat-plugins","9":"product_cat-wordpress-plugins","10":"product_tag-codecanyon","11":"member-discount","12":"discount-restricted","14":"first","15":"instock","16":"sale","17":"downloadable","18":"virtual","19":"sold-individually","20":"purchasable","21":"product-type-simple"},"_links":{"self":[{"href":"https:\/\/gpl-love.com\/es\/wp-json\/wp\/v2\/product\/117331","targetHints":{"allow":["GET"]}}],"collection":[{"href":"https:\/\/gpl-love.com\/es\/wp-json\/wp\/v2\/product"}],"about":[{"href":"https:\/\/gpl-love.com\/es\/wp-json\/wp\/v2\/types\/product"}],"replies":[{"embeddable":true,"href":"https:\/\/gpl-love.com\/es\/wp-json\/wp\/v2\/comments?post=117331"}],"wp:featuredmedia":[{"embeddable":true,"href":"https:\/\/gpl-love.com\/es\/wp-json\/wp\/v2\/media\/165522"}],"wp:attachment":[{"href":"https:\/\/gpl-love.com\/es\/wp-json\/wp\/v2\/media?parent=117331"}],"wp:term":[{"taxonomy":"product_brand","embeddable":true,"href":"https:\/\/gpl-love.com\/es\/wp-json\/wp\/v2\/product_brand?post=117331"},{"taxonomy":"product_cat","embeddable":true,"href":"https:\/\/gpl-love.com\/es\/wp-json\/wp\/v2\/product_cat?post=117331"},{"taxonomy":"product_tag","embeddable":true,"href":"https:\/\/gpl-love.com\/es\/wp-json\/wp\/v2\/product_tag?post=117331"}],"curies":[{"name":"wp","href":"https:\/\/api.w.org\/{rel}","templated":true}]}}