{"id":117329,"date":"2025-11-14T00:00:00","date_gmt":"2025-11-14T05:00:00","guid":{"rendered":"https:\/\/gpl-love.com\/es\/?post_type=product&#038;p=117329"},"modified":"2026-03-09T07:21:37","modified_gmt":"2026-03-09T12:21:37","slug":"bookly-service-extras-addon","status":"publish","type":"product","link":"https:\/\/gpl-love.com\/es\/producto\/bookly-service-extras-addon\/","title":{"rendered":"Bookly Service Extras Addon 6.2"},"content":{"rendered":"<h3>Bookly Service Extras Addon Caracteristicas<\/h3>\n<p>Bookly Service Extras Addon es una herramienta profundamente influyente que ofrece la capacidad conveniente para incorporar sin esfuerzo servicios suplementarios en su sistema de reserva de citas bibliotecal preexistente. En virtud de este complemento, tiene la capacidad de generar y supervisar sin esfuerzo los extras de servicio, incluidos, entre otros, tiempo adicional, materiales o incluso servicios complementarios, que sus estimados clientes tienen el privilegio de incorporar a sus citas programadas. Este complemento, con su naturaleza sin problemas, est\u00e1 magistralmente dise\u00f1ado para amalgamarse armoniosamente con su sistema estometido ya existente, proporcionando as\u00ed una interfaz que es intuitivamente f\u00e1cil de usar e intr\u00ednsecamente comprensible tanto para usted, el proveedor de servicios como para su estimada base de clientes. Es una soluci\u00f3n innovadora, ya sea una peque\u00f1a entidad empresarial o una empresa colosal, que refuerza sin esfuerzo y mejora su sistema de reserva de citas, lo que brinda inequ\u00edvocamente a sus clientes una experiencia incomparable que no es nada menos que superlativo.<\/p>\n<ul>\n<li>Ofrece servicios y opciones adicionales para mejorar su sistema de reservas en Bookly.<\/li>\n<li>Proporciona a sus clientes la capacidad de personalizar sus citas con complementos personalizados.<\/li>\n<li>F\u00e1cil de instalar y usar dentro de su complemento Bookly existente.<\/li>\n<li>Las opciones incluyen tiempo extra, servicios adicionales, pagos en l\u00ednea y m\u00e1s.<\/li>\n<li>Ayuda a aumentar los ingresos al permitir que los clientes realicen reservas m\u00e1s personalizadas.<\/li>\n<li>Proporciona una experiencia profesional y simplificada tanto para usted como para sus clientes.<\/li>\n<\/ul>\n","protected":false},"excerpt":{"rendered":"<p>Aumente la experiencia de su cliente con el complemento de Extras de servicio Bookly. Este complemento mejora su oferta de servicios al permitirle agregar servicios o productos adicionales a una cita. Desde tratamientos de spa adicionales hasta actualizaciones de aceite esencial, este complemento es tan vers\u00e1til como pr\u00e1ctico. Con el complemento de extras de servicio Bookly, puede personalizar f\u00e1cilmente sus servicios para satisfacer las necesidades \u00fanicas de sus clientes. Cree una experiencia m\u00e1s personalizada para sus clientes, aumente su rango de servicio y mejore sus ingresos con este complemento f\u00e1cil de usar. Es hora de llevar su negocio al siguiente nivel con el complemento de Extras de servicio Bookly.<\/p>\n","protected":false},"featured_media":165529,"comment_status":"open","ping_status":"open","template":"","meta":[],"product_brand":[2339],"product_cat":[1214,1206,1211],"product_tag":[1256],"class_list":{"0":"post-117329","1":"product","2":"type-product","3":"status-publish","4":"has-post-thumbnail","6":"product_brand-codecanyon","7":"product_cat-personalizacion","8":"product_cat-plugins","9":"product_cat-wordpress-plugins","10":"product_tag-codecanyon","11":"member-discount","12":"discount-restricted","14":"first","15":"instock","16":"sale","17":"downloadable","18":"virtual","19":"sold-individually","20":"purchasable","21":"product-type-simple"},"_links":{"self":[{"href":"https:\/\/gpl-love.com\/es\/wp-json\/wp\/v2\/product\/117329","targetHints":{"allow":["GET"]}}],"collection":[{"href":"https:\/\/gpl-love.com\/es\/wp-json\/wp\/v2\/product"}],"about":[{"href":"https:\/\/gpl-love.com\/es\/wp-json\/wp\/v2\/types\/product"}],"replies":[{"embeddable":true,"href":"https:\/\/gpl-love.com\/es\/wp-json\/wp\/v2\/comments?post=117329"}],"wp:featuredmedia":[{"embeddable":true,"href":"https:\/\/gpl-love.com\/es\/wp-json\/wp\/v2\/media\/165529"}],"wp:attachment":[{"href":"https:\/\/gpl-love.com\/es\/wp-json\/wp\/v2\/media?parent=117329"}],"wp:term":[{"taxonomy":"product_brand","embeddable":true,"href":"https:\/\/gpl-love.com\/es\/wp-json\/wp\/v2\/product_brand?post=117329"},{"taxonomy":"product_cat","embeddable":true,"href":"https:\/\/gpl-love.com\/es\/wp-json\/wp\/v2\/product_cat?post=117329"},{"taxonomy":"product_tag","embeddable":true,"href":"https:\/\/gpl-love.com\/es\/wp-json\/wp\/v2\/product_tag?post=117329"}],"curies":[{"name":"wp","href":"https:\/\/api.w.org\/{rel}","templated":true}]}}