{"id":117251,"date":"2022-02-06T00:00:00","date_gmt":"2022-02-06T05:00:00","guid":{"rendered":"https:\/\/gpl-love.com\/es\/?post_type=product&#038;p=117251"},"modified":"2026-04-10T11:18:00","modified_gmt":"2026-04-10T16:18:00","slug":"mythemeshop-ecommerce-wordpress-theme","status":"publish","type":"product","link":"https:\/\/gpl-love.com\/es\/producto\/mythemeshop-ecommerce-wordpress-theme\/","title":{"rendered":"MyThemeShop eCommerce WordPress Theme 1.7.13"},"content":{"rendered":"<h3>MyThemeShop eCommerce WordPress Theme Caracteristicas<\/h3>\n<p>Mythemeshop Ecommerce, un tema de WordPress altamente sofisticado, se ha desarrollado meticulosamente para satisfacer las necesidades de las empresas en l\u00ednea. Con un dise\u00f1o elegante y contempor\u00e1neo, este notable tema garantiza una experiencia de usuario perfecta que gu\u00eda sin esfuerzo a los clientes a trav\u00e9s de sus ofertas de productos, lo que les permite realizar compras sin esfuerzo. Lo que distingue a este tema es su amplia gama de opciones de personalizaci\u00f3n, lo que le permite adaptar finamente la est\u00e9tica y la atm\u00f3sfera de su tienda para alinearse con su identidad de marca \u00fanica. Adem\u00e1s, abarca numerosas caracter\u00edsticas estrat\u00e9gicamente dise\u00f1adas para optimizar las ventas, incluido un carrusel de productos cautivador, una opci\u00f3n de vista r\u00e1pida conveniente y una secci\u00f3n de productos relacionados con la atracci\u00f3n. Adem\u00e1s, este tema es totalmente receptivo, asegurando que el atractivo visual de su tienda permanezca intacto en todos los dispositivos, independientemente del tama\u00f1o o el formato de la pantalla. En conclusi\u00f3n, el comercio electr\u00f3nico Mythemeshop se destaca inequ\u00edvocamente como una opci\u00f3n excepcional para aquellos que buscan establecer una tienda en l\u00ednea pulida y altamente funcional en la plataforma de WordPress.<\/p>\n<ul>\n<li>Tema de WordPress de comercio electr\u00f3nico moderno y vers\u00e1til<\/li>\n<li>Dise\u00f1o totalmente receptivo, asegurando una visualizaci\u00f3n \u00f3ptima en todos los dispositivos<\/li>\n<li>Opciones de personalizaci\u00f3n incorporadas para una f\u00e1cil marca y personalizaci\u00f3n<\/li>\n<li>Compatibilidad de WooCommerce para la venta y gesti\u00f3n en l\u00ednea sin problemas<\/li>\n<li>Optimizado para velocidades de carga r\u00e1pidas y optimizaci\u00f3n de motores de b\u00fasqueda (SEO)<\/li>\n<li>M\u00faltiples dise\u00f1os y plantillas para p\u00e1ginas de productos, pago y m\u00e1s<\/li>\n<li>Botones integrados de redes sociales para f\u00e1cil compartir y promoci\u00f3n<\/li>\n<li>Incluidos complementos premium, como WP Review Pro y WP suscriben Pro<\/li>\n<li>Soporte de expertos y documentaci\u00f3n proporcionada por Mythemeshop<\/li>\n<li>Actualizaciones regulares y correcciones de errores para garantizar un rendimiento y seguridad \u00f3ptimos.<\/li>\n<\/ul>\n","protected":false},"excerpt":{"rendered":"<p>El tema Mythemeshop Ecommerce WordPress se presenta como una soluci\u00f3n ideal y \u00f3ptima para las personas en busca de establecer una tienda en l\u00ednea altamente competente y dise\u00f1ada por expertos. Con un dise\u00f1o pr\u00edstino y contempor\u00e1neo, este tema particular facilita sin esfuerzo una experiencia f\u00e1cil de usar, al tiempo que proporciona una plataforma por la cual puede exhibir sin esfuerzo y demostrar su amplia gama de productos de una manera que es elegante y est\u00e9ticamente agradable. Adem\u00e1s, este tema abarca una extensa gama de caracter\u00edsticas, incorporando, entre otros, una p\u00e1gina de inicio personalizable, p\u00e1ginas de productos, p\u00e1ginas de pago y una gran cantidad de atributos adicionales. Independientemente de si uno es un ne\u00f3fito o un programador experimentado, este tema atiende inequ\u00edvocamente todas sus necesidades de comercio electr\u00f3nico de la manera m\u00e1s impecable e integral imaginable.<\/p>\n","protected":false},"featured_media":166898,"comment_status":"open","ping_status":"open","template":"","meta":[],"product_brand":[2505],"product_cat":[1263,1264,1237],"product_tag":[1334],"class_list":{"0":"post-117251","1":"product","2":"type-product","3":"status-publish","4":"has-post-thumbnail","6":"product_brand-my-theme-shop","7":"product_cat-comercio-electronico-temas","8":"product_cat-negocio","9":"product_cat-temas","10":"product_tag-my-theme-shop","11":"member-discount","12":"discount-restricted","14":"first","15":"instock","16":"sale","17":"downloadable","18":"virtual","19":"sold-individually","20":"purchasable","21":"product-type-simple"},"_links":{"self":[{"href":"https:\/\/gpl-love.com\/es\/wp-json\/wp\/v2\/product\/117251","targetHints":{"allow":["GET"]}}],"collection":[{"href":"https:\/\/gpl-love.com\/es\/wp-json\/wp\/v2\/product"}],"about":[{"href":"https:\/\/gpl-love.com\/es\/wp-json\/wp\/v2\/types\/product"}],"replies":[{"embeddable":true,"href":"https:\/\/gpl-love.com\/es\/wp-json\/wp\/v2\/comments?post=117251"}],"wp:featuredmedia":[{"embeddable":true,"href":"https:\/\/gpl-love.com\/es\/wp-json\/wp\/v2\/media\/166898"}],"wp:attachment":[{"href":"https:\/\/gpl-love.com\/es\/wp-json\/wp\/v2\/media?parent=117251"}],"wp:term":[{"taxonomy":"product_brand","embeddable":true,"href":"https:\/\/gpl-love.com\/es\/wp-json\/wp\/v2\/product_brand?post=117251"},{"taxonomy":"product_cat","embeddable":true,"href":"https:\/\/gpl-love.com\/es\/wp-json\/wp\/v2\/product_cat?post=117251"},{"taxonomy":"product_tag","embeddable":true,"href":"https:\/\/gpl-love.com\/es\/wp-json\/wp\/v2\/product_tag?post=117251"}],"curies":[{"name":"wp","href":"https:\/\/api.w.org\/{rel}","templated":true}]}}