{"id":117249,"date":"2024-08-15T00:00:00","date_gmt":"2024-08-15T05:00:00","guid":{"rendered":"https:\/\/gpl-love.com\/es\/?post_type=product&#038;p=117249"},"modified":"2026-03-09T07:29:43","modified_gmt":"2026-03-09T12:29:43","slug":"easy-digital-downloads-stripe-payment-gateway","status":"publish","type":"product","link":"https:\/\/gpl-love.com\/es\/producto\/easy-digital-downloads-stripe-payment-gateway\/","title":{"rendered":"Easy Digital Downloads Stripe Payment Gateway 3.0.2"},"content":{"rendered":"<h3>Easy Digital Downloads Stripe Payment Gateway Caracteristicas<\/h3>\n<p>La pasarela de pago de stripe de descargas digitales f\u00e1ciles, un instrumento extremadamente potente y confiable, ha sido meticulosamente elaborado para facilitar a las empresas que acepten los pagos en l\u00ednea sin problemas. Su integraci\u00f3n con descargas digitales f\u00e1ciles garantiza la m\u00e1xima conveniencia en la gesti\u00f3n de ventas y transacciones de una plataforma centralizada singular. Al aprovechar las capacidades de Stripe, las empresas pueden adoptar una base global de clientes, acomodando diversas monedas y m\u00e9todos de pago. Adem\u00e1s, esta pasarela de pago extiende su apoyo a los pagos recurrentes, lo que permite a las empresas establecer sin esfuerzo servicios basados \u200b\u200ben suscripci\u00f3n. En resumen, la indispensabilidad de las descargas digitales f\u00e1ciles de pasar por la pasarela de pago de Stripe no se puede exagerar, ya que permite a las empresas racionalizar su procesamiento de pagos y aumentar sus flujos de ingresos.<\/p>\n<ul>\n<li>Integraci\u00f3n perfecta con un complemento f\u00e1cil de descargas digitales<\/li>\n<li>Permite a los clientes usar Stripe como opci\u00f3n de pago<\/li>\n<li>Proceso de pago seguro con el sistema de detecci\u00f3n de fraude avanzado de Stripe<\/li>\n<li>Admite todas las principales tarjetas de cr\u00e9dito y d\u00e9bito de todo el mundo<\/li>\n<li>Dise\u00f1o de respuesta m\u00f3vil para una experiencia de pago sin problemas en cualquier dispositivo<\/li>\n<li>Procesamiento de pagos en tiempo real con confirmaci\u00f3n de pago instant\u00e1neo<\/li>\n<li>Capacidad para configurar pagos recurrentes para suscripciones y membres\u00edas<\/li>\n<li>F\u00e1cil de administrar transacciones y reembolsos directamente desde el tablero de descargas digitales f\u00e1ciles<\/li>\n<li>Opci\u00f3n para ahorrar m\u00faltiples cuentas de rayas para procesamiento de pagos flexibles<\/li>\n<li>Equipo de soporte dedicado para ayudar con cualquier problema t\u00e9cnico o pregunta.<\/li>\n<\/ul>\n","protected":false},"excerpt":{"rendered":"<p>Las descargas digitales f\u00e1ciles de pasar por Stripe Payment se presenta como la soluci\u00f3n definitiva para las empresas en l\u00ednea que buscan una pasarela de pago que se integra de manera perfecta y segura en sus operaciones. Este complemento robusto ofrece la oportunidad de incorporar sin esfuerzo Stripe, un procesador de pago muy aclamado y ampliamente confiable, en su sitio web, facilitando as\u00ed una experiencia de pago r\u00e1pida, confiable y f\u00e1cil de usar para sus valiosos clientes. Con una gran cantidad de caracter\u00edsticas ventajosas, como pagos con un solo clic, reembolsos autom\u00e1ticos e informes en tiempo real, la pasarela de pago de rayas de descargas digitales f\u00e1ciles surge como una herramienta indispensable para expandir su negocio y optimizar sus procedimientos de pago.<\/p>\n","protected":false},"featured_media":165889,"comment_status":"open","ping_status":"open","template":"","meta":[],"product_brand":[2427],"product_cat":[1207,1426,1206],"product_tag":[1280],"class_list":{"0":"post-117249","1":"product","2":"type-product","3":"status-publish","4":"has-post-thumbnail","6":"product_brand-easy-digital-downloads","7":"product_cat-comercio-electronico-plugins","8":"product_cat-pago-comercio-electronico-plugins","9":"product_cat-plugins","10":"product_tag-easy-digital-downloads","11":"member-discount","12":"discount-restricted","14":"first","15":"instock","16":"sale","17":"downloadable","18":"virtual","19":"sold-individually","20":"purchasable","21":"product-type-simple"},"_links":{"self":[{"href":"https:\/\/gpl-love.com\/es\/wp-json\/wp\/v2\/product\/117249","targetHints":{"allow":["GET"]}}],"collection":[{"href":"https:\/\/gpl-love.com\/es\/wp-json\/wp\/v2\/product"}],"about":[{"href":"https:\/\/gpl-love.com\/es\/wp-json\/wp\/v2\/types\/product"}],"replies":[{"embeddable":true,"href":"https:\/\/gpl-love.com\/es\/wp-json\/wp\/v2\/comments?post=117249"}],"wp:featuredmedia":[{"embeddable":true,"href":"https:\/\/gpl-love.com\/es\/wp-json\/wp\/v2\/media\/165889"}],"wp:attachment":[{"href":"https:\/\/gpl-love.com\/es\/wp-json\/wp\/v2\/media?parent=117249"}],"wp:term":[{"taxonomy":"product_brand","embeddable":true,"href":"https:\/\/gpl-love.com\/es\/wp-json\/wp\/v2\/product_brand?post=117249"},{"taxonomy":"product_cat","embeddable":true,"href":"https:\/\/gpl-love.com\/es\/wp-json\/wp\/v2\/product_cat?post=117249"},{"taxonomy":"product_tag","embeddable":true,"href":"https:\/\/gpl-love.com\/es\/wp-json\/wp\/v2\/product_tag?post=117249"}],"curies":[{"name":"wp","href":"https:\/\/api.w.org\/{rel}","templated":true}]}}