{"id":117248,"date":"2024-10-29T00:00:00","date_gmt":"2024-10-29T05:00:00","guid":{"rendered":"https:\/\/gpl-love.com\/es\/?post_type=product&#038;p=117248"},"modified":"2026-03-13T17:18:36","modified_gmt":"2026-03-13T22:18:36","slug":"css-igniter-olsen-wordpress-theme","status":"publish","type":"product","link":"https:\/\/gpl-love.com\/es\/producto\/css-igniter-olsen-wordpress-theme\/","title":{"rendered":"CSS Igniter Olsen WordPress Theme 2.8.5"},"content":{"rendered":"<h3>CSS Igniter Olsen WordPress Theme Caracteristicas<\/h3>\n<p>El tema Olsen WordPress, desarrollado por CSS Igniter, es una opci\u00f3n ejemplar para las personas involucradas en la esfera de blogs y publicaciones en l\u00ednea debido a su inherente elegancia y estilidad. Este tema, con un dise\u00f1o limpio y minimalista, junto con su amplia gama de opciones personalizables, presenta a los usuarios una apariencia profesional y una interfaz que es muy propicio para la facilidad de uso. Adem\u00e1s, con su dise\u00f1o receptivo, este tema garantiza que los lectores puedan acceder a la perfecci\u00f3n y examinar su contenido en una amplia gama de dispositivos. Adem\u00e1s, el tema Olsen WordPress abarca una variedad de caracter\u00edsticas poderosas, como widgets personalizados y formatos de publicaci\u00f3n, que facilitan sin esfuerzo la creaci\u00f3n de una presencia en l\u00ednea distinta y cautivadora. Independientemente de si se identifica como blogger, fot\u00f3grafo o propietario de negocios, el tema de Olsen WordPress emerge como una elecci\u00f3n incre\u00edblemente vers\u00e1til que le permite distinguirse de manera efectiva de las masas.<\/p>\n<ul>\n<li>Dise\u00f1o elegante y moderno para sitios web profesionales<\/li>\n<li>Dise\u00f1o totalmente receptivo y amigable para m\u00f3viles<\/li>\n<li>Construido con c\u00f3digo limpio y optimizado para una mayor velocidad y rendimiento<\/li>\n<li>Opciones de personalizaci\u00f3n flexible utilizando el personalizador de WordPress<\/li>\n<li>Opciones de dise\u00f1o de m\u00faltiples p\u00e1ginas de inicio y blog<\/li>\n<li>Widgets personalizados y tipos de publicaciones<\/li>\n<li>Compatible con complementos populares de WordPress, incluidos los formularios de WooCommerce y Gravity<\/li>\n<li>Documentaci\u00f3n integral y apoyo dedicado del equipo CSS Igniter.<\/li>\n<\/ul>\n","protected":false},"excerpt":{"rendered":"<p>El tema CSS Igniter Olsen WordPress es una plataforma rica en funciones y altamente personalizable dise\u00f1ada para bloggers y creadores de contenido. Este tema de WordPress ofrece un dise\u00f1o limpio y minimalista que pone su contenido a la vanguardia, manteniendo a sus lectores comprometidos y regresando por m\u00e1s. El tema tambi\u00e9n est\u00e1 optimizado para los motores de b\u00fasqueda, asegurando que su sitio gane visibilidad e impulse el tr\u00e1fico. El tema Olsen cuenta con una variedad de opciones de dise\u00f1o, lo que le brinda la libertad de dise\u00f1ar su sitio de acuerdo con su visi\u00f3n. Desde esquemas de color y tipograf\u00eda personalizables hasta la integraci\u00f3n de las redes sociales y los widgets personalizados, Olsen permite una experiencia de blogs de blog verdaderamente personalizada. Tambi\u00e9n es totalmente receptivo y amigable con los dispositivos m\u00f3viles, proporcionando una experiencia de navegaci\u00f3n perfecta en cualquier dispositivo. Con el tema Olsen WordPress de CSS Igniter, dar vida a su visi\u00f3n creativa nunca ha sido m\u00e1s f\u00e1cil.<\/p>\n","protected":false},"featured_media":165712,"comment_status":"open","ping_status":"open","template":"","meta":[],"product_brand":[2403],"product_cat":[1245,1237,1238],"product_tag":[2134],"class_list":{"0":"post-117248","1":"product","2":"type-product","3":"status-publish","4":"has-post-thumbnail","6":"product_brand-css-igniter","7":"product_cat-blog-revista","8":"product_cat-temas","9":"product_cat-wordpress-temas","10":"product_tag-css-igniter","11":"member-discount","12":"discount-restricted","14":"first","15":"instock","16":"sale","17":"downloadable","18":"virtual","19":"sold-individually","20":"purchasable","21":"product-type-simple"},"_links":{"self":[{"href":"https:\/\/gpl-love.com\/es\/wp-json\/wp\/v2\/product\/117248","targetHints":{"allow":["GET"]}}],"collection":[{"href":"https:\/\/gpl-love.com\/es\/wp-json\/wp\/v2\/product"}],"about":[{"href":"https:\/\/gpl-love.com\/es\/wp-json\/wp\/v2\/types\/product"}],"replies":[{"embeddable":true,"href":"https:\/\/gpl-love.com\/es\/wp-json\/wp\/v2\/comments?post=117248"}],"wp:featuredmedia":[{"embeddable":true,"href":"https:\/\/gpl-love.com\/es\/wp-json\/wp\/v2\/media\/165712"}],"wp:attachment":[{"href":"https:\/\/gpl-love.com\/es\/wp-json\/wp\/v2\/media?parent=117248"}],"wp:term":[{"taxonomy":"product_brand","embeddable":true,"href":"https:\/\/gpl-love.com\/es\/wp-json\/wp\/v2\/product_brand?post=117248"},{"taxonomy":"product_cat","embeddable":true,"href":"https:\/\/gpl-love.com\/es\/wp-json\/wp\/v2\/product_cat?post=117248"},{"taxonomy":"product_tag","embeddable":true,"href":"https:\/\/gpl-love.com\/es\/wp-json\/wp\/v2\/product_tag?post=117248"}],"curies":[{"name":"wp","href":"https:\/\/api.w.org\/{rel}","templated":true}]}}