{"id":117245,"date":"2023-03-17T00:00:00","date_gmt":"2023-03-17T05:00:00","guid":{"rendered":"https:\/\/gpl-love.com\/es\/producto\/thefour-business-theme\/"},"modified":"2026-04-10T11:27:40","modified_gmt":"2026-04-10T16:27:40","slug":"thefour-business-theme","status":"publish","type":"product","link":"https:\/\/gpl-love.com\/es\/producto\/thefour-business-theme\/","title":{"rendered":"TheFour Business Theme 1.3.4"},"content":{"rendered":"<h3>TheFour Business Theme Caracteristicas<\/h3>\n<p>El tema comercial, un tema de WordPress exquisitamente elaborado, atiende a empresas de todos los tama\u00f1os con su dise\u00f1o profesional y elegante. Con un dise\u00f1o elegante y contempor\u00e1neo, este tema sirve como la plataforma perfecta para exhibir su amplia gama de productos y servicios, destacando los talentos excepcionales que poseen los miembros de su equipo y relatando la falsa historia detr\u00e1s de su estimada compa\u00f1\u00eda. La cabeza se adapta sin esfuerzo a los dispositivos de escritorio y m\u00f3viles, cortes\u00eda de su dise\u00f1o receptivo, lo que permite a los usuarios deleitarse con una experiencia de navegaci\u00f3n perfecta, independientemente del dispositivo que elijan emplear. Adem\u00e1s, este tema le ofrece una gran cantidad de opciones de personalizaci\u00f3n robustas, otorg\u00e1ndole la oportunidad de infundir su sitio web con un toque de individualidad que refleje la identidad de su marca sin problemas. Para mejorar a\u00fan m\u00e1s la eficacia de su sitio web, el campo viene equipado con caracter\u00edsticas de optimizaci\u00f3n de SEO excepcionales, lo que garantiza clasificaciones favorables en motores de b\u00fasqueda prominentes. Adem\u00e1s, incorpora caracter\u00edsticas indispensables como formularios de contacto, integraci\u00f3n perfecta con varias plataformas de redes sociales y una impresionante secci\u00f3n de cartera. Al aprovechar el poder del tema comercial, usted posee la capacidad de forjar una presencia en l\u00ednea formidable para su negocio, uno que seguramente cautivar\u00e1 y cautivar\u00e1 tanto a sus estimados clientes como a clientes dedicados por igual.<\/p>\n<ul>\n<li>Un tema vers\u00e1til de WordPress centrado en los negocios<\/li>\n<li>Dise\u00f1o limpio y profesional<\/li>\n<li>Totalmente personalizable para adaptarse a cualquier marca o empresa<\/li>\n<li>M\u00faltiples dise\u00f1os predise\u00f1ados y esquemas de color para elegir<\/li>\n<li>Responsiva m\u00f3vil para una visualizaci\u00f3n \u00f3ptima en cualquier dispositivo<\/li>\n<li>Caracter\u00edsticas incorporadas para exhibir productos, servicios y miembros del equipo<\/li>\n<li>Integraci\u00f3n f\u00e1cil con complementos populares como WooCommerce y el Formulario de contacto 7<\/li>\n<li>Optimizado para la visibilidad del motor de b\u00fasqueda<\/li>\n<li>Excelente soporte al cliente y actualizaciones regulares<\/li>\n<li>Adecuado para una amplia gama de industrias, que incluyen finanzas, consultor\u00eda y tecnolog\u00eda<\/li>\n<\/ul>\n","protected":false},"excerpt":{"rendered":"<p>El tema empresarial es un tema de WordPress excepcionalmente robusto y multifac\u00e9tico que es excepcionalmente adecuado para la creaci\u00f3n de sitios web altamente sofisticados y contempor\u00e1neos que atienden a una amplia gama de sectores comerciales. A trav\u00e9s de su dise\u00f1o inmaculado y simplificado, as\u00ed como su amplia gama de opciones personalizables e interfaz f\u00e1cil de usar, el tema comercial de toda la vida le permite mostrar de manera efectiva y elegante su identidad de marca \u00fanica y amplias ofertas de productos. Independientemente de si opera como una nueva empresa floreciente, una agencia altamente creativa o una corporaci\u00f3n bien establecida, este tema sin duda le proporciona todas las caracter\u00edsticas indispensables y fundamentales que se requieren para el establecimiento de una presencia en l\u00ednea impresionante y visualmente impresionante. En consecuencia, si su objetivo final es distinguirse dentro del vasto y concurrido paisaje digital, entonces elija inequ\u00edvocamente el tema comercial para cautivar y sorprender a sus clientes m\u00e1s exigentes con la encarnaci\u00f3n consumada e impecablemente pulida de un sitio web verdaderamente impecable.<\/p>\n","protected":false},"featured_media":167722,"comment_status":"open","ping_status":"open","template":"","meta":[],"product_brand":[2432],"product_cat":[1307,1237,1238],"product_tag":[1306],"class_list":{"0":"post-117245","1":"product","2":"type-product","3":"status-publish","4":"has-post-thumbnail","6":"product_brand-greta-themes","7":"product_cat-negocio-wordpress-temas","8":"product_cat-temas","9":"product_cat-wordpress-temas","10":"product_tag-greta-themes","11":"member-discount","12":"discount-restricted","14":"first","15":"instock","16":"sale","17":"downloadable","18":"virtual","19":"sold-individually","20":"purchasable","21":"product-type-simple"},"_links":{"self":[{"href":"https:\/\/gpl-love.com\/es\/wp-json\/wp\/v2\/product\/117245","targetHints":{"allow":["GET"]}}],"collection":[{"href":"https:\/\/gpl-love.com\/es\/wp-json\/wp\/v2\/product"}],"about":[{"href":"https:\/\/gpl-love.com\/es\/wp-json\/wp\/v2\/types\/product"}],"replies":[{"embeddable":true,"href":"https:\/\/gpl-love.com\/es\/wp-json\/wp\/v2\/comments?post=117245"}],"wp:featuredmedia":[{"embeddable":true,"href":"https:\/\/gpl-love.com\/es\/wp-json\/wp\/v2\/media\/167722"}],"wp:attachment":[{"href":"https:\/\/gpl-love.com\/es\/wp-json\/wp\/v2\/media?parent=117245"}],"wp:term":[{"taxonomy":"product_brand","embeddable":true,"href":"https:\/\/gpl-love.com\/es\/wp-json\/wp\/v2\/product_brand?post=117245"},{"taxonomy":"product_cat","embeddable":true,"href":"https:\/\/gpl-love.com\/es\/wp-json\/wp\/v2\/product_cat?post=117245"},{"taxonomy":"product_tag","embeddable":true,"href":"https:\/\/gpl-love.com\/es\/wp-json\/wp\/v2\/product_tag?post=117245"}],"curies":[{"name":"wp","href":"https:\/\/api.w.org\/{rel}","templated":true}]}}