{"id":117243,"date":"2024-02-27T00:00:00","date_gmt":"2024-02-27T05:00:00","guid":{"rendered":"https:\/\/gpl-love.com\/es\/producto\/eightydays-theme\/"},"modified":"2026-03-13T17:19:51","modified_gmt":"2026-03-13T22:19:51","slug":"eightydays-theme","status":"publish","type":"product","link":"https:\/\/gpl-love.com\/es\/producto\/eightydays-theme\/","title":{"rendered":"EightyDays Theme 2.4.6"},"content":{"rendered":"<h3>EightyDays Theme Caracteristicas<\/h3>\n<p>El tema de los ochenta d\u00edas, que es un tema de WordPress espec\u00edfico para blogs de viajes, revistas y sitios web, muestra un notable nivel de estilo y versatilidad. Este tema en particular cuenta con una multitud de opciones de personalizaci\u00f3n, lo que permite a los usuarios dise\u00f1ar una apariencia verdaderamente \u00fanica y personalizada. Adem\u00e1s, su capacidad de respuesta completa garantiza que su contenido seguir\u00e1 siendo cautivador y atractivo visualmente, independientemente del dispositivo desde el que se acceda. Adem\u00e1s, ochenta d\u00edas incorpora una variedad de caracter\u00edsticas convenientes adaptadas para beneficiar a los viajeros, incluida la provisi\u00f3n de mapas personalizados, widgets meteorol\u00f3gicos y controles deslizantes de im\u00e1genes. Ya sea que sea un aventurero ardiente, un blogger de viajes experimentado o simplemente con el objetivo de establecer un sitio web dentro del \u00e1mbito de los viajes, el tema de los ochenta d\u00edas innegablemente surge como una elecci\u00f3n excepcional.<\/p>\n<ul>\n<li>Un tema de WordPress magn\u00edfico y personalizable perfecto para bloggers y fot\u00f3grafos de viajes.<\/li>\n<li>Viene con dise\u00f1os de p\u00e1gina de inicio predise\u00f1ados y m\u00faltiples formatos de publicaci\u00f3n de blog para elegir.<\/li>\n<li>Integrado con las opciones de intercambio de redes sociales y el widget de alimentaci\u00f3n de Instagram para mostrar su fotograf\u00eda de viaje.<\/li>\n<li>Opciones de personalizaci\u00f3n f\u00e1ciles de usar que incluyen paletas de colores personalizadas, opciones de fuente y carga de logotipos.<\/li>\n<li>Dise\u00f1o totalmente receptivo que se ve muy bien en todos los dispositivos.<\/li>\n<li>SEO optimizado para ayudar a su sitio web a clasificar m\u00e1s alto en los motores de b\u00fasqueda.<\/li>\n<li>Incluye la importaci\u00f3n de demostraci\u00f3n de un solo clic para configurar r\u00e1pidamente su sitio web con contenido.<\/li>\n<li>Actualizaciones peri\u00f3dicas y atenci\u00f3n al cliente para garantizar que su sitio web se mantenga actualizado y funcionando sin problemas.<\/li>\n<li>Compatible con complementos populares de WordPress como WooCommerce y MailChimp para una funcionalidad adicional.<\/li>\n<\/ul>\n","protected":false},"excerpt":{"rendered":"<p>El tema de los ochenta d\u00edas, un tema de WordPress excepcionalmente impresionante y contempor\u00e1neo, ha sido meticulosamente elaborado para bloggers, fot\u00f3grafos e individuos de viajes que anhelan exhibir sus notables experiencias de viaje. Con un dise\u00f1o pr\u00edstino y desenfrenado, este tema presenta un exquisito tel\u00f3n de fondo en el que su contenido puede irradiar con un brillantez sin igual. Adem\u00e1s, este tema ofrece una variedad de la p\u00e1gina de inicio predise\u00f1ada y los dise\u00f1os de blog, lo que le brinda la libertad de seleccionar el que se alinea sin problemas con su estilo \u00fanico. En particular, este tema es totalmente receptivo, se adapta sin esfuerzo a diversos dispositivos, asegurando as\u00ed que su audiencia pueda saborear su contenido cautivador independientemente de su paradero. Adem\u00e1s de estas caracter\u00edsticas excepcionales, el tema est\u00e1 juiciosamente optimizado para la optimizaci\u00f3n de motores de b\u00fasqueda (SEO), incorpora widgets personalizados y ofrece opciones de personalizaci\u00f3n de navegaci\u00f3n sin esfuerzo, lo que lo convierte en una selecci\u00f3n ideal para las personas que anhelan establecer un blog de viajes supremamente profesional.<\/p>\n","protected":false},"featured_media":165922,"comment_status":"open","ping_status":"open","template":"","meta":[],"product_brand":[2432],"product_cat":[1245,1237,1238],"product_tag":[1306],"class_list":{"0":"post-117243","1":"product","2":"type-product","3":"status-publish","4":"has-post-thumbnail","6":"product_brand-greta-themes","7":"product_cat-blog-revista","8":"product_cat-temas","9":"product_cat-wordpress-temas","10":"product_tag-greta-themes","11":"member-discount","12":"discount-restricted","14":"first","15":"instock","16":"sale","17":"downloadable","18":"virtual","19":"sold-individually","20":"purchasable","21":"product-type-simple"},"_links":{"self":[{"href":"https:\/\/gpl-love.com\/es\/wp-json\/wp\/v2\/product\/117243","targetHints":{"allow":["GET"]}}],"collection":[{"href":"https:\/\/gpl-love.com\/es\/wp-json\/wp\/v2\/product"}],"about":[{"href":"https:\/\/gpl-love.com\/es\/wp-json\/wp\/v2\/types\/product"}],"replies":[{"embeddable":true,"href":"https:\/\/gpl-love.com\/es\/wp-json\/wp\/v2\/comments?post=117243"}],"wp:featuredmedia":[{"embeddable":true,"href":"https:\/\/gpl-love.com\/es\/wp-json\/wp\/v2\/media\/165922"}],"wp:attachment":[{"href":"https:\/\/gpl-love.com\/es\/wp-json\/wp\/v2\/media?parent=117243"}],"wp:term":[{"taxonomy":"product_brand","embeddable":true,"href":"https:\/\/gpl-love.com\/es\/wp-json\/wp\/v2\/product_brand?post=117243"},{"taxonomy":"product_cat","embeddable":true,"href":"https:\/\/gpl-love.com\/es\/wp-json\/wp\/v2\/product_cat?post=117243"},{"taxonomy":"product_tag","embeddable":true,"href":"https:\/\/gpl-love.com\/es\/wp-json\/wp\/v2\/product_tag?post=117243"}],"curies":[{"name":"wp","href":"https:\/\/api.w.org\/{rel}","templated":true}]}}