{"id":117241,"date":"2024-03-29T00:00:00","date_gmt":"2024-03-29T05:00:00","guid":{"rendered":"https:\/\/gpl-love.com\/es\/producto\/easy-digital-downloads-conditional-success-redirects\/"},"modified":"2026-03-09T07:28:53","modified_gmt":"2026-03-09T12:28:53","slug":"easy-digital-downloads-conditional-success-redirects","status":"publish","type":"product","link":"https:\/\/gpl-love.com\/es\/producto\/easy-digital-downloads-conditional-success-redirects\/","title":{"rendered":"Easy Digital Downloads Conditional Success Redirects 1.2.0"},"content":{"rendered":"<h3>Easy Digital Downloads Conditional Success Redirects Caracteristicas<\/h3>\n<p>Easy Digital Descargas Conditional Success Redirects es una herramienta notablemente poderosa que ofrece una multitud de capacidades, lo que le permite redirigir sin esfuerzo a sus valiosos clientes a p\u00e1ginas o URL espec\u00edficas, todo en funci\u00f3n de su intrincado historial de compras. Al utilizar este complemento fenomenal, obtiene la capacidad de elaborar reglas de redirecci\u00f3n personalizadas y personalizadas para una variedad de diversos productos o categor\u00edas de productos, que sin duda le otorga un control sin igual sobre el vasto e intrincado viaje del cliente. Ya sea que su objetivo es redirigir ingeniosamente a los clientes a una p\u00e1gina de agradecimiento sincero y apreciativa, una p\u00e1gina de destino personalizada exquisitamente dise\u00f1ada o una oferta especial atractiva y exclusiva, descargas digitales f\u00e1ciles de redirecci\u00f3n de \u00e9xito condicional facilita sin problemas la automatizaci\u00f3n y personalizaci\u00f3n de su embudo de ventas. Adem\u00e1s, esta herramienta excepcional cuenta con una interfaz extremadamente f\u00e1cil de usar e intuitiva, junto con un repertorio de opciones navegables sin esfuerzo, en consecuencia, asegurando que pueda embarcarse en este viaje transformador en solo unos minutos, sin un requisito para cualquier compleja codificaci\u00f3n o experiencia t\u00e9cnica. Por lo tanto, si alberga un profundo deseo de mejorar y refinar su estimada experiencia del cliente, al tiempo que aumenta sus ventas florecientes, lo imploro que no pierda tiempo en conocerse con las capacidades extraordinarias de descargas digitales f\u00e1ciles de redirecci\u00f3n condicional sin m\u00e1s.<\/p>\n<ul>\n<li>Le permite redirigir a los clientes a diferentes p\u00e1ginas en funci\u00f3n de su historial de compras<\/li>\n<li>Ofrece opciones de redirecci\u00f3n flexibles, incluida la redirecci\u00f3n a una URL personalizada o una p\u00e1gina espec\u00edfica en su sitio web<\/li>\n<li>Ahorra tiempo automatizando el proceso de redirecci\u00f3n en lugar de redirigir manualmente a los clientes despu\u00e9s de la compra<\/li>\n<li>Proporciona una experiencia de cliente perfecta y personalizada al dirigir a los clientes a p\u00e1ginas relevantes en funci\u00f3n de su historial de compras.<\/li>\n<li>Se integra a la perfecci\u00f3n con descargas digitales f\u00e1ciles, lo que facilita la configuraci\u00f3n y la administraci\u00f3n de redireccionamientos<\/li>\n<li>Ayuda a aumentar las tasas de compromiso y conversi\u00f3n guiando a los clientes a informaci\u00f3n \u00fatil, ofertas o productos en funci\u00f3n de sus intereses y comportamientos.<\/li>\n<\/ul>\n","protected":false},"excerpt":{"rendered":"<p>Actualice su tienda en l\u00ednea con la funci\u00f3n de redireccionamiento de \u00e9xito condicional f\u00e1cil de descargas digitales. Esta poderosa herramienta le permite personalizar las p\u00e1ginas de \u00e9xito a las que sus clientes son redirigidos despu\u00e9s de realizar una compra, seg\u00fan los productos espec\u00edficos que compraron. Esta caracter\u00edstica no solo es f\u00e1cil de usar, sino que mejora la experiencia del cliente al dirigirlos al contenido relevante, como p\u00e1ginas de agradecimiento, ofertas promocionales o recomendaciones de productos, aumentando as\u00ed las posibilidades de repetir negocios. Adem\u00e1s, le proporciona informaci\u00f3n valiosa sobre el comportamiento del cliente, ayud\u00e1ndole a adaptar sus estrategias de marketing de manera m\u00e1s efectiva. Por lo tanto, mejore su tienda de descarga digital hoy con la funci\u00f3n de redirecci\u00f3n de \u00e9xito condicional y haga que cada interacci\u00f3n con el cliente cuente.<\/p>\n","protected":false},"featured_media":165850,"comment_status":"open","ping_status":"open","template":"","meta":[],"product_brand":[2427],"product_cat":[1208,1207,1206],"product_tag":[1280],"class_list":{"0":"post-117241","1":"product","2":"type-product","3":"status-publish","4":"has-post-thumbnail","6":"product_brand-easy-digital-downloads","7":"product_cat-administracion","8":"product_cat-comercio-electronico-plugins","9":"product_cat-plugins","10":"product_tag-easy-digital-downloads","11":"member-discount","12":"discount-restricted","14":"first","15":"instock","16":"sale","17":"downloadable","18":"virtual","19":"sold-individually","20":"purchasable","21":"product-type-simple"},"_links":{"self":[{"href":"https:\/\/gpl-love.com\/es\/wp-json\/wp\/v2\/product\/117241","targetHints":{"allow":["GET"]}}],"collection":[{"href":"https:\/\/gpl-love.com\/es\/wp-json\/wp\/v2\/product"}],"about":[{"href":"https:\/\/gpl-love.com\/es\/wp-json\/wp\/v2\/types\/product"}],"replies":[{"embeddable":true,"href":"https:\/\/gpl-love.com\/es\/wp-json\/wp\/v2\/comments?post=117241"}],"wp:featuredmedia":[{"embeddable":true,"href":"https:\/\/gpl-love.com\/es\/wp-json\/wp\/v2\/media\/165850"}],"wp:attachment":[{"href":"https:\/\/gpl-love.com\/es\/wp-json\/wp\/v2\/media?parent=117241"}],"wp:term":[{"taxonomy":"product_brand","embeddable":true,"href":"https:\/\/gpl-love.com\/es\/wp-json\/wp\/v2\/product_brand?post=117241"},{"taxonomy":"product_cat","embeddable":true,"href":"https:\/\/gpl-love.com\/es\/wp-json\/wp\/v2\/product_cat?post=117241"},{"taxonomy":"product_tag","embeddable":true,"href":"https:\/\/gpl-love.com\/es\/wp-json\/wp\/v2\/product_tag?post=117241"}],"curies":[{"name":"wp","href":"https:\/\/api.w.org\/{rel}","templated":true}]}}