{"id":117239,"date":"2021-02-09T00:00:00","date_gmt":"2021-02-09T05:00:00","guid":{"rendered":"https:\/\/gpl-love.com\/es\/producto\/easy-digital-downloads-clickbank-gateway\/"},"modified":"2026-03-09T07:28:47","modified_gmt":"2026-03-09T12:28:47","slug":"easy-digital-downloads-clickbank-gateway","status":"publish","type":"product","link":"https:\/\/gpl-love.com\/es\/producto\/easy-digital-downloads-clickbank-gateway\/","title":{"rendered":"Easy Digital Downloads ClickBank Gateway 1.3.2"},"content":{"rendered":"<h3>Easy Digital Downloads ClickBank Gateway Caracteristicas<\/h3>\n<p>Las descargas digitales f\u00e1ciles de Gateway de clickbank sirven como una herramienta indispensable para las personas que buscan participar en la venta en l\u00ednea de productos digitales. Al incorporar esta puerta de entrada a su tienda EDD, puede facilitar sin esfuerzo la aceptaci\u00f3n de los pagos de los clientes que abarcan el mundo. Esta puerta de entrada presenta un proceso de configuraci\u00f3n simplificado y sin complicaciones, lo que le permite comenzar r\u00e1pidamente la venta de sus ofertas digitales. Adem\u00e1s, cosechar\u00e1 los beneficios de la extensa gama de caracter\u00edsticas ofrecidas por ClickBank, que abarca la fortificaci\u00f3n contra actividades fraudulentas, monitoreo meticuloso de afiliados y mucho m\u00e1s. Ya sea que tenga una gran experiencia como vendedor o se est\u00e9 embarcando en su viaje empresarial, las descargas digitales f\u00e1ciles de Gateway de clickbank asumen el papel de un activo altamente valioso para la prosperidad de su empresa en l\u00ednea.<\/p>\n<ul>\n<li>La puerta de enlace le permite integrar los pagos de ClickBank en su tienda de descargas digitales f\u00e1ciles.<\/li>\n<li>Los clientes pueden comprar de forma segura productos digitales utilizando su cuenta de clickbank.<\/li>\n<li>La integraci\u00f3n es perfecta y proporciona una experiencia de pago optimizada para los clientes.<\/li>\n<li>La puerta de enlace es totalmente personalizable, lo que le permite realizar cambios en el proceso de pago para satisfacer sus necesidades espec\u00edficas.<\/li>\n<li>Viene con documentaci\u00f3n detallada y soporte para ayudarlo a configurarse r\u00e1pidamente.<\/li>\n<li>Con las descargas digitales f\u00e1ciles de Gateway, puede expandir su base de clientes y aumentar las ventas ofreciendo una opci\u00f3n de pago popular.<\/li>\n<li>La integraci\u00f3n es f\u00e1cil de configurar y no requiere ning\u00fan conocimiento de codificaci\u00f3n.<\/li>\n<\/ul>\n","protected":false},"excerpt":{"rendered":"<p>Experimente una integraci\u00f3n perfecta con las descargas digitales f\u00e1ciles de Gateway de clickbank. Esta notable caracter\u00edstica conecta sin esfuerzo sus productos digitales al estimado ClickBank Marketplace, una plataforma de renombre popular para su vasta biblioteca de productos digitales. Ahora, vender sus descargas digitales como libros electr\u00f3nicos, m\u00fasica, videos y m\u00e1s se vuelve m\u00e1s f\u00e1cil que nunca.<\/p>\n<p>Clickbank Gateway ofrece el beneficio del alcance global, lo que aumenta su base de clientes potenciales exponencialmente. Esta integraci\u00f3n no solo ayuda a vender sus productos, sino que tambi\u00e9n ayuda a rastrear las ventas, proporcionando informaci\u00f3n que ayude a estrategia de estrategia.<\/p>\n<p>La caracter\u00edstica clave de esta puerta de enlace es su naturaleza f\u00e1cil de usar. Puede configurarlo en poco tiempo sin ninguna experiencia t\u00e9cnica. Tambi\u00e9n proporciona una plataforma segura para las transacciones, asegurando la seguridad de sus datos y los de sus clientes.<\/p>\n<p>Por lo tanto, mejore su negocio de productos digitales con descargas digitales f\u00e1ciles de Gateway de clickbank, haciendo que la venta y el seguimiento sean tan f\u00e1cil como un clic.<\/p>\n","protected":false},"featured_media":165845,"comment_status":"open","ping_status":"open","template":"","meta":[],"product_brand":[2427],"product_cat":[1207,1426,1206],"product_tag":[1280],"class_list":{"0":"post-117239","1":"product","2":"type-product","3":"status-publish","4":"has-post-thumbnail","6":"product_brand-easy-digital-downloads","7":"product_cat-comercio-electronico-plugins","8":"product_cat-pago-comercio-electronico-plugins","9":"product_cat-plugins","10":"product_tag-easy-digital-downloads","11":"member-discount","12":"discount-restricted","14":"first","15":"instock","16":"sale","17":"downloadable","18":"virtual","19":"sold-individually","20":"purchasable","21":"product-type-simple"},"_links":{"self":[{"href":"https:\/\/gpl-love.com\/es\/wp-json\/wp\/v2\/product\/117239","targetHints":{"allow":["GET"]}}],"collection":[{"href":"https:\/\/gpl-love.com\/es\/wp-json\/wp\/v2\/product"}],"about":[{"href":"https:\/\/gpl-love.com\/es\/wp-json\/wp\/v2\/types\/product"}],"replies":[{"embeddable":true,"href":"https:\/\/gpl-love.com\/es\/wp-json\/wp\/v2\/comments?post=117239"}],"wp:featuredmedia":[{"embeddable":true,"href":"https:\/\/gpl-love.com\/es\/wp-json\/wp\/v2\/media\/165845"}],"wp:attachment":[{"href":"https:\/\/gpl-love.com\/es\/wp-json\/wp\/v2\/media?parent=117239"}],"wp:term":[{"taxonomy":"product_brand","embeddable":true,"href":"https:\/\/gpl-love.com\/es\/wp-json\/wp\/v2\/product_brand?post=117239"},{"taxonomy":"product_cat","embeddable":true,"href":"https:\/\/gpl-love.com\/es\/wp-json\/wp\/v2\/product_cat?post=117239"},{"taxonomy":"product_tag","embeddable":true,"href":"https:\/\/gpl-love.com\/es\/wp-json\/wp\/v2\/product_tag?post=117239"}],"curies":[{"name":"wp","href":"https:\/\/api.w.org\/{rel}","templated":true}]}}