{"id":117237,"date":"2024-11-29T00:00:00","date_gmt":"2024-11-29T05:00:00","guid":{"rendered":"https:\/\/gpl-love.com\/es\/producto\/easy-digital-downloads-check-payment-gateway\/"},"modified":"2026-03-09T07:28:45","modified_gmt":"2026-03-09T12:28:45","slug":"easy-digital-downloads-check-payment-gateway","status":"publish","type":"product","link":"https:\/\/gpl-love.com\/es\/producto\/easy-digital-downloads-check-payment-gateway\/","title":{"rendered":"Easy Digital Downloads Check Payment Gateway 1.3.5"},"content":{"rendered":"<h3>Easy Digital Downloads Check Payment Gateway Caracteristicas<\/h3>\n<p>La pasarela de pago de cheque de descargas digitales f\u00e1ciles sirve como una soluci\u00f3n de pago altamente eficiente y notablemente conveniente dise\u00f1ada para satisfacer las necesidades de las empresas en l\u00ednea que buscan separarse de los grilletes de los m\u00e9todos de pago convencionales. Esta excepci\u00f3n de la pasarela de pago otorga a los clientes la capacidad de finalizar con \u00e9xito sus transacciones mediante la utilizaci\u00f3n de los pagos de cheques, ofreciendo as\u00ed una alternativa notable a los pagos habituales de la tarjeta de cr\u00e9dito. Mediante esta soluci\u00f3n innovadora, las empresas pueden administrar y supervisar efectivamente sus esfuerzos de procesamiento de pagos, mientras mitigan efectivamente la inminente amenaza de actividades fraudulentas. Sorprendentemente, esta puerta de enlace ha sido intrincadamente dise\u00f1ada de una manera que promueve la mayor facilidad de uso, lo que en \u00faltima instancia permite a los clientes navegar a trav\u00e9s del proceso de finalizaci\u00f3n del pago tanto sin esfuerzo como expedito. La integraci\u00f3n de esta puerta de enlace con descargas digitales f\u00e1ciles se ha ejecutado con costurera incomparable, lo que hace que la ardua tarea de configurar y utilizar esta soluci\u00f3n de pago innovadora como asombrosamente directa. Para resumir, es rotundamente claro que la pasarela de pago de cheques de descargas digitales f\u00e1ciles es una soluci\u00f3n de pago inequ\u00edvocamente confiable y extremadamente segura que ha sido dise\u00f1ada minuciosamente para optimizar los esfuerzos de procesamiento de pagos tanto para empresas como para clientes.<\/p>\n<ul>\n<li>Pagos de cheques de proceso de forma segura para descargas digitales f\u00e1ciles<\/li>\n<li>Acepte los pagos de los clientes que prefieren pagar con cheque<\/li>\n<li>No se registran autom\u00e1ticamente la necesidad de procesamiento manual o los pagos de facturaci\u00f3n<\/li>\n<li>Campos personalizables para la informaci\u00f3n de pago del cheque, como el n\u00famero de cheque y la fecha<\/li>\n<li>Admite pagos parciales y procesamiento de reembolso para pagos de cheques completos<\/li>\n<li>Medidas de protecci\u00f3n de fraude incorporadas para prevenir los pagos de cheques fraudulentos<\/li>\n<li>Process de configuraci\u00f3n simple, instalar y activar el complemento de la pasarela de pago de cheques<\/li>\n<\/ul>\n","protected":false},"excerpt":{"rendered":"<p>La pasarela de pago de cheques de descargas digitales f\u00e1ciles transforma su tienda en l\u00ednea en una plataforma accesible para todos los clientes, incluidos aquellos que prefieren los pagos de cheques tradicionales. Esta soluci\u00f3n de software es totalmente compatible con la plataforma f\u00e1cil de descargas digitales, lo que permite transacciones digitales suaves con pagos de cheques. Sus caracter\u00edsticas clave incluyen una integraci\u00f3n perfecta, un sistema seguro y confiable, y una interfaz f\u00e1cil de usar. Est\u00e1 dise\u00f1ado para ser simple de usar, incluso para aquellos con conocimientos t\u00e9cnicos limitados. Adem\u00e1s, es una excelente manera de expandir su base de clientes atendiendo a aquellos que prefieren pagar con cheque. Con esta pasarela de pago vers\u00e1til, puede ofrecer una experiencia de compra m\u00e1s personalizada, asegurando que todos los clientes puedan disfrutar de sus productos digitales. Disfrute de los beneficios del aumento de la satisfacci\u00f3n del cliente y las ventas potencialmente m\u00e1s altas con la pasarela de pago de cheques de descargas digitales f\u00e1ciles.<\/p>\n","protected":false},"featured_media":165843,"comment_status":"open","ping_status":"open","template":"","meta":[],"product_brand":[2427],"product_cat":[1207,1426,1206],"product_tag":[1280],"class_list":{"0":"post-117237","1":"product","2":"type-product","3":"status-publish","4":"has-post-thumbnail","6":"product_brand-easy-digital-downloads","7":"product_cat-comercio-electronico-plugins","8":"product_cat-pago-comercio-electronico-plugins","9":"product_cat-plugins","10":"product_tag-easy-digital-downloads","11":"member-discount","12":"discount-restricted","14":"first","15":"instock","16":"sale","17":"downloadable","18":"virtual","19":"sold-individually","20":"purchasable","21":"product-type-simple"},"_links":{"self":[{"href":"https:\/\/gpl-love.com\/es\/wp-json\/wp\/v2\/product\/117237","targetHints":{"allow":["GET"]}}],"collection":[{"href":"https:\/\/gpl-love.com\/es\/wp-json\/wp\/v2\/product"}],"about":[{"href":"https:\/\/gpl-love.com\/es\/wp-json\/wp\/v2\/types\/product"}],"replies":[{"embeddable":true,"href":"https:\/\/gpl-love.com\/es\/wp-json\/wp\/v2\/comments?post=117237"}],"wp:featuredmedia":[{"embeddable":true,"href":"https:\/\/gpl-love.com\/es\/wp-json\/wp\/v2\/media\/165843"}],"wp:attachment":[{"href":"https:\/\/gpl-love.com\/es\/wp-json\/wp\/v2\/media?parent=117237"}],"wp:term":[{"taxonomy":"product_brand","embeddable":true,"href":"https:\/\/gpl-love.com\/es\/wp-json\/wp\/v2\/product_brand?post=117237"},{"taxonomy":"product_cat","embeddable":true,"href":"https:\/\/gpl-love.com\/es\/wp-json\/wp\/v2\/product_cat?post=117237"},{"taxonomy":"product_tag","embeddable":true,"href":"https:\/\/gpl-love.com\/es\/wp-json\/wp\/v2\/product_tag?post=117237"}],"curies":[{"name":"wp","href":"https:\/\/api.w.org\/{rel}","templated":true}]}}