{"id":117235,"date":"2025-11-06T00:00:00","date_gmt":"2025-11-06T05:00:00","guid":{"rendered":"https:\/\/gpl-love.com\/es\/producto\/easy-digital-downloads-all-access\/"},"modified":"2026-03-09T07:28:38","modified_gmt":"2026-03-09T12:28:38","slug":"easy-digital-downloads-all-access","status":"publish","type":"product","link":"https:\/\/gpl-love.com\/es\/producto\/easy-digital-downloads-all-access\/","title":{"rendered":"Easy Digital Downloads All Access 1.2.9"},"content":{"rendered":"<h3>Easy Digital Downloads All Access Caracteristicas<\/h3>\n<p>Descargas digitales f\u00e1ciles de acceso es una soluci\u00f3n de gesti\u00f3n de descarga digital muy robusta e inclusiva que ofrece una amplia gama de productos digitales, que abarca m\u00fasica, libros electr\u00f3nicos, software y varios otros activos digitales, para satisfacer las diversas necesidades y preferencias de sus valiosos. clientes. Esta plataforma excepcional no solo le permite supervisar y facilitar sin esfuerzo la venta perfecta de su mercanc\u00eda digital, sino que tambi\u00e9n lo equipa con la capacidad invaluable de monitorear y analizar meticulosamente sus tendencias de ventas y generaci\u00f3n de ingresos. Adem\u00e1s, garantiza la m\u00e1xima satisfacci\u00f3n del cliente al facilitar descargas seguras y expeditas. La excelencia intr\u00ednseca de esta plataforma se acent\u00faa a\u00fan m\u00e1s por su amplia gama de caracter\u00edsticas de vanguardia, que abarca p\u00e1ginas de productos totalmente personalizables, estructuras de precios altamente adaptables e informes de ventas meticulosamente detallados. Ya sea que sea un aspirante a emprendedor con una empresa modesta o un jugador de la industria prominente con un imperio extenso, las descargas digitales f\u00e1ciles de acceso es inequ\u00edvocamente la herramienta por excelencia que no solo optimizar\u00e1 y optimizar\u00e1 sus procesos de gesti\u00f3n de productos digitales, sino que tambi\u00e9n servir\u00e1 como un catalizador instrumental. para el crecimiento y expansi\u00f3n sin precedentes de su estimado negocio.<\/p>\n<ul>\n<li>Acceso a un complemento de descargas digitales f\u00e1ciles<\/li>\n<li>Acceso a complementos y extensiones para descargas digitales f\u00e1ciles<\/li>\n<li>Soporte prioritario y actualizaciones para todos los productos incluidos en el paquete de acceso All<\/li>\n<li>Capacidad para usar en sitios web ilimitados<\/li>\n<li>Compra \u00fanica con actualizaciones y soporte de por vida<\/li>\n<li>Procesamiento de pago seguro y confiable<\/li>\n<li>30 d\u00edas de garant\u00eda de devoluci\u00f3n de dinero<\/li>\n<li>Productos y caracter\u00edsticas mejoradas y mejoradas regularmente<\/li>\n<li>Acceso a lanzamientos beta exclusivos y acceso temprano a nuevos productos<\/li>\n<li>Recursos y documentaci\u00f3n de expertos disponibles para la resoluci\u00f3n de problemas y maximizaci\u00f3n del uso.<\/li>\n<\/ul>\n","protected":false},"excerpt":{"rendered":"<p>Desbloquee el poder de las descargas ilimitadas con descargas digitales f\u00e1ciles de acceso. Este complemento premium ofrece una experiencia de compra perfecta para todos sus productos digitales. Como cliente, puede disfrutar de un acceso ilimitado a nuestra vasta biblioteca digital. Con All Access Pass, puede explorar libremente nuestra colecci\u00f3n diversa de libros electr\u00f3nicos, m\u00fasica, videos, software y mucho m\u00e1s. Este complemento es perfecto para empresas, trabajadores independientes y creativos que desean maximizar sus ventas digitales. Es f\u00e1cil de usar, altamente personalizable y se integra con su configuraci\u00f3n actual de descargas digitales f\u00e1ciles. Experimente la libertad de accesorios y aumente sus descargas digitales hoy.<\/p>\n","protected":false},"featured_media":165838,"comment_status":"open","ping_status":"open","template":"","meta":[],"product_brand":[2427],"product_cat":[1207,1248,1206],"product_tag":[1280],"class_list":{"0":"post-117235","1":"product","2":"type-product","3":"status-publish","4":"has-post-thumbnail","6":"product_brand-easy-digital-downloads","7":"product_cat-comercio-electronico-plugins","8":"product_cat-personalizacion-comercio-electronico-plugins","9":"product_cat-plugins","10":"product_tag-easy-digital-downloads","11":"member-discount","12":"discount-restricted","14":"first","15":"instock","16":"sale","17":"downloadable","18":"virtual","19":"sold-individually","20":"purchasable","21":"product-type-simple"},"_links":{"self":[{"href":"https:\/\/gpl-love.com\/es\/wp-json\/wp\/v2\/product\/117235","targetHints":{"allow":["GET"]}}],"collection":[{"href":"https:\/\/gpl-love.com\/es\/wp-json\/wp\/v2\/product"}],"about":[{"href":"https:\/\/gpl-love.com\/es\/wp-json\/wp\/v2\/types\/product"}],"replies":[{"embeddable":true,"href":"https:\/\/gpl-love.com\/es\/wp-json\/wp\/v2\/comments?post=117235"}],"wp:featuredmedia":[{"embeddable":true,"href":"https:\/\/gpl-love.com\/es\/wp-json\/wp\/v2\/media\/165838"}],"wp:attachment":[{"href":"https:\/\/gpl-love.com\/es\/wp-json\/wp\/v2\/media?parent=117235"}],"wp:term":[{"taxonomy":"product_brand","embeddable":true,"href":"https:\/\/gpl-love.com\/es\/wp-json\/wp\/v2\/product_brand?post=117235"},{"taxonomy":"product_cat","embeddable":true,"href":"https:\/\/gpl-love.com\/es\/wp-json\/wp\/v2\/product_cat?post=117235"},{"taxonomy":"product_tag","embeddable":true,"href":"https:\/\/gpl-love.com\/es\/wp-json\/wp\/v2\/product_tag?post=117235"}],"curies":[{"name":"wp","href":"https:\/\/api.w.org\/{rel}","templated":true}]}}