{"id":117233,"date":"2025-12-28T00:00:00","date_gmt":"2025-12-28T05:00:00","guid":{"rendered":"https:\/\/gpl-love.com\/es\/producto\/easy-digital-downloads-2checkout-payment-gateway\/"},"modified":"2026-03-09T07:28:33","modified_gmt":"2026-03-09T12:28:33","slug":"easy-digital-downloads-2checkout-payment-gateway","status":"publish","type":"product","link":"https:\/\/gpl-love.com\/es\/producto\/easy-digital-downloads-2checkout-payment-gateway\/","title":{"rendered":"Easy Digital Downloads 2Checkout Payment Gateway 2.0.1"},"content":{"rendered":"<h3>Easy Digital Downloads 2Checkout Payment Gateway Caracteristicas<\/h3>\n<p>La pasarela de pago de 2 checkeckout descargas digitales f\u00e1ciles es una pasarela de pago altamente eficiente y f\u00e1cil de usar. Est\u00e1 equipado con una amplia gama de caracter\u00edsticas que no solo garantizan transacciones en l\u00ednea r\u00e1pidas y seguras para productos digitales, sino que tambi\u00e9n ofrecen una variedad de opciones para mejorar la experiencia de compra general. Integr\u00e1ndose a la perfecci\u00f3n con dos de las plataformas de comercio electr\u00f3nico m\u00e1s utilizadas, WordPress y descargas digitales f\u00e1ciles, este complemento permite a los clientes comprar productos convenientemente utilizando varios m\u00e9todos de pago, como tarjetas de cr\u00e9dito, tarjetas de d\u00e9bito y PayPal. Adem\u00e1s, el complemento cuenta con un proceso de pago altamente personalizable, lo que le permite adaptarlo de acuerdo con sus requisitos espec\u00edficos. Adem\u00e1s de esto, proporciona informes en tiempo real, medidas de prevenci\u00f3n de fraude y atenci\u00f3n al cliente confiable, todo lo cual contribuye a una experiencia de compra sin problemas tanto para usted como para sus clientes. Al utilizar la pasarela de pago de 2 checkeckout descargas digitales f\u00e1ciles, puede optimizar de manera efectiva sus transacciones en l\u00ednea, aumentar sus ingresos y garantizar un proceso de pago sin problemas para sus valiosos clientes.<\/p>\n<ul>\n<li>Permite a los usuarios aceptar pagos a trav\u00e9s de la pasarela de pago de 2 checkout.<\/li>\n<li>Admite pagos con tarjeta de cr\u00e9dito junto con otros m\u00e9todos de pago como PayPal, Apple Pay y m\u00e1s.<\/li>\n<li>Asegura un pago seguro y sin problemas a trav\u00e9s de su avanzada protecci\u00f3n de fraude y herramientas de gesti\u00f3n de riesgos.<\/li>\n<li>Ofrece planes y opciones de precios flexibles para satisfacer las necesidades comerciales del usuario.<\/li>\n<li>Proporciona informes y an\u00e1lisis detallados para ayudar a rastrear las ventas, los ingresos, los reembolsos y m\u00e1s.<\/li>\n<li>Se integra f\u00e1cilmente con descargas digitales f\u00e1ciles, proporcionando un proceso de configuraci\u00f3n sin problemas.<\/li>\n<li>Permite un procesamiento de reembolso f\u00e1cil, devoluciones de cargo y gesti\u00f3n de suscripci\u00f3n.<\/li>\n<li>Ofrece soporte de varios idiomas y es compatible con varias monedas.<\/li>\n<li>Proporciona una excelente atenci\u00f3n al cliente y documentaci\u00f3n para los usuarios.<\/li>\n<\/ul>\n","protected":false},"excerpt":{"rendered":"<p>Descubra la integraci\u00f3n perfecta de la pasarela de pago de 2 checkeckout descargas digitales f\u00e1ciles, es imprescindible para cualquier tienda en l\u00ednea. Este poderoso complemento le permite aceptar pagos globales de una manera segura y sin problemas, proporcionando a sus clientes una experiencia de pago sin problemas. Con esta pasarela de pago de 2 checkout, puede aceptar pagos de m\u00e1s de 200 pa\u00edses, en 87 monedas y 15 idiomas, lo que hace que su tienda en l\u00ednea sea realmente global. Adem\u00e1s, admite pagos recurrentes para administrar suscripciones de manera eficiente. Tambi\u00e9n se jacta de protecci\u00f3n avanzada de fraude, manteniendo a su negocio y a los clientes a salvo de las amenazas en l\u00ednea. Actualice sus descargas digitales f\u00e1ciles con la pasarela de pago de 2 checkout y proporcione una experiencia de compra confiable y f\u00e1cil de usar a sus clientes.<\/p>\n","protected":false},"featured_media":165834,"comment_status":"open","ping_status":"open","template":"","meta":[],"product_brand":[2427],"product_cat":[1207,1426,1206],"product_tag":[1280],"class_list":{"0":"post-117233","1":"product","2":"type-product","3":"status-publish","4":"has-post-thumbnail","6":"product_brand-easy-digital-downloads","7":"product_cat-comercio-electronico-plugins","8":"product_cat-pago-comercio-electronico-plugins","9":"product_cat-plugins","10":"product_tag-easy-digital-downloads","11":"member-discount","12":"discount-restricted","14":"first","15":"instock","16":"sale","17":"downloadable","18":"virtual","19":"sold-individually","20":"purchasable","21":"product-type-simple"},"_links":{"self":[{"href":"https:\/\/gpl-love.com\/es\/wp-json\/wp\/v2\/product\/117233","targetHints":{"allow":["GET"]}}],"collection":[{"href":"https:\/\/gpl-love.com\/es\/wp-json\/wp\/v2\/product"}],"about":[{"href":"https:\/\/gpl-love.com\/es\/wp-json\/wp\/v2\/types\/product"}],"replies":[{"embeddable":true,"href":"https:\/\/gpl-love.com\/es\/wp-json\/wp\/v2\/comments?post=117233"}],"wp:featuredmedia":[{"embeddable":true,"href":"https:\/\/gpl-love.com\/es\/wp-json\/wp\/v2\/media\/165834"}],"wp:attachment":[{"href":"https:\/\/gpl-love.com\/es\/wp-json\/wp\/v2\/media?parent=117233"}],"wp:term":[{"taxonomy":"product_brand","embeddable":true,"href":"https:\/\/gpl-love.com\/es\/wp-json\/wp\/v2\/product_brand?post=117233"},{"taxonomy":"product_cat","embeddable":true,"href":"https:\/\/gpl-love.com\/es\/wp-json\/wp\/v2\/product_cat?post=117233"},{"taxonomy":"product_tag","embeddable":true,"href":"https:\/\/gpl-love.com\/es\/wp-json\/wp\/v2\/product_tag?post=117233"}],"curies":[{"name":"wp","href":"https:\/\/api.w.org\/{rel}","templated":true}]}}