{"id":117231,"date":"2026-03-13T00:00:00","date_gmt":"2026-03-13T05:00:00","guid":{"rendered":"https:\/\/gpl-love.com\/es\/producto\/dynamic-content-para-elementor\/"},"modified":"2026-04-02T05:15:24","modified_gmt":"2026-04-02T10:15:24","slug":"dynamic-content-para-elementor","status":"publish","type":"product","link":"https:\/\/gpl-love.com\/es\/producto\/dynamic-content-para-elementor\/","title":{"rendered":"Dynamic Content para Elementor 3.4.7"},"content":{"rendered":"<h3>Dynamic Content para Elementor Caracteristicas<\/h3>\n<p>El contenido din\u00e1mico para Elementor es un complemento incre\u00edblemente robusto que ofrece una multitud de caracter\u00edsticas, lo que le permite crear sitios web personalizados y cautivadores sin esfuerzo. Sus capacidades sofisticadas, combinadas con su interfaz f\u00e1cil de usar, le otorgan la capacidad de generar contenido din\u00e1mico sin esfuerzo que se adapte en funci\u00f3n del comportamiento del usuario, la demograf\u00eda y varios otros criterios. El complemento optimiza el proceso de creaci\u00f3n de campos personalizados, elaboraci\u00f3n de contenido din\u00e1mico que corresponde a la entrada del usuario y exhibiendo material personalizado para los visitantes de su sitio. Adem\u00e1s, le proporciona los medios para establecer plantillas din\u00e1micas para sus p\u00e1ginas y publicaciones, asegurando que su sitio web permanezca constantemente actual y pertinente para su p\u00fablico objetivo. Independientemente de si usted es un dise\u00f1ador web, vendedor o propietario de negocios, el contenido din\u00e1mico para el elemento es una herramienta indispensable para construir sitios web que son altamente efectivos para convertir clientes potenciales y genuinamente atractivos.<\/p>\n<ul>\n<li>Potente complemento de complementos para Elementor Page Builder<\/li>\n<li>Permite pantallas din\u00e1micas de contenido en su sitio web<\/li>\n<li>Ofrece amplias opciones de personalizaci\u00f3n para su contenido din\u00e1mico<\/li>\n<li>El contenido din\u00e1mico puede incluir publicaciones, p\u00e1ginas, tipos de publicaciones personalizadas, productos de WooCommerce y m\u00e1s<\/li>\n<li>Compatible con la mayor\u00eda de los temas de WordPress<\/li>\n<li>Ofrece una interfaz f\u00e1cil de usar para una f\u00e1cil administraci\u00f3n de contenido<\/li>\n<li>Se puede usar para crear plantillas de tipo de publicaci\u00f3n personalizadas avanzadas<\/li>\n<li>Le permite crear plantillas de archivo din\u00e1micas<\/li>\n<li>Proporciona una gama de widgets y c\u00f3digos cortos para mejorar la funcionalidad de su sitio web<\/li>\n<li>Ofrece caracter\u00edsticas premium, que incluyen integraciones de campo personalizadas, cambio de tama\u00f1o de imagen din\u00e1mica y capacidades de b\u00fasqueda avanzada.<\/li>\n<\/ul>\n","protected":false},"excerpt":{"rendered":"<p>Experimente un sitio web m\u00e1s vibrante, atractivo e interactivo con contenido din\u00e1mico para Elementor. Esta poderosa herramienta le permite dise\u00f1ar y personalizar cada p\u00e1gina de su sitio web, desde encabezados y pies de p\u00e1gina hasta publicaciones individuales y plantillas globales. Est\u00e1 lleno de caracter\u00edsticas valiosas como visibilidad din\u00e1mica, impresi\u00f3n condicional y seguimiento de eventos personalizados. Esta herramienta vers\u00e1til no solo mejora el atractivo est\u00e9tico de su sitio web, sino que tambi\u00e9n mejora su rendimiento y funcionalidad. Con contenido din\u00e1mico para Elementor, puede crear f\u00e1cilmente un sitio web personalizado, profesional y altamente receptivo que atraiga e involucre a los visitantes. Aproveche el poder del elemento y lleve sus habilidades de dise\u00f1o web a nuevas alturas.<\/p>\n","protected":false},"featured_media":165832,"comment_status":"open","ping_status":"open","template":"","meta":[],"product_brand":[2426],"product_cat":[1214,1206,1211],"product_tag":[2299],"class_list":{"0":"post-117231","1":"product","2":"type-product","3":"status-publish","4":"has-post-thumbnail","6":"product_brand-dynamic","7":"product_cat-personalizacion","8":"product_cat-plugins","9":"product_cat-wordpress-plugins","10":"product_tag-dynamic","11":"member-discount","12":"discount-restricted","14":"first","15":"instock","16":"sale","17":"downloadable","18":"virtual","19":"sold-individually","20":"purchasable","21":"product-type-simple"},"_links":{"self":[{"href":"https:\/\/gpl-love.com\/es\/wp-json\/wp\/v2\/product\/117231","targetHints":{"allow":["GET"]}}],"collection":[{"href":"https:\/\/gpl-love.com\/es\/wp-json\/wp\/v2\/product"}],"about":[{"href":"https:\/\/gpl-love.com\/es\/wp-json\/wp\/v2\/types\/product"}],"replies":[{"embeddable":true,"href":"https:\/\/gpl-love.com\/es\/wp-json\/wp\/v2\/comments?post=117231"}],"wp:featuredmedia":[{"embeddable":true,"href":"https:\/\/gpl-love.com\/es\/wp-json\/wp\/v2\/media\/165832"}],"wp:attachment":[{"href":"https:\/\/gpl-love.com\/es\/wp-json\/wp\/v2\/media?parent=117231"}],"wp:term":[{"taxonomy":"product_brand","embeddable":true,"href":"https:\/\/gpl-love.com\/es\/wp-json\/wp\/v2\/product_brand?post=117231"},{"taxonomy":"product_cat","embeddable":true,"href":"https:\/\/gpl-love.com\/es\/wp-json\/wp\/v2\/product_cat?post=117231"},{"taxonomy":"product_tag","embeddable":true,"href":"https:\/\/gpl-love.com\/es\/wp-json\/wp\/v2\/product_tag?post=117231"}],"curies":[{"name":"wp","href":"https:\/\/api.w.org\/{rel}","templated":true}]}}