{"id":117229,"date":"2026-04-16T00:00:00","date_gmt":"2026-04-16T05:00:00","guid":{"rendered":"https:\/\/gpl-love.com\/es\/producto\/duplicator-pro\/"},"modified":"2026-04-16T17:15:40","modified_gmt":"2026-04-16T22:15:40","slug":"duplicator-pro","status":"publish","type":"product","link":"https:\/\/gpl-love.com\/es\/producto\/duplicator-pro\/","title":{"rendered":"Duplicator Pro 4.5.25.3"},"content":{"rendered":"<h3>Duplicator Pro Caracteristicas<\/h3>\n<p>Dupplicator Pro es una herramienta incre\u00edblemente robusta y formidable que ha sido meticulosamente dise\u00f1ada para simplificar en gran medida el proceso de duplicar y migrar sitios de WordPress. Al contar una extensa gama de caracter\u00edsticas impresionantes, como la copia de seguridad de un solo clic, altamente conveniente, las copias de seguridad programadas meticulosamente cronometradas y la capacidad de almacenar datos en el almacenamiento en la nube, los usuarios tienen la invaluable oportunidad de transferir de forma segura sus apreciados sitios a varios proveedores de alojamiento o servidores con notable facilidad y eficiencia. Adem\u00e1s, el duplicador protagoniza genuinamente a trav\u00e9s de su provisi\u00f3n de opciones avanzadas para la personalizaci\u00f3n, incluidas las copias de seguridad selectivas tremendas y los filtros completos para varios tipos de archivos, lo que lo hace asombrosamente vers\u00e1til y complaciente para un amplio espectro de sitios distintos de Wordpress. Adem\u00e1s, la interfaz asombrosamente intuitiva y el dise\u00f1o general de duplicadores de duplicadores contribuyen indudablemente a su incre\u00edble accesibilidad, asegurando as\u00ed que los usuarios de todos los niveles de especializaci\u00f3n puedan navegar a trav\u00e9s de sus numerosas caracter\u00edsticas y funcionalidades sin encontrar complicaciones o dificultades innecesarias. En consecuencia, no sorprende que Duplicator Pro haya surgido como una opci\u00f3n excepcionalmente deseable tanto para los desarrolladores de WordPress como para los propietarios de sitios web, dada su eficiencia incomparable y su conveniencia incomparable.<\/p>\n<ul>\n<li>Dispositivo plug-and-play f\u00e1cil de usar para duplicar las se\u00f1ales de entrada<\/li>\n<li>Admite varias fuentes de entrada como HDMI, VGA, DVI y Displayport<\/li>\n<li>\u00bfPueden duplicar las se\u00f1ales de entrada a m\u00faltiples pantallas de salida simult\u00e1neamente?<\/li>\n<li>Resoluci\u00f3n de video de alta calidad hasta 4K a 60Hz<\/li>\n<li>Compatible con diferentes dispositivos de pantalla, incluidos televisores, monitores y proyectores<\/li>\n<li>Dise\u00f1o compacto y elegante para una f\u00e1cil portabilidad e instalaci\u00f3n<\/li>\n<li>Ofrece transmisi\u00f3n de se\u00f1al confiable y estable para reducir el retraso o el retraso<\/li>\n<li>Ideal para diversas aplicaciones, como presentaciones, se\u00f1alizaci\u00f3n digital, juegos y entretenimiento.<\/li>\n<li>Viene con una interfaz f\u00e1cil de usar para control y configuraci\u00f3n sin problemas<\/li>\n<li>Ofrece caracter\u00edsticas avanzadas como extracci\u00f3n de audio y gesti\u00f3n de edid<\/li>\n<li>Proporciona protecci\u00f3n incorporada para evitar la p\u00e9rdida o degradaci\u00f3n de la se\u00f1al durante la transmisi\u00f3n<\/li>\n<li>Admite la cascada y la cadena de margaritas de m\u00faltiples unidades para una distribuci\u00f3n de se\u00f1al extensa.<\/li>\n<\/ul>\n","protected":false},"excerpt":{"rendered":"<p>Avance con Duplicator Pro, una herramienta eficiente dise\u00f1ada para simplificar las tareas de gesti\u00f3n de su sitio web. No es necesario comenzar desde cero cada vez: Duplicator Pro le permite clonar, hacer copias de seguridad y transferir sus sitios web de WordPress. Ya sea que sea un desarrollador web profesional o un principiante, la interfaz intuitiva de esta herramienta garantiza una experiencia de usuario perfecta. Disfrute de los beneficios de las caracter\u00edsticas que ahorran el tiempo como la creaci\u00f3n autom\u00e1tica de bases de datos y las f\u00e1ciles sobrescrituras del sitio. Con Duplicator Pro, tambi\u00e9n puede administrar sus copias de seguridad de forma remota, d\u00e1ndole la flexibilidad de trabajar donde sea que est\u00e9. Ahora, configurar nuevos sitios y recuperarse de los bloqueos del servidor se convierte en una brisa. Invierta en Duplicator Pro y lleve el desarrollo de su sitio web al siguiente nivel.<\/p>\n","protected":false},"featured_media":165829,"comment_status":"open","ping_status":"open","template":"","meta":[],"product_brand":[2425],"product_cat":[1212,1206,1211],"product_tag":[1376],"class_list":{"0":"post-117229","1":"product","2":"type-product","3":"status-publish","4":"has-post-thumbnail","6":"product_brand-snapcreek","7":"product_cat-administracion-wordpress-plugins","8":"product_cat-plugins","9":"product_cat-wordpress-plugins","10":"product_tag-snapcreek","11":"member-discount","12":"discount-restricted","14":"first","15":"instock","16":"sale","17":"downloadable","18":"virtual","19":"sold-individually","20":"purchasable","21":"product-type-simple"},"_links":{"self":[{"href":"https:\/\/gpl-love.com\/es\/wp-json\/wp\/v2\/product\/117229","targetHints":{"allow":["GET"]}}],"collection":[{"href":"https:\/\/gpl-love.com\/es\/wp-json\/wp\/v2\/product"}],"about":[{"href":"https:\/\/gpl-love.com\/es\/wp-json\/wp\/v2\/types\/product"}],"replies":[{"embeddable":true,"href":"https:\/\/gpl-love.com\/es\/wp-json\/wp\/v2\/comments?post=117229"}],"wp:featuredmedia":[{"embeddable":true,"href":"https:\/\/gpl-love.com\/es\/wp-json\/wp\/v2\/media\/165829"}],"wp:attachment":[{"href":"https:\/\/gpl-love.com\/es\/wp-json\/wp\/v2\/media?parent=117229"}],"wp:term":[{"taxonomy":"product_brand","embeddable":true,"href":"https:\/\/gpl-love.com\/es\/wp-json\/wp\/v2\/product_brand?post=117229"},{"taxonomy":"product_cat","embeddable":true,"href":"https:\/\/gpl-love.com\/es\/wp-json\/wp\/v2\/product_cat?post=117229"},{"taxonomy":"product_tag","embeddable":true,"href":"https:\/\/gpl-love.com\/es\/wp-json\/wp\/v2\/product_tag?post=117229"}],"curies":[{"name":"wp","href":"https:\/\/api.w.org\/{rel}","templated":true}]}}